{"id":30,"date":"2023-08-18T18:57:44","date_gmt":"2023-08-18T16:57:44","guid":{"rendered":"https:\/\/menoffootball.com\/?page_id=30"},"modified":"2023-08-18T19:16:52","modified_gmt":"2023-08-18T17:16:52","slug":"contact","status":"publish","type":"page","link":"https:\/\/menoffootball.com\/br\/contact\/","title":{"rendered":"Contato"},"content":{"rendered":"<div class=\"aex-wrapper\">\n<div class=\"aex-box special-post\">\n<p class=\"aex-p-cat-intro\"><strong>\u00abHomens do Futebol | Est\u00e9tica do Jogador\u00bb<\/strong> fica feliz com qualquer tipo de not\u00edcia.<br \/>\n\t\tVoc\u00ea \u00e9 muito bem-vindo para expressar elogios e cr\u00edticas aqui e para entrar em contato com a \u00abHomens do Futebol\u00bb.<\/p>\n<p class=\"aex-p-cat-intro-sub\">Homens do Futebol \u00e9 um projeto da <a href=\"https:\/\/aexraex.com\/br\/\" target=\"_blank\" title=\"Aexraex | Cria\u00e7\u00e3o de Conte\u00fado Digital\" rel=\"noopener\">Aexraex<\/a>.<br \/>\n\t\tPara esse conceito de arte, a Homens do Futebol trabalha em conjunto com <a href=\"https:\/\/menoffootball.com\/br\/resources-photographers-and-football-players\/\" target=\"_self\" title=\"Todos os jogadores de futebol e fot\u00f3grafos\">jogadores de futebol profissionais e fot\u00f3grafos<\/a>.<br \/>\n\t\tPor fim, a Aexraex trabalha com a est\u00e9tica especial do respectivo jogador e a visualiza de forma art\u00edstica.<\/p>\n<\/p><\/div>\n<div class=\"blank80\"><\/div>\n<div class=\"aex-box\">\n\t\t<!-- MetaSlider 1225 not found -->\n\t<\/div>\n<div class=\"blank100\"><\/div>\n<div class=\"aex-box special-post\">\n<h3 data-aos=\"flip-right\" data-aos-duration=\"2000\">Contato \u00abHomens do Futebol\u00bb<\/h3>\n<p>Escreva sua mensagem aqui.<br \/>\n\t\t\u00abHomens do Futebol\u00bb lhe responder\u00e1 o mais r\u00e1pido poss\u00edvel.<\/p>\n<div class=\"blank100\"><\/div>\n<p>\t\t[contact-form-7 id=&#8221;c712eec&#8221; title=&#8221;Kontakt BR&#8221;]\n\t<\/p><\/div>\n<\/div>\n","protected":false},"excerpt":{"rendered":"<p>\u00abHomens do Futebol | Est\u00e9tica do Jogador\u00bb fica feliz com qualquer tipo de not\u00edcia. Voc\u00ea \u00e9 muito bem-vindo para expressar elogios e cr\u00edticas aqui e para entrar em contato com a \u00abHomens do Futebol\u00bb. Homens do Futebol \u00e9 um projeto da Aexraex. Para esse conceito de arte, a Homens do Futebol trabalha em conjunto com [&hellip;]<\/p>\n","protected":false},"author":1,"featured_media":0,"parent":0,"menu_order":0,"comment_status":"closed","ping_status":"closed","template":"","meta":{"footnotes":""},"class_list":["post-30","page","type-page","status-publish","hentry"],"translation":{"provider":"WPGlobus","version":"3.0.2","language":"br","enabled_languages":["de","tr","en","es","br","fr","it","ar","ru","zh","ko","hi","ja"],"languages":{"de":{"title":true,"content":true,"excerpt":false},"tr":{"title":true,"content":true,"excerpt":false},"en":{"title":true,"content":true,"excerpt":false},"es":{"title":true,"content":true,"excerpt":false},"br":{"title":true,"content":true,"excerpt":false},"fr":{"title":true,"content":true,"excerpt":false},"it":{"title":true,"content":true,"excerpt":false},"ar":{"title":true,"content":true,"excerpt":false},"ru":{"title":true,"content":true,"excerpt":false},"zh":{"title":true,"content":true,"excerpt":false},"ko":{"title":true,"content":true,"excerpt":false},"hi":{"title":true,"content":true,"excerpt":false},"ja":{"title":true,"content":true,"excerpt":false}}},"_links":{"self":[{"href":"https:\/\/menoffootball.com\/br\/wp-json\/wp\/v2\/pages\/30","targetHints":{"allow":["GET"]}}],"collection":[{"href":"https:\/\/menoffootball.com\/br\/wp-json\/wp\/v2\/pages"}],"about":[{"href":"https:\/\/menoffootball.com\/br\/wp-json\/wp\/v2\/types\/page"}],"author":[{"embeddable":true,"href":"https:\/\/menoffootball.com\/br\/wp-json\/wp\/v2\/users\/1"}],"replies":[{"embeddable":true,"href":"https:\/\/menoffootball.com\/br\/wp-json\/wp\/v2\/comments?post=30"}],"version-history":[{"count":0,"href":"https:\/\/menoffootball.com\/br\/wp-json\/wp\/v2\/pages\/30\/revisions"}],"wp:attachment":[{"href":"https:\/\/menoffootball.com\/br\/wp-json\/wp\/v2\/media?parent=30"}],"curies":[{"name":"wp","href":"https:\/\/api.w.org\/{rel}","templated":true}]}}