{"id":32,"date":"2023-08-18T18:59:50","date_gmt":"2023-08-18T16:59:50","guid":{"rendered":"https:\/\/menoffootball.com\/?page_id=32"},"modified":"2023-08-20T07:42:49","modified_gmt":"2023-08-20T05:42:49","slug":"about","status":"publish","type":"page","link":"https:\/\/menoffootball.com\/br\/about\/","title":{"rendered":"Sobre"},"content":{"rendered":"<div class=\"aex-wrapper\">\n<div class=\"aex-box-entry\" data-aos=\"fade-up\" data-aos-duration=\"1200\">\n<p class=\"aex-p-intro\"><strong>\u00abHombres de F\u00fatbol | Est\u00e9tica del Jugador\u00bb<\/strong> \u00e9 um projeto de futebol e arte.<\/p>\n<p>\t\tO Est\u00e9tica do Jogador se prop\u00f4s a destacar a est\u00e9tica do futebol, mas, acima de tudo, a est\u00e9tica do jogador de futebol, por meio de imagens, v\u00eddeos e fotos.<\/p>\n<div class=\"blank20\"><\/div>\n<p class=\"aex-p-claim\">Homens do Futebol \u00e9 um projeto da <a href=\"https:\/\/aexraex.com\/br\/\" target=\"_blank\" title=\"Aexraex | Cria\u00e7\u00e3o de Conte\u00fado Digital \u2022 M\u00eddia \u2022 Social \u2022 Designer \u2022 Web \u2022 Artista\" rel=\"noopener\">Aexraex<\/a>.<br \/>\n\t\tPara esse conceito de arte, a Homens do Futebol trabalha em conjunto com jogadores de futebol profissionais e fot\u00f3grafos.<br \/>\n\t\tPor fim, a Aexraex trabalha com a est\u00e9tica especial do respectivo jogador e a visualiza de forma art\u00edstica.<\/p>\n<\/p><\/div>\n<div class=\"blank80\"><\/div>\n<div class=\"aex-box-entry-gallery-center\" data-aos=\"zoom-in\" data-aos-duration=\"2700\">\n\t\t<div id=\"metaslider-id-204\" style=\"width: 100%; margin: 0 auto;\" class=\"ml-slider-3-107-0 metaslider metaslider-flex metaslider-204 ml-slider has-dots-nav has-carousel-mode ms-theme-default\" role=\"region\" aria-label=\"Men of Football | Startseite - Center\" data-height=\"194\" data-width=\"194\">\n    <div id=\"metaslider_container_204\">\n        <div id=\"metaslider_204\">\n            <ul class='slides'>\n                <li style=\"display: none; width: 100%;\" class=\"slide-205 ms-image \" aria-roledescription=\"slide\" data-date=\"2023-08-19 06:43:11\" data-filename=\"00002-men-of-football-com-aesthetic-gallery-stylish-play-194x194.png\" data-slide-type=\"image\"><img loading=\"lazy\" decoding=\"async\" src=\"https:\/\/menoffootball.com\/wp-content\/uploads\/2023\/08\/00002-men-of-football-com-aesthetic-gallery-stylish-play-194x194.png\" height=\"194\" width=\"194\" alt=\"\" class=\"slider-204 slide-205 msDefaultImage\" title=\"00002-men-of-football-com-aesthetic-gallery-stylish-play\"><\/li>\n                <li style=\"display: none; width: 100%;\" class=\"slide-207 ms-image \" aria-roledescription=\"slide\" data-date=\"2023-08-19 06:43:11\" data-filename=\"00006-men-of-football-com-aesthetic-gallery-close-ups-194x194.png\" data-slide-type=\"image\"><img loading=\"lazy\" decoding=\"async\" src=\"https:\/\/menoffootball.com\/wp-content\/uploads\/2023\/08\/00006-men-of-football-com-aesthetic-gallery-close-ups-194x194.png\" height=\"194\" width=\"194\" alt=\"\" class=\"slider-204 slide-207 msDefaultImage\" title=\"00006-men-of-football-com-aesthetic-gallery-close-ups\"><\/li>\n                <li style=\"display: none; width: 100%;\" class=\"slide-211 ms-image \" aria-roledescription=\"slide\" data-date=\"2023-08-19 06:43:12\" data-filename=\"00034-men-of-football-com-aesthetic-gallery-stylish-play-194x194.png\" data-slide-type=\"image\"><img loading=\"lazy\" decoding=\"async\" src=\"https:\/\/menoffootball.com\/wp-content\/uploads\/2023\/08\/00034-men-of-football-com-aesthetic-gallery-stylish-play-194x194.png\" height=\"194\" width=\"194\" alt=\"\" class=\"slider-204 slide-211 msDefaultImage\" title=\"00034-men-of-football-com-aesthetic-gallery-stylish-play\"><\/li>\n                <li style=\"display: none; width: 100%;\" class=\"slide-206 ms-image \" aria-roledescription=\"slide\" data-date=\"2023-08-19 06:43:11\" data-filename=\"00019-men-of-football-com-aesthetic-gallery-legs-thighs-and-calves-194x194.png\" data-slide-type=\"image\"><img loading=\"lazy\" decoding=\"async\" src=\"https:\/\/menoffootball.com\/wp-content\/uploads\/2023\/08\/00019-men-of-football-com-aesthetic-gallery-legs-thighs-and-calves-194x194.png\" height=\"194\" width=\"194\" alt=\"\" class=\"slider-204 slide-206 msDefaultImage\" title=\"00019-men-of-football-com-aesthetic-gallery-legs-thighs-and-calves\"><\/li>\n                <li style=\"display: none; width: 100%;\" class=\"slide-209 ms-image \" aria-roledescription=\"slide\" data-date=\"2023-08-19 06:43:11\" data-filename=\"00021-men-of-football-com-aesthetic-gallery-soldiers-brothers-and-squads-194x194.png\" data-slide-type=\"image\"><img loading=\"lazy\" decoding=\"async\" src=\"https:\/\/menoffootball.com\/wp-content\/uploads\/2023\/08\/00021-men-of-football-com-aesthetic-gallery-soldiers-brothers-and-squads-194x194.png\" height=\"194\" width=\"194\" alt=\"\" class=\"slider-204 slide-209 msDefaultImage\" title=\"00021-men-of-football-com-aesthetic-gallery-soldiers-brothers-and-squads\"><\/li>\n                <li style=\"display: none; width: 100%;\" class=\"slide-208 ms-image \" aria-roledescription=\"slide\" data-date=\"2023-08-19 06:43:11\" data-filename=\"00008-men-of-football-com-aesthetic-gallery-stylish-play-194x194.png\" data-slide-type=\"image\"><img loading=\"lazy\" decoding=\"async\" src=\"https:\/\/menoffootball.com\/wp-content\/uploads\/2023\/08\/00008-men-of-football-com-aesthetic-gallery-stylish-play-194x194.png\" height=\"194\" width=\"194\" alt=\"\" class=\"slider-204 slide-208 msDefaultImage\" title=\"00008-men-of-football-com-aesthetic-gallery-stylish-play\"><\/li>\n                <li style=\"display: none; width: 100%;\" class=\"slide-212 ms-image \" aria-roledescription=\"slide\" data-date=\"2023-08-19 06:43:12\" data-filename=\"00029-men-of-football-com-aesthetic-gallery-footballers-physique-194x194.png\" data-slide-type=\"image\"><img loading=\"lazy\" decoding=\"async\" src=\"https:\/\/menoffootball.com\/wp-content\/uploads\/2023\/08\/00029-men-of-football-com-aesthetic-gallery-footballers-physique-194x194.png\" height=\"194\" width=\"194\" alt=\"\" class=\"slider-204 slide-212 msDefaultImage\" title=\"00029-men-of-football-com-aesthetic-gallery-footballers-physique\"><\/li>\n                <li style=\"display: none; width: 100%;\" class=\"slide-210 ms-image \" aria-roledescription=\"slide\" data-date=\"2023-08-19 06:43:12\" data-filename=\"00004-men-of-football-com-aesthetic-gallery-footballers-physique-194x194.png\" data-slide-type=\"image\"><img loading=\"lazy\" decoding=\"async\" src=\"https:\/\/menoffootball.com\/wp-content\/uploads\/2023\/08\/00004-men-of-football-com-aesthetic-gallery-footballers-physique-194x194.png\" height=\"194\" width=\"194\" alt=\"\" class=\"slider-204 slide-210 msDefaultImage\" title=\"00004-men-of-football-com-aesthetic-gallery-footballers-physique\"><\/li>\n            <\/ul>\n        <\/div>\n        \n    <\/div>\n<\/div>\n\t<\/div>\n<div class=\"blank80\"><\/div>\n<div class=\"aex-box-entry\" data-aos=\"fade-up\" data-aos-duration=\"1200\">\n<h3 data-aos=\"flip-right\" data-aos-duration=\"1500\">Futebol e est\u00e9tica<\/h3>\n<p>\t\tO jogador de futebol busca a perfei\u00e7\u00e3o esportiva. Ele trabalha n\u00e3o apenas em suas habilidades mentais, como a elabora\u00e7\u00e3o de uma vantagem estrat\u00e9gica e t\u00e1tica para si mesmo e para sua equipe, mas tamb\u00e9m em seu f\u00edsico para poder atuar com efici\u00eancia em campo, para o que treina seu corpo e seu ser diariamente.<\/p>\n<p>\t\tPor meio desse treinamento, o jogador desenvolve uma natureza combativa para que possa marcar gols com sua equipe em campo e ganhar o jogo para si mesmo e, assim, vencer.<\/p>\n<p>\t\tPernas fortes, panturrilhas fortes, um corpo musculoso e bem treinado formam um jogador de futebol profissional. Men of Football concentra-se na est\u00e9tica inerente ao esporte do futebol.<\/p>\n<p>\t\tA intera\u00e7\u00e3o de m\u00fasculos, for\u00e7a e paix\u00e3o s\u00f3 se torna percept\u00edvel para n\u00f3s quando capturamos um momento em uma imagem. S\u00e3o exatamente essas percep\u00e7\u00f5es, impress\u00f5es sensoriais e emo\u00e7\u00f5es que a Men of Football descreve com o conceito de est\u00e9tica.<\/p>\n<p>\t\tS\u00e3o os jogadores individuais que, com seu corpo, sua t\u00e9cnica e seu ser, transformam uma partida de futebol em uma obra de arte. O jogador de futebol n\u00e3o \u00e9 apenas um atleta est\u00e9tico, mas um lutador e um artista.<\/p>\n<p>\t\tA est\u00e9tica esportiva \u00e9 arte.\n\t<\/p><\/div>\n<\/div>\n","protected":false},"excerpt":{"rendered":"<p>\u00abHombres de F\u00fatbol | Est\u00e9tica del Jugador\u00bb \u00e9 um projeto de futebol e arte. O Est\u00e9tica do Jogador se prop\u00f4s a destacar a est\u00e9tica do futebol, mas, acima de tudo, a est\u00e9tica do jogador de futebol, por meio de imagens, v\u00eddeos e fotos. Homens do Futebol \u00e9 um projeto da Aexraex. Para esse conceito de [&hellip;]<\/p>\n","protected":false},"author":1,"featured_media":0,"parent":0,"menu_order":0,"comment_status":"closed","ping_status":"closed","template":"","meta":{"footnotes":""},"class_list":["post-32","page","type-page","status-publish","hentry"],"translation":{"provider":"WPGlobus","version":"3.0.2","language":"br","enabled_languages":["de","tr","en","es","br","fr","it","ar","ru","zh","ko","hi","ja"],"languages":{"de":{"title":true,"content":true,"excerpt":false},"tr":{"title":true,"content":true,"excerpt":false},"en":{"title":true,"content":true,"excerpt":false},"es":{"title":true,"content":true,"excerpt":false},"br":{"title":true,"content":true,"excerpt":false},"fr":{"title":true,"content":true,"excerpt":false},"it":{"title":true,"content":true,"excerpt":false},"ar":{"title":true,"content":true,"excerpt":false},"ru":{"title":true,"content":true,"excerpt":false},"zh":{"title":true,"content":true,"excerpt":false},"ko":{"title":true,"content":true,"excerpt":false},"hi":{"title":true,"content":true,"excerpt":false},"ja":{"title":true,"content":true,"excerpt":false}}},"_links":{"self":[{"href":"https:\/\/menoffootball.com\/br\/wp-json\/wp\/v2\/pages\/32","targetHints":{"allow":["GET"]}}],"collection":[{"href":"https:\/\/menoffootball.com\/br\/wp-json\/wp\/v2\/pages"}],"about":[{"href":"https:\/\/menoffootball.com\/br\/wp-json\/wp\/v2\/types\/page"}],"author":[{"embeddable":true,"href":"https:\/\/menoffootball.com\/br\/wp-json\/wp\/v2\/users\/1"}],"replies":[{"embeddable":true,"href":"https:\/\/menoffootball.com\/br\/wp-json\/wp\/v2\/comments?post=32"}],"version-history":[{"count":0,"href":"https:\/\/menoffootball.com\/br\/wp-json\/wp\/v2\/pages\/32\/revisions"}],"wp:attachment":[{"href":"https:\/\/menoffootball.com\/br\/wp-json\/wp\/v2\/media?parent=32"}],"curies":[{"name":"wp","href":"https:\/\/api.w.org\/{rel}","templated":true}]}}