{"id":36,"date":"2023-08-18T19:02:01","date_gmt":"2023-08-18T17:02:01","guid":{"rendered":"https:\/\/menoffootball.com\/?page_id=36"},"modified":"2023-08-20T10:37:14","modified_gmt":"2023-08-20T08:37:14","slug":"home","status":"publish","type":"page","link":"https:\/\/menoffootball.com\/br\/","title":{"rendered":"Homens do Futebol | Est\u00e9tica do Jogador"},"content":{"rendered":"<style>\n\t.aex-content-left {\n\t\twidth: 100%;\n\t\t}\n\t.aex-content-right {\n\t\tdisplay: none;\n\t\t}\n\th1 {\n\t\tdisplay: none;\n\t\t}\t\t\n<\/style>\n<div class=\"aex-wrapper\">\n<div class=\"aex-box\" data-aos=\"zoom-in\" data-aos-duration=\"1700\">\n\t\t<div id=\"metaslider-id-91\" style=\"width: 100%; margin: 0 auto;\" class=\"ml-slider-3-107-0 metaslider metaslider-flex metaslider-91 ml-slider has-dots-nav has-carousel-mode ms-theme-default\" role=\"region\" aria-label=\"Men of Football | Startseite\" data-height=\"512\" data-width=\"512\">\n    <div id=\"metaslider_container_91\">\n        <div id=\"metaslider_91\">\n            <ul class='slides'>\n                <li style=\"display: none; width: 100%;\" class=\"slide-172 ms-image \" aria-roledescription=\"slide\" data-date=\"2023-08-19 06:37:44\" data-filename=\"00029-men-of-football-com-aesthetic-gallery-footballers-physique-512x512.png\" data-slide-type=\"image\"><img loading=\"lazy\" decoding=\"async\" src=\"https:\/\/menoffootball.com\/wp-content\/uploads\/2023\/08\/00029-men-of-football-com-aesthetic-gallery-footballers-physique-512x512.png\" height=\"512\" width=\"512\" alt=\"\" class=\"slider-91 slide-172 msDefaultImage\" title=\"00029-men-of-football-com-aesthetic-gallery-footballers-physique\"><\/li>\n                <li style=\"display: none; width: 100%;\" class=\"slide-146 ms-image \" aria-roledescription=\"slide\" data-date=\"2023-08-19 06:36:41\" data-filename=\"00019-men-of-football-com-aesthetic-gallery-legs-thighs-and-calves-512x512.png\" data-slide-type=\"image\"><img loading=\"lazy\" decoding=\"async\" src=\"https:\/\/menoffootball.com\/wp-content\/uploads\/2023\/08\/00019-men-of-football-com-aesthetic-gallery-legs-thighs-and-calves-512x512.png\" height=\"512\" width=\"512\" alt=\"\" class=\"slider-91 slide-146 msDefaultImage\" title=\"00019-men-of-football-com-aesthetic-gallery-legs-thighs-and-calves\"><\/li>\n                <li style=\"display: none; width: 100%;\" class=\"slide-151 ms-image \" aria-roledescription=\"slide\" data-date=\"2023-08-19 06:36:51\" data-filename=\"00008-men-of-football-com-aesthetic-gallery-stylish-play-512x512.png\" data-slide-type=\"image\"><img loading=\"lazy\" decoding=\"async\" src=\"https:\/\/menoffootball.com\/wp-content\/uploads\/2023\/08\/00008-men-of-football-com-aesthetic-gallery-stylish-play-512x512.png\" height=\"512\" width=\"512\" alt=\"\" class=\"slider-91 slide-151 msDefaultImage\" title=\"00008-men-of-football-com-aesthetic-gallery-stylish-play\"><\/li>\n                <li style=\"display: none; width: 100%;\" class=\"slide-143 ms-image \" aria-roledescription=\"slide\" data-date=\"2023-08-19 06:36:35\" data-filename=\"00002-men-of-football-com-aesthetic-gallery-stylish-play-512x512.png\" data-slide-type=\"image\"><img loading=\"lazy\" decoding=\"async\" src=\"https:\/\/menoffootball.com\/wp-content\/uploads\/2023\/08\/00002-men-of-football-com-aesthetic-gallery-stylish-play-512x512.png\" height=\"512\" width=\"512\" alt=\"\" class=\"slider-91 slide-143 msDefaultImage\" title=\"00002-men-of-football-com-aesthetic-gallery-stylish-play\"><\/li>\n                <li style=\"display: none; width: 100%;\" class=\"slide-166 ms-image \" aria-roledescription=\"slide\" data-date=\"2023-08-19 06:37:30\" data-filename=\"00004-men-of-football-com-aesthetic-gallery-footballers-physique-512x512.png\" data-slide-type=\"image\"><img loading=\"lazy\" decoding=\"async\" src=\"https:\/\/menoffootball.com\/wp-content\/uploads\/2023\/08\/00004-men-of-football-com-aesthetic-gallery-footballers-physique-512x512.png\" height=\"512\" width=\"512\" alt=\"\" class=\"slider-91 slide-166 msDefaultImage\" title=\"00004-men-of-football-com-aesthetic-gallery-footballers-physique\"><\/li>\n                <li style=\"display: none; width: 100%;\" class=\"slide-155 ms-image \" aria-roledescription=\"slide\" data-date=\"2023-08-19 06:37:01\" data-filename=\"00021-men-of-football-com-aesthetic-gallery-soldiers-brothers-and-squads-512x512.png\" data-slide-type=\"image\"><img loading=\"lazy\" decoding=\"async\" src=\"https:\/\/menoffootball.com\/wp-content\/uploads\/2023\/08\/00021-men-of-football-com-aesthetic-gallery-soldiers-brothers-and-squads-512x512.png\" height=\"512\" width=\"512\" alt=\"\" class=\"slider-91 slide-155 msDefaultImage\" title=\"00021-men-of-football-com-aesthetic-gallery-soldiers-brothers-and-squads\"><\/li>\n                <li style=\"display: none; width: 100%;\" class=\"slide-169 ms-image \" aria-roledescription=\"slide\" data-date=\"2023-08-19 06:37:36\" data-filename=\"00034-men-of-football-com-aesthetic-gallery-stylish-play-512x512.png\" data-slide-type=\"image\"><img loading=\"lazy\" decoding=\"async\" src=\"https:\/\/menoffootball.com\/wp-content\/uploads\/2023\/08\/00034-men-of-football-com-aesthetic-gallery-stylish-play-512x512.png\" height=\"512\" width=\"512\" alt=\"\" class=\"slider-91 slide-169 msDefaultImage\" title=\"00034-men-of-football-com-aesthetic-gallery-stylish-play\"><\/li>\n                <li style=\"display: none; width: 100%;\" class=\"slide-149 ms-image \" aria-roledescription=\"slide\" data-date=\"2023-08-19 06:36:47\" data-filename=\"00006-men-of-football-com-aesthetic-gallery-close-ups-512x512.png\" data-slide-type=\"image\"><img loading=\"lazy\" decoding=\"async\" src=\"https:\/\/menoffootball.com\/wp-content\/uploads\/2023\/08\/00006-men-of-football-com-aesthetic-gallery-close-ups-512x512.png\" height=\"512\" width=\"512\" alt=\"\" class=\"slider-91 slide-149 msDefaultImage\" title=\"00006-men-of-football-com-aesthetic-gallery-close-ups\"><\/li>\n            <\/ul>\n        <\/div>\n        \n    <\/div>\n<\/div>\n\t<\/div>\n<div class=\"blank70\"><\/div>\n<div class=\"aex-box-entry\" data-aos=\"fade-up\" data-aos-duration=\"1200\">\n<h2 data-aos=\"flip-right\" data-aos-duration=\"1500\">\u00c4sthetik des Sports<\/h2>\n<p class=\"aex-p-intro\"><strong>\u00abMen of Football | Player&#8217;s Aesthetics\u00bb<\/strong>\tist ein Fussball- und Kunstprojekt.<\/p>\n<p>\t\tMen of Football hat es sich zur Aufgabe gemacht, die \u00c4sthetik des Fussballsports, aber vor allem die \u00c4sthetik des Fussballspielers durch Bilder, Videos und Momentaufnahmen besonders hervorzuheben.<\/p>\n<div class=\"blank20\"><\/div>\n<p class=\"aex-p-claim\">Men of Football ist ein Projekt von <a href=\"https:\/\/aexraex.com\/\" target=\"_blank\" title=\"Aexraex | Digital Content Creation \u2022 Social \u2022 Media \u2022 Web \u2022 Design \u2022 Artist\" rel=\"noopener\">Aexraex<\/a>.<br \/>\n\t\tF\u00fcr dieses Kunstkonzept arbeitet Men of Football mit professionellen Fussballspielern und Fotografen zusammen.<br \/>\n\t\tEinvernehmlich wird schliesslich durch Aexraex die besondere \u00c4sthetik des jeweiligen Spielers herausgearbeitet und von Aexraex auf k\u00fcnstlerische Weise visualisiert.<\/p>\n<\/p><\/div>\n<div class=\"blank80\"><\/div>\n<div class=\"aex-box\">\n<div class=\"aex-box-entry\" data-aos=\"zoom-in\" data-aos-duration=\"2700\">\n\t\t\t<div id=\"metaslider-id-204\" style=\"width: 100%; margin: 0 auto;\" class=\"ml-slider-3-107-0 metaslider metaslider-flex metaslider-204 ml-slider has-dots-nav has-carousel-mode ms-theme-default\" role=\"region\" aria-label=\"Men of Football | Startseite - Center\" data-height=\"194\" data-width=\"194\">\n    <div id=\"metaslider_container_204\">\n        <div id=\"metaslider_204\">\n            <ul class='slides'>\n                <li style=\"display: none; width: 100%;\" class=\"slide-208 ms-image \" aria-roledescription=\"slide\" data-date=\"2023-08-19 06:43:11\" data-filename=\"00008-men-of-football-com-aesthetic-gallery-stylish-play-194x194.png\" data-slide-type=\"image\"><img loading=\"lazy\" decoding=\"async\" src=\"https:\/\/menoffootball.com\/wp-content\/uploads\/2023\/08\/00008-men-of-football-com-aesthetic-gallery-stylish-play-194x194.png\" height=\"194\" width=\"194\" alt=\"\" class=\"slider-204 slide-208 msDefaultImage\" title=\"00008-men-of-football-com-aesthetic-gallery-stylish-play\"><\/li>\n                <li style=\"display: none; width: 100%;\" class=\"slide-212 ms-image \" aria-roledescription=\"slide\" data-date=\"2023-08-19 06:43:12\" data-filename=\"00029-men-of-football-com-aesthetic-gallery-footballers-physique-194x194.png\" data-slide-type=\"image\"><img loading=\"lazy\" decoding=\"async\" src=\"https:\/\/menoffootball.com\/wp-content\/uploads\/2023\/08\/00029-men-of-football-com-aesthetic-gallery-footballers-physique-194x194.png\" height=\"194\" width=\"194\" alt=\"\" class=\"slider-204 slide-212 msDefaultImage\" title=\"00029-men-of-football-com-aesthetic-gallery-footballers-physique\"><\/li>\n                <li style=\"display: none; width: 100%;\" class=\"slide-209 ms-image \" aria-roledescription=\"slide\" data-date=\"2023-08-19 06:43:11\" data-filename=\"00021-men-of-football-com-aesthetic-gallery-soldiers-brothers-and-squads-194x194.png\" data-slide-type=\"image\"><img loading=\"lazy\" decoding=\"async\" src=\"https:\/\/menoffootball.com\/wp-content\/uploads\/2023\/08\/00021-men-of-football-com-aesthetic-gallery-soldiers-brothers-and-squads-194x194.png\" height=\"194\" width=\"194\" alt=\"\" class=\"slider-204 slide-209 msDefaultImage\" title=\"00021-men-of-football-com-aesthetic-gallery-soldiers-brothers-and-squads\"><\/li>\n                <li style=\"display: none; width: 100%;\" class=\"slide-205 ms-image \" aria-roledescription=\"slide\" data-date=\"2023-08-19 06:43:11\" data-filename=\"00002-men-of-football-com-aesthetic-gallery-stylish-play-194x194.png\" data-slide-type=\"image\"><img loading=\"lazy\" decoding=\"async\" src=\"https:\/\/menoffootball.com\/wp-content\/uploads\/2023\/08\/00002-men-of-football-com-aesthetic-gallery-stylish-play-194x194.png\" height=\"194\" width=\"194\" alt=\"\" class=\"slider-204 slide-205 msDefaultImage\" title=\"00002-men-of-football-com-aesthetic-gallery-stylish-play\"><\/li>\n                <li style=\"display: none; width: 100%;\" class=\"slide-211 ms-image \" aria-roledescription=\"slide\" data-date=\"2023-08-19 06:43:12\" data-filename=\"00034-men-of-football-com-aesthetic-gallery-stylish-play-194x194.png\" data-slide-type=\"image\"><img loading=\"lazy\" decoding=\"async\" src=\"https:\/\/menoffootball.com\/wp-content\/uploads\/2023\/08\/00034-men-of-football-com-aesthetic-gallery-stylish-play-194x194.png\" height=\"194\" width=\"194\" alt=\"\" class=\"slider-204 slide-211 msDefaultImage\" title=\"00034-men-of-football-com-aesthetic-gallery-stylish-play\"><\/li>\n                <li style=\"display: none; width: 100%;\" class=\"slide-210 ms-image \" aria-roledescription=\"slide\" data-date=\"2023-08-19 06:43:12\" data-filename=\"00004-men-of-football-com-aesthetic-gallery-footballers-physique-194x194.png\" data-slide-type=\"image\"><img loading=\"lazy\" decoding=\"async\" src=\"https:\/\/menoffootball.com\/wp-content\/uploads\/2023\/08\/00004-men-of-football-com-aesthetic-gallery-footballers-physique-194x194.png\" height=\"194\" width=\"194\" alt=\"\" class=\"slider-204 slide-210 msDefaultImage\" title=\"00004-men-of-football-com-aesthetic-gallery-footballers-physique\"><\/li>\n                <li style=\"display: none; width: 100%;\" class=\"slide-206 ms-image \" aria-roledescription=\"slide\" data-date=\"2023-08-19 06:43:11\" data-filename=\"00019-men-of-football-com-aesthetic-gallery-legs-thighs-and-calves-194x194.png\" data-slide-type=\"image\"><img loading=\"lazy\" decoding=\"async\" src=\"https:\/\/menoffootball.com\/wp-content\/uploads\/2023\/08\/00019-men-of-football-com-aesthetic-gallery-legs-thighs-and-calves-194x194.png\" height=\"194\" width=\"194\" alt=\"\" class=\"slider-204 slide-206 msDefaultImage\" title=\"00019-men-of-football-com-aesthetic-gallery-legs-thighs-and-calves\"><\/li>\n                <li style=\"display: none; width: 100%;\" class=\"slide-207 ms-image \" aria-roledescription=\"slide\" data-date=\"2023-08-19 06:43:11\" data-filename=\"00006-men-of-football-com-aesthetic-gallery-close-ups-194x194.png\" data-slide-type=\"image\"><img loading=\"lazy\" decoding=\"async\" src=\"https:\/\/menoffootball.com\/wp-content\/uploads\/2023\/08\/00006-men-of-football-com-aesthetic-gallery-close-ups-194x194.png\" height=\"194\" width=\"194\" alt=\"\" class=\"slider-204 slide-207 msDefaultImage\" title=\"00006-men-of-football-com-aesthetic-gallery-close-ups\"><\/li>\n            <\/ul>\n        <\/div>\n        \n    <\/div>\n<\/div>\n\t\t<\/div>\n<div class=\"blank80\"><\/div>\n<div class=\"aex-box-entry\" data-aos=\"fade-up\" data-aos-duration=\"1200\">\n<h3 data-aos=\"flip-right\" data-aos-duration=\"1500\">M\u00e4nner im Kampf<\/h3>\n<p>\t\t\tIn einem mit Spannung erwarteten Fussballspiel, das mit energiegeladenen Spielern auf beiden Seiten gef\u00fcllt ist, wird die Dynamik und die maskuline Kraft der Athleten sichtbar. Die Spieler betreten das Feld mit einem selbstbewussten Schritt, ihre muskul\u00f6sen Beine und K\u00f6rper strahlen St\u00e4rke aus. Jeder Pass, jeder Schuss und jede Drehung enth\u00fcllt die beeindruckende Kraft, die in den Muskeln dieser Spieler steckt.<\/p>\n<p>\t\t\tDie Fussballer gleiten geschmeidig und aggressiv \u00fcber das Spielfeld, w\u00e4hrend sie ihre Gegner mit kraftvollen Bewegungen und schnellen Sprints herausfordern. Die muskul\u00e4ren Anstrengungen sind in jedem Zweikampf sp\u00fcrbar, wenn sie sich mit Entschlossenheit gegen ihre Kontrahenten stemmen. Die Schweissperlen auf ihren angespannten K\u00f6rpern zeugen von der Anstrengung und dem Kampfgeist, den sie in dieses Spiel investieren.<\/p>\n<p>\t\t\tEs ist ein wahrhaft soldatenhafter Wettstreit, bei dem die Spieler ihre k\u00f6rperliche \u00dcberlegenheit nutzen, um den Ball zu beherrschen. Ihre Arme und Schultern zeigen die Kraft, die sie in ihre Sch\u00fcsse und Flanken legen. Mit einer Mischung aus Anmut und k\u00f6rperlicher Dominanz balancieren sie den Ball auf ihrem K\u00f6rper, w\u00e4hrend sie ihre Gegner gleichzeitig absch\u00fctteln.<\/p>\n<p>\t\t\tDie Zuschauer beobachten gebannt, wie sich die Spieler gegenseitig herausfordern und sich in packenden Zweik\u00e4mpfen messen. Es ist ein Fest der k\u00f6rperlichen Ausdauer, bei dem die Spieler ihre muskul\u00e4re St\u00e4rke demonstrieren und ihre Teams zum Erfolg f\u00fchren.<\/p>\n<p>\t\t\tIn diesem Kunstprojekt wird die Dynamik der Muskeln zu einer visuellen Darstellung von m\u00e4nnlicher Kraft und k\u00f6rperlicher Dominanz. Die Spieler setzen ihre physische Pr\u00e4senz ein, um das Spiel zu lenken und die Zuschauer mit ihrer Performance zu faszinieren.\n\t\t<\/p><\/div>\n<\/p><\/div>\n<div class=\"blank100\"><\/div>\n<div class=\"aex-box-entry-agent\">\n<h3 class=\"aex-h3-agent\">Homoerotik im Fussball<\/h3>\n<p>\t\tHomoerotik bezieht sich auf sexuelles oder romantisches Interesse und Anziehung zwischen Personen des gleichen Geschlechts. M\u00e4nner, die sich sexuell zu anderen M\u00e4nnern hingezogen f\u00fchlen, k\u00f6nnen sowohl homo- als auch bisexuell sein.<\/p>\n<p>\t\tDer Zusammenhang zwischen Homoerotik und M\u00e4nnersport ist komplex und vielschichtig. Es ist wichtig zu beachten, dass nicht alle M\u00e4nner, die Sport treiben, homo- oder bisexuell sind, und dass sexuelle Orientierung unabh\u00e4ngig von sportlichen Aktivit\u00e4ten existiert.<\/p>\n<p>\t\tDennoch gibt es einige Faktoren, die den Zusammenhang zwischen Homoerotik und M\u00e4nnersport beeinflussen k\u00f6nnen:<\/p>\n<p>\t\tK\u00f6rperliche Attraktivit\u00e4t: M\u00e4nnersport, insbesondere Sportarten, die k\u00f6rperliche Fitness und \u00c4sthetik betonen, kann zu einer erh\u00f6hten k\u00f6rperlichen Attraktivit\u00e4t f\u00fchren. Dies kann dazu f\u00fchren, dass M\u00e4nner, unabh\u00e4ngig von ihrer sexuellen Orientierung, sowohl bewundernde als auch sexuelle Anziehung zu ihren sportlichen Kollegen empfinden.<\/p>\n<p>\t\tGemeinschaft und Kameradschaft: Sportliche Aktivit\u00e4ten schaffen oft eine Gemeinschaft und Kameradschaft unter den Teilnehmern. Die enge Zusammenarbeit und der k\u00f6rperliche Kontakt, der bei einigen Sportarten wie Wrestling, Rugby oder Kampfsportarten auftreten kann, k\u00f6nnen homoerotische Fantasien oder Spannungen zwischen den Sportlern ausl\u00f6sen.<\/p>\n<p>\t\tSportliche Identit\u00e4t: Einige M\u00e4nner, die sich zu M\u00e4nnern hingezogen f\u00fchlen, finden im Sport eine M\u00f6glichkeit, ihre sexuelle Identit\u00e4t auszuleben oder zu erkunden. Sport kann als sicherer Raum dienen, um mit Gleichgesinnten in Kontakt zu treten und m\u00f6glicherweise intime oder romantische Beziehungen zu entwickeln.<\/p>\n<p>\t\tStereotype und Vorurteile: In einigen Sportarten gibt es Stereotype oder Vorurteile gegen\u00fcber homosexuellen M\u00e4nnern. Diese Vorurteile k\u00f6nnen dazu f\u00fchren, dass M\u00e4nner ihre sexuelle Orientierung verbergen oder in einer Umgebung, in der M\u00e4nnerdominanz und Homophobie vorherrschen, ihre wahre Identit\u00e4t nicht offenbaren k\u00f6nnen.<\/p>\n<p>\t\tEs ist wichtig zu betonen, dass dies allgemeine Beobachtungen sind und nicht auf jeden Einzelnen zutreffen. Jeder Mensch ist einzigartig und individuell in Bezug auf seine sexuelle Orientierung, sportlichen Interessen und Erfahrungen.\n\t<\/p><\/div>\n<div class=\"blank100\"><\/div>\n<div class=\"aex-box-entry-agent\">\n<h3 class=\"aex-h3-agent\">Die 1. deutsche Bundesliga in Deutschland<\/h3>\n<p>\t\tDer deutsche Fussball ist weltweit bekannt f\u00fcr seine Leidenschaft und Qualit\u00e4t. In den obersten drei Ligen, der Bundesliga, 2. Bundesliga und 3. Liga, treten zahlreiche Vereine an, um ihr K\u00f6nnen unter Beweis zu stellen. In diesem Artikel werfen wir einen Blick auf alle offiziellen Vereine, die in diesen Ligen spielen, und stellen drei bekannte Fussballspieler aus jedem Verein vor.<\/p>\n<p>\t\tFC K\u00f6ln (Jonas Hector, Timo Horn, Florian Kainz)<\/p>\n<p>\t\tDer 1. FC K\u00f6ln hat eine der leidenschaftlichsten Fanbases in Deutschland und sein Stadion, das RheinEnergieStadion, bietet Platz f\u00fcr \u00fcber 49.000 Zuschauer.<br \/>\n\t\tFC Union Berlin (Max Kruse, Christopher Trimmel, Robert Andrich)<\/p>\n<p>\t\tUnion Berlin hat eine einzigartige Fan-Kultur und gilt als einer der sympathischsten Vereine Deutschlands. Das Stadion An der Alten F\u00f6rsterei ist f\u00fcr seine beeindruckende Atmosph\u00e4re und die Stehplatztrib\u00fcne bekannt.<br \/>\n\t\tBayer 04 Leverkusen (Moussa Diaby, Florian Wirtz, Nadiem Amiri)<\/p>\n<p>\t\tBayer Leverkusen ist bekannt f\u00fcr seine herausragende Jugendarbeit und hat zahlreiche Talente hervorgebracht, die sp\u00e4ter zu internationalen Stars wurden.<br \/>\n\t\tBorussia Dortmund (Marco Reus, Erling Haaland, Mats Hummels)<\/p>\n<p>\t\tBorussia Dortmund hat eine der gr\u00f6ssten Fangemeinden in Europa und das Signal Iduna Park-Stadion, auch bekannt als &#8220;Der Tempel&#8221;, bietet Platz f\u00fcr \u00fcber 81.000 Fans.<br \/>\n\t\tBorussia M\u00f6nchengladbach (Jonas Hofmann, Marcus Thuram, Yann Sommer)<\/p>\n<p>\t\tM\u00f6nchengladbach hat eine lange Tradition im deutschen Fussball und wurde in den 1970er Jahren unter dem Trainer Hennes Weisweiler zu einem der erfolgreichsten Vereine in Deutschland.<br \/>\n\t\tEintracht Frankfurt (Filip Kostic, Andr\u00e9 Silva, Evan N&#8217;Dicka)<\/p>\n<p>\t\tEintracht Frankfurt ist f\u00fcr ihre bemerkenswerte Europa-League-Saison 2019\/2020 bekannt, in der sie es bis ins Halbfinale schafften.<br \/>\n\t\tFC Augsburg (Rani Khedira, Florian Niederlechner, Ruben Vargas)<\/p>\n<p>\t\tDer FC Augsburg hat sich seit seinem Aufstieg in die Bundesliga im Jahr 2011 als solider und respektierter Verein etabliert.<br \/>\n\t\tFC Bayern M\u00fcnchen (Robert Lewandowski, Thomas M\u00fcller, Joshua Kimmich)<\/p>\n<p>\t\tDer FC Bayern M\u00fcnchen ist der erfolgreichste deutsche Verein und hat zahlreiche nationale und internationale Titel gewonnen. Die Mannschaft ist f\u00fcr ihren attraktiven Offensivfussball und ihre herausragende Spielkultur bekannt.<br \/>\n\t\tFC Schalke 04 (Mark Uth, Suat Serdar, Omar Mascarell)<\/p>\n<p>\t\tSchalke 04 hat eine leidenschaftliche Fangemeinde und das Veltins-Arena-Stadion bietet Platz f\u00fcr \u00fcber 62.000 Zuschauer.<br \/>\n\t\tHertha BSC (Matheus Cunha, Dedryck Boyata, Rune Jarstein)<\/p>\n<p>\t\tHertha BSC ist der gr\u00f6sste Verein der Hauptstadt Berlin und spielt im Olympiastadion, das auch w\u00e4hrend der FIFA-Weltmeisterschaft 2006 genutzt wurde.<br \/>\n\t\tRB Leipzig (Marcel Sabitzer, Emil Forsberg, Yussuf Poulsen)<\/p>\n<p>\t\tRB Leipzig ist einer der j\u00fcngsten Vereine in der Bundesliga und hat sich schnell einen Namen gemacht. Sie haben in kurzer Zeit den Sprung in die deutsche Eliteklasse geschafft und sind bekannt f\u00fcr ihr modernes und aggressives Spiel.<\/p>\n<div class=\"blank50\"><\/div>\n<h3 data-aos=\"flip-right\" data-aos-duration=\"1500\">Die 2. deutsche Bundesliga in Deutschland<\/h3>\n<p>\t\tDie aktuelle Saison in der 2. Bundesliga, zusammen mit drei der bekanntesten und popul\u00e4rsten Spieler jedes Vereins:<\/p>\n<p>\t\tFC Heidenheim (Marc Schnatterer, Denis Thomalla, Kevin Sessa)<\/p>\n<p>\t\tDer 1. FC Heidenheim hat sich in den letzten Jahren als solider Zweitligist etabliert und ist bekannt f\u00fcr seine gute Jugendarbeit.<br \/>\n\t\tFC Kaiserslautern (Marvin Pourie, Carlo Sickinger, Lukas Spalvis)<\/p>\n<p>\t\tDer 1. FC Kaiserslautern hat eine grosse und leidenschaftliche Fangemeinde. Der Verein hat in der Vergangenheit mehrmals die deutsche Meisterschaft gewonnen.<br \/>\n\t\tFC N\u00fcrnberg (Hanno Behrens, Nikola Dovedan, Fabian N\u00fcrnberger)<\/p>\n<p>\t\tDer 1. FC N\u00fcrnberg ist einer der traditionsreichsten Vereine in Deutschland und hat eine lange Geschichte in der Bundesliga.<br \/>\n\t\tFC Saarbr\u00fccken (Sebastian Jacob, Markus Mendler, Timm Golley)<\/p>\n<p>\t\tDer 1. FC Saarbr\u00fccken hat in der Vergangenheit erfolgreich im deutschen Profifussball gespielt und war 1954 im Finale des DFB-Pokals.<br \/>\n\t\tFC Union Berlin (Max Kruse, Christopher Trimmel, Robert Andrich)<\/p>\n<p>\t\tUnion Berlin hat sich in den letzten Jahren in der Bundesliga etabliert und ist bekannt f\u00fcr seine leidenschaftlichen Fans und die besondere Atmosph\u00e4re im Stadion.<br \/>\n\t\tEintracht Braunschweig (Marcel B\u00e4r, Nick Proschwitz, Felix Kroos)<\/p>\n<p>\t\tEintracht Braunschweig ist einer der traditionsreichsten Vereine in Deutschland und war in der Vergangenheit in der Bundesliga erfolgreich.<br \/>\n\t\tErzgebirge Aue (Pascal Testroet, Jan Hochscheidt, Florian Ballas)<\/p>\n<p>\t\tErzgebirge Aue kommt aus einer Region mit einer starken Fussballtradition und hat sich als stabiler Zweitligist etabliert.<br \/>\n\t\tFC Ingolstadt 04 (Stefan Kutschke, Thomas Pledl, Marcel Gaus)<\/p>\n<p>\t\tDer FC Ingolstadt 04 war in der Vergangenheit in der Bundesliga vertreten und hat eine gute Nachwuchsarbeit.<br \/>\n\t\tFC St. Pauli (Daniel-Kofi Kyereh, Guido Burgstaller, Marvin Knoll)<\/p>\n<p>\t\tFC St. Pauli ist f\u00fcr seine leidenschaftlichen Fans und sein soziales Engagement bekannt. Der Verein hat eine besondere Stellung in der Hamburger Fussballlandschaft.<br \/>\n\t\tFortuna D\u00fcsseldorf (Rouwen Hennings, Kenan Karaman, Kristoffer Peterson)<\/p>\n<p>\t\tFortuna D\u00fcsseldorf hat in der Vergangenheit in der Bundesliga gespielt und ist f\u00fcr seine intensive Rivalit\u00e4t mit dem 1. FC K\u00f6ln bekannt.<br \/>\n\t\tHamburger SV (Simon Terodde, Bakery Jatta, David Kinsombi)<\/p>\n<p>\t\tDer Hamburger SV ist einer der bekanntesten Vereine in Deutschland und war lange Zeit in der Bundesliga vertreten.<br \/>\n\t\tHannover 96 (Marvin Ducksch, Genki Haraguchi, Edgar Prib)<\/p>\n<p>\t\tHannover 96 hat eine treue Fanbasis und war in der Vergangenheit in der Bundesliga erfolgreich.<br \/>\n\t\tHolstein Kiel (Fin Bartels, Janni Serra, Fabian Reese)\n\t<\/p><\/div>\n<\/div>\n","protected":false},"excerpt":{"rendered":"<p>\u00c4sthetik des Sports \u00abMen of Football | Player&#8217;s Aesthetics\u00bb ist ein Fussball- und Kunstprojekt. Men of Football hat es sich zur Aufgabe gemacht, die \u00c4sthetik des Fussballsports, aber vor allem die \u00c4sthetik des Fussballspielers durch Bilder, Videos und Momentaufnahmen besonders hervorzuheben. Men of Football ist ein Projekt von Aexraex. F\u00fcr dieses Kunstkonzept arbeitet Men of [&hellip;]<\/p>\n","protected":false},"author":1,"featured_media":179,"parent":0,"menu_order":0,"comment_status":"closed","ping_status":"closed","template":"","meta":{"footnotes":""},"class_list":["post-36","page","type-page","status-publish","has-post-thumbnail","hentry"],"translation":{"provider":"WPGlobus","version":"3.0.2","language":"br","enabled_languages":["de","tr","en","es","br","fr","it","ar","ru","zh","ko","hi","ja"],"languages":{"de":{"title":true,"content":true,"excerpt":false},"tr":{"title":true,"content":true,"excerpt":false},"en":{"title":true,"content":true,"excerpt":false},"es":{"title":true,"content":true,"excerpt":false},"br":{"title":true,"content":false,"excerpt":false},"fr":{"title":true,"content":false,"excerpt":false},"it":{"title":true,"content":false,"excerpt":false},"ar":{"title":true,"content":true,"excerpt":false},"ru":{"title":true,"content":false,"excerpt":false},"zh":{"title":true,"content":true,"excerpt":false},"ko":{"title":true,"content":true,"excerpt":false},"hi":{"title":true,"content":true,"excerpt":false},"ja":{"title":true,"content":true,"excerpt":false}}},"_links":{"self":[{"href":"https:\/\/menoffootball.com\/br\/wp-json\/wp\/v2\/pages\/36","targetHints":{"allow":["GET"]}}],"collection":[{"href":"https:\/\/menoffootball.com\/br\/wp-json\/wp\/v2\/pages"}],"about":[{"href":"https:\/\/menoffootball.com\/br\/wp-json\/wp\/v2\/types\/page"}],"author":[{"embeddable":true,"href":"https:\/\/menoffootball.com\/br\/wp-json\/wp\/v2\/users\/1"}],"replies":[{"embeddable":true,"href":"https:\/\/menoffootball.com\/br\/wp-json\/wp\/v2\/comments?post=36"}],"version-history":[{"count":0,"href":"https:\/\/menoffootball.com\/br\/wp-json\/wp\/v2\/pages\/36\/revisions"}],"wp:featuredmedia":[{"embeddable":true,"href":"https:\/\/menoffootball.com\/br\/wp-json\/wp\/v2\/media\/179"}],"wp:attachment":[{"href":"https:\/\/menoffootball.com\/br\/wp-json\/wp\/v2\/media?parent=36"}],"curies":[{"name":"wp","href":"https:\/\/api.w.org\/{rel}","templated":true}]}}