{"id":482,"date":"2023-08-24T09:16:04","date_gmt":"2023-08-24T07:16:04","guid":{"rendered":"https:\/\/menoffootball.com\/?page_id=482"},"modified":"2023-08-24T21:37:53","modified_gmt":"2023-08-24T19:37:53","slug":"usa","status":"publish","type":"page","link":"https:\/\/menoffootball.com\/br\/live\/usa\/","title":{"rendered":"EUA"},"content":{"rendered":"<div class=\"aex-wrapper\">\n<div class=\"aex-box-entry\">\n<p class=\"aex-p-intro\">Resultados atuais do futebol americano, pontos e gols da temporada atual em um relance. Ao vivo.<\/p>\n<p class=\"aex-p-claim\">MLS | Major League Soccer<br \/>\n\t\tEUA<br \/>\n\t\tAm\u00e9rica<\/p>\n<div class=\"blank20\"><\/div>\n<div class=\"aex-imprint-table\">\n<div class=\"aex-imprint-table\">\n<div class=\"aex-imprint-table-left\">01. | <\/div>\n<div class=\"aex-imprint-table-right\"><a class=\"aex-imprint-link-title\" href=\"#current-results\" target=\"_self\" title=\"Resultados\">Resultados<\/a><\/div>\n<\/p><\/div>\n<div class=\"aex-imprint-table\">\n<div class=\"aex-imprint-table-left\">02. | <\/div>\n<div class=\"aex-imprint-table-right\"><a class=\"aex-imprint-link-title\" href=\"#current-points\" target=\"_self\" title=\"Pontos\">Pontos<\/a><\/div>\n<\/p><\/div>\n<div class=\"aex-imprint-table\">\n<div class=\"aex-imprint-table-left\">03. | <\/div>\n<div class=\"aex-imprint-table-right\"><a class=\"aex-imprint-link-title\" href=\"#current-matches\" target=\"_self\" title=\"Plano de jogo\">Plano de jogo<\/a><\/div>\n<\/p><\/div>\n<\/p><\/div>\n<\/p><\/div>\n<div class=\"blank100\"><\/div>\n<div  id=\"current-results\" class=\"aex-box-entry\">\n<h4 data-aos=\"flip-right\" data-aos-duration=\"1500\">Resultados atuais<\/h4>\n<p>\t\tResultados atuais, partidas e gols da temporada atual. Pontua\u00e7\u00e3o atual.<\/p>\n<div class=\"blank20\"><\/div>\n<p>\t\t[soccer-info id=&#8221;512&#8243; type=&#8221;results&#8221;]\n<div class=\"blank20\"><\/div>\n<p class=\"aex-p-disclaimer\">Todos os dados sem garantia | Berlin 11:02\n<\/p><\/div>\n<div class=\"blank100\"><\/div>\n<div id=\"current-points\" class=\"aex-box-entry\">\n<h4 data-aos=\"flip-right\" data-aos-duration=\"1500\">Pontos atuais<\/h4>\n<p>\t\tPontos atuais, partidas e outros resultados em um relance. Vit\u00f3rias e derrotas. <\/p>\n<div class=\"blank20\"><\/div>\n<p>\t\t[soccer-info id=&#8221;512&#8243; type=&#8221;table&#8221;]\n<div class=\"blank20\"><\/div>\n<p class=\"aex-p-disclaimer\">Todos os dados sem garantia | Berlin 11:02\n<p class=\"aex-p-disclaimer-legend\"><font style=\"color:black;\">#<\/font>&nbsp;&nbsp;&nbsp;Classifica\u00e7\u00e3o<br \/>\n\t\t<font style=\"color:black;\">Mannschaft<\/font>&nbsp;&nbsp;&nbsp;Equipe<br \/>\n\t\t<font style=\"color:black;\">Spiele<\/font>&nbsp;&nbsp;&nbsp;Jogos conclu\u00eddos<br \/>\n\t\t<font style=\"color:black;\">S<\/font>&nbsp;&nbsp;&nbsp;Vit\u00f3rias<br \/>\n\t\t<font style=\"color:black;\">U<\/font>&nbsp;&nbsp;&nbsp;Sorteio<br \/>\n\t\t<font style=\"color:black;\">N<\/font>&nbsp;&nbsp;&nbsp;Derrotas<br \/>\n\t\t<font style=\"color:black;\">T<\/font>&nbsp;&nbsp;&nbsp;Objetivos<br \/>\n\t\t<font style=\"color:black;\">GT<\/font>&nbsp;&nbsp;&nbsp;Gols contra<br \/>\n\t\t<font style=\"color:black;\">TD<\/font>&nbsp;&nbsp;&nbsp;Diferen\u00e7a de gols<br \/>\n\t\t<font style=\"color:black;\">P<\/font>&nbsp;&nbsp;&nbsp;Pontos<\/p>\n<\/p><\/div>\n<div class=\"blank100\"><\/div>\n<div id=\"current-matches\" class=\"aex-box-entry\">\n<h4 data-aos=\"flip-right\" data-aos-duration=\"1500\">Programa\u00e7\u00e3o atual de jogos<\/h4>\n<p>\t\tA programa\u00e7\u00e3o atual de jogos para os pr\u00f3ximos dias. Dias de jogos, datas e jogos.<\/p>\n<div class=\"blank20\"><\/div>\n<p>\t\t[soccer-info id=&#8221;512&#8243; type=&#8221;fixtures&#8221;]\t\t<\/p>\n<div class=\"blank20\"><\/div>\n<p class=\"aex-p-disclaimer\">Todos os dados sem garantia | Berlin 11:02\n<\/p><\/div>\n<div class=\"blank100\"><\/div>\n<div class=\"aex-box-entry\">\n\t\t<a href=\"https:\/\/menoffootball.com\/br\/live\/usa\/\" target=\"_self\" title=\"Resultados do futebol nos EUA\"><\/p>\n<p class=\"aex-p-worldwide-copyright\">Homens do Futebol<\/p>\n<p><\/a><\/p>\n<p class=\"aex-p-worldwide\">Resultados atuais e ligas internacionais<\/p>\n<div class=\"aex-box-flags-live\" data-aos=\"zoom-in\" data-aos-duration=\"1100\">\n\t\t\t<a href=\"https:\/\/menoffootball.com\/br\/live\/argentina\/\" target=\"_self\" title=\"Argentina\"><img decoding=\"async\" class=\"aex-flags-live\" data-aos=\"flip-left\" data-aos-duration=\"1100\" src=\"https:\/\/menoffootball.com\/com\/images\/flags\/img-ag.png\" alt=\"Argentina\"><\/a><a href=\"https:\/\/menoffootball.com\/br\/live\/australia\/\" target=\"_self\" title=\"Austr\u00e1lia\"><img decoding=\"async\" class=\"aex-flags-live\" data-aos=\"flip-left\" data-aos-duration=\"1200\" src=\"https:\/\/menoffootball.com\/com\/images\/flags\/img-au.png\" alt=\"Austr\u00e1lia\"><\/a><a href=\"https:\/\/menoffootball.com\/br\/live\/austria\/\" target=\"_self\" title=\"\u00c1ustria\"><img decoding=\"async\" class=\"aex-flags-live\" data-aos=\"flip-left\" data-aos-duration=\"1300\" src=\"https:\/\/menoffootball.com\/com\/images\/flags\/img-at.png\" alt=\"\u00c1ustriah\"><\/a><a href=\"https:\/\/menoffootball.com\/br\/live\/belgium\/\" target=\"_self\" title=\"B\u00e9lgica\"><img decoding=\"async\" class=\"aex-flags-live\" data-aos=\"flip-left\" data-aos-duration=\"1400\" src=\"https:\/\/menoffootball.com\/com\/images\/flags\/img-be.png\" alt=\"B\u00e9lgica\"><\/a><a href=\"https:\/\/menoffootball.com\/br\/live\/bosnia-herzegovina\/\" target=\"_self\" title=\"B\u00f3snia-Herzegovina\"><img decoding=\"async\" class=\"aex-flags-live\" data-aos=\"flip-right\" data-aos-duration=\"1500\" src=\"https:\/\/menoffootball.com\/com\/images\/flags\/img-ba.png\" alt=\"B\u00f3snia-Herzegovina\"><\/a><a href=\"https:\/\/menoffootball.com\/br\/live\/brazil\/\" target=\"_self\" title=\"Brasil\"><img decoding=\"async\" class=\"aex-flags-live\" data-aos=\"flip-right\" data-aos-duration=\"1600\" src=\"https:\/\/menoffootball.com\/com\/images\/flags\/img-br.png\" alt=\"Brasil\"><\/a><a href=\"https:\/\/menoffootball.com\/br\/live\/china\/\" target=\"_self\" title=\"China\"><img decoding=\"async\" class=\"aex-flags-live\" data-aos=\"flip-right\" data-aos-duration=\"1700\" src=\"https:\/\/menoffootball.com\/com\/images\/flags\/img-zh.png\" alt=\"China\"><\/a><a href=\"https:\/\/menoffootball.com\/br\/live\/czech-republic\/\" target=\"_self\" title=\"Rep\u00fablica Tcheca\"><img decoding=\"async\" class=\"aex-flags-live\" data-aos=\"flip-right\" data-aos-duration=\"1800\" src=\"https:\/\/menoffootball.com\/com\/images\/flags\/img-cz.png\" alt=\"Rep\u00fablica Tcheca\"><\/a>\n\t\t<\/div>\n<div class=\"aex-box-flags-live\" data-aos=\"zoom-in\" data-aos-duration=\"1400\">\n\t\t\t<a href=\"https:\/\/menoffootball.com\/br\/live\/denmark\/\" target=\"_self\" title=\"Dinamarca\"><img decoding=\"async\" class=\"aex-flags-live\" data-aos=\"flip-left\" data-aos-duration=\"1400\" src=\"https:\/\/menoffootball.com\/com\/images\/flags\/img-dk.png\" alt=\"Dinamarca\"><\/a><a href=\"https:\/\/menoffootball.com\/br\/live\/germany\/\" target=\"_self\" title=\"Alemanha\"><img decoding=\"async\" class=\"aex-flags-live\" data-aos=\"flip-left\" data-aos-duration=\"1500\" src=\"https:\/\/menoffootball.com\/com\/images\/flags\/img-de.png\" alt=\"Alemanha\"><\/a><a href=\"https:\/\/menoffootball.com\/br\/live\/europe\/\" target=\"_self\" title=\"Europa\"><img decoding=\"async\" class=\"aex-flags-live\" data-aos=\"flip-left\" data-aos-duration=\"1600\" src=\"https:\/\/menoffootball.com\/com\/images\/flags\/img-eu.png\" alt=\"Europa\"><\/a><a href=\"https:\/\/menoffootball.com\/br\/live\/finland\/\" target=\"_self\" title=\"Finl\u00e2ndia\"><img decoding=\"async\" class=\"aex-flags-live\" data-aos=\"flip-left\" data-aos-duration=\"1700\" src=\"https:\/\/menoffootball.com\/com\/images\/flags\/img-fi.png\" alt=\"Finl\u00e2ndia\"><\/a><a href=\"https:\/\/menoffootball.com\/br\/live\/france\/\" target=\"_self\" title=\"Fran\u00e7a\"><img decoding=\"async\" class=\"aex-flags-live\" data-aos=\"flip-right\" data-aos-duration=\"1800\" src=\"https:\/\/menoffootball.com\/com\/images\/flags\/img-fr.png\" alt=\"Fran\u00e7a\"><\/a><a href=\"https:\/\/menoffootball.com\/br\/live\/greece\/\" target=\"_self\" title=\"Gr\u00e9cia\"><img decoding=\"async\" class=\"aex-flags-live\" data-aos=\"flip-right\" data-aos-duration=\"1900\" src=\"https:\/\/menoffootball.com\/com\/images\/flags\/img-gr.png\" alt=\"Gr\u00e9cia\"><\/a><a href=\"https:\/\/menoffootball.com\/br\/live\/hungary\/\" target=\"_self\" title=\"Hungria\"><img decoding=\"async\" class=\"aex-flags-live\" data-aos=\"flip-right\" data-aos-duration=\"2000\" src=\"https:\/\/menoffootball.com\/com\/images\/flags\/img-hu.png\" alt=\"Hungria\"><\/a><a href=\"https:\/\/menoffootball.com\/br\/live\/india\/\" target=\"_self\" title=\"\u00cdndia\"><img decoding=\"async\" class=\"aex-flags-live\" data-aos=\"flip-right\" data-aos-duration=\"2100\" src=\"https:\/\/menoffootball.com\/com\/images\/flags\/img-in.png\" alt=\"\u00cdndia\"><\/a>\n\t\t<\/div>\n<div class=\"aex-box-flags-live\" data-aos=\"zoom-in\" data-aos-duration=\"1700\">\n\t\t\t<a href=\"https:\/\/menoffootball.com\/br\/live\/ireland\/\" target=\"_self\" title=\"Irlanda\"><img decoding=\"async\" class=\"aex-flags-live\" data-aos=\"flip-left\" data-aos-duration=\"1700\" src=\"https:\/\/menoffootball.com\/com\/images\/flags\/img-ie.png\" alt=\"Irlanda\"><\/a><a href=\"https:\/\/menoffootball.com\/br\/live\/israel\/\" target=\"_self\" title=\"Israel\"><img decoding=\"async\" class=\"aex-flags-live\" data-aos=\"flip-left\" data-aos-duration=\"1800\" src=\"https:\/\/menoffootball.com\/com\/images\/flags\/img-is.png\" alt=\"Israel\"><\/a><a href=\"https:\/\/menoffootball.com\/br\/live\/italy\/\" target=\"_self\" title=\"It\u00e1lia\"><img decoding=\"async\" class=\"aex-flags-live\" data-aos=\"flip-left\" data-aos-duration=\"1900\" src=\"https:\/\/menoffootball.com\/com\/images\/flags\/img-it.png\" alt=\"It\u00e1lia\"><\/a><a href=\"https:\/\/menoffootball.com\/br\/live\/japan\/\" target=\"_self\" title=\"Jap\u00e3o\"><img decoding=\"async\" class=\"aex-flags-live\" data-aos=\"flip-left\" data-aos-duration=\"2000\" src=\"https:\/\/menoffootball.com\/com\/images\/flags\/img-jp.png\" alt=\"Jap\u00e3o\"><\/a><a href=\"https:\/\/menoffootball.com\/br\/live\/canada\/\" target=\"_self\" title=\"Canad\u00e1\"><img decoding=\"async\" class=\"aex-flags-live\" data-aos=\"flip-right\" data-aos-duration=\"2100\" src=\"https:\/\/menoffootball.com\/com\/images\/flags\/img-ca.png\" alt=\"Canad\u00e1\"><\/a><a href=\"https:\/\/menoffootball.com\/br\/live\/lebanon\/\" target=\"_self\" title=\"L\u00edbano\"><img decoding=\"async\" class=\"aex-flags-live\" data-aos=\"flip-right\" data-aos-duration=\"2200\" src=\"https:\/\/menoffootball.com\/com\/images\/flags\/img-lb.png\" alt=\"L\u00edbano\"><\/a><a href=\"https:\/\/menoffootball.com\/br\/live\/italy\/\" target=\"_self\" title=\"M\u00e9xico\"><img decoding=\"async\" class=\"aex-flags-live\" data-aos=\"flip-right\" data-aos-duration=\"2300\" src=\"https:\/\/menoffootball.com\/com\/images\/flags\/img-mx.png\" alt=\"M\u00e9xico\"><\/a><a href=\"https:\/\/menoffootball.com\/br\/live\/netherlands\/\" target=\"_self\" title=\"Pa\u00edses Baixos\"><img decoding=\"async\" class=\"aex-flags-live\" data-aos=\"flip-right\" data-aos-duration=\"2400\" src=\"https:\/\/menoffootball.com\/com\/images\/flags\/img-nl.png\" alt=\"Pa\u00edses Baixos\"><\/a>\n\t\t<\/div>\n<div class=\"aex-box-flags-live\" data-aos=\"zoom-in\" data-aos-duration=\"2000\">\n\t\t\t<a href=\"https:\/\/menoffootball.com\/br\/live\/new-zealand\/\" target=\"_self\" title=\"Nova Zel\u00e2ndia\"><img decoding=\"async\" class=\"aex-flags-live\" data-aos=\"flip-left\" data-aos-duration=\"2000\" src=\"https:\/\/menoffootball.com\/com\/images\/flags\/img-nz.png\" alt=\"Nova Zel\u00e2ndia\"><\/a><a href=\"https:\/\/menoffootball.com\/br\/live\/norway\/\" target=\"_self\" title=\"Noruega\"><img decoding=\"async\" class=\"aex-flags-live\" data-aos=\"flip-left\" data-aos-duration=\"2100\" src=\"https:\/\/menoffootball.com\/com\/images\/flags\/img-no.png\" alt=\"Noruega\"><\/a><a href=\"https:\/\/menoffootball.com\/br\/live\/portugal\/\" target=\"_self\" title=\"Portugal\"><img decoding=\"async\" class=\"aex-flags-live\" data-aos=\"flip-left\" data-aos-duration=\"2200\" src=\"https:\/\/menoffootball.com\/com\/images\/flags\/img-pt.png\" alt=\"Portugal\"><\/a><a href=\"https:\/\/menoffootball.com\/br\/live\/russia\/\" target=\"_self\" title=\"R\u00fassia\"><img decoding=\"async\" class=\"aex-flags-live\" data-aos=\"flip-left\" data-aos-duration=\"2300\" src=\"https:\/\/menoffootball.com\/com\/images\/flags\/img-ru.png\" alt=\"R\u00fassia\"><\/a><a href=\"https:\/\/menoffootball.com\/br\/live\/saudi-arabia\/\" target=\"_self\" title=\"Ar\u00e1bia Saudita\"><img decoding=\"async\" class=\"aex-flags-live\" data-aos=\"flip-right\" data-aos-duration=\"2400\" src=\"https:\/\/menoffootball.com\/com\/images\/flags\/img-sa.png\" alt=\"Ar\u00e1bia Saudita\"><\/a><a href=\"https:\/\/menoffootball.com\/br\/live\/serbia\/\" target=\"_self\" title=\"S\u00e9rvia\"><img decoding=\"async\" class=\"aex-flags-live\" data-aos=\"flip-right\" data-aos-duration=\"2500\" src=\"https:\/\/menoffootball.com\/com\/images\/flags\/img-sr.png\" alt=\"S\u00e9rvia\"><\/a><a href=\"https:\/\/menoffootball.com\/br\/live\/slovakia\/\" target=\"_self\" title=\"Eslov\u00e1quia\"><img decoding=\"async\" class=\"aex-flags-live\" data-aos=\"flip-right\" data-aos-duration=\"2600\" src=\"https:\/\/menoffootball.com\/com\/images\/flags\/img-sk.png\" alt=\"Eslov\u00e1quia\"><\/a><a href=\"https:\/\/menoffootball.com\/br\/live\/slovenia\/\" target=\"_self\" title=\"Eslov\u00eania\"><img decoding=\"async\" class=\"aex-flags-live\" data-aos=\"flip-right\" data-aos-duration=\"2700\" src=\"https:\/\/menoffootball.com\/com\/images\/flags\/img-si.png\" alt=\"Eslov\u00eania\"><\/a>\n\t\t<\/div>\n<div class=\"aex-box-flags-live\" data-aos=\"zoom-in\" data-aos-duration=\"2300\">\n\t\t\t<a href=\"https:\/\/menoffootball.com\/br\/live\/south-africa\/\" target=\"_self\" title=\"\u00c1frica do Sul\"><img decoding=\"async\" class=\"aex-flags-live\" data-aos=\"flip-left\" data-aos-duration=\"2300\" src=\"https:\/\/menoffootball.com\/com\/images\/flags\/img-za.png\" alt=\"\u00c1frica do Sul\"><\/a><a href=\"https:\/\/menoffootball.com\/br\/live\/south-korea\/\" target=\"_self\" title=\"Coreia do Sul\"><img decoding=\"async\" class=\"aex-flags-live\" data-aos=\"flip-left\" data-aos-duration=\"2400\" src=\"https:\/\/menoffootball.com\/com\/images\/flags\/img-ko.png\" alt=\"Coreia do Sul\"><\/a><a href=\"https:\/\/menoffootball.com\/br\/live\/spain\/\" target=\"_self\" title=\"Espanha\"><img decoding=\"async\" class=\"aex-flags-live\" data-aos=\"flip-left\" data-aos-duration=\"2500\" src=\"https:\/\/menoffootball.com\/com\/images\/flags\/img-es.png\" alt=\"Espanha\"><\/a><a href=\"https:\/\/menoffootball.com\/br\/live\/sweden\/\" target=\"_self\" title=\"Su\u00e9cia\"><img decoding=\"async\" class=\"aex-flags-live\" data-aos=\"flip-left\" data-aos-duration=\"2600\" src=\"https:\/\/menoffootball.com\/com\/images\/flags\/img-se.png\" alt=\"Su\u00e9cia\"><\/a><a href=\"https:\/\/menoffootball.com\/br\/live\/switzerland\/\" target=\"_self\" title=\"Su\u00ed\u00e7a\"><img decoding=\"async\" class=\"aex-flags-live\" data-aos=\"flip-right\" data-aos-duration=\"2700\" src=\"https:\/\/menoffootball.com\/com\/images\/flags\/img-ch.png\" alt=\"Su\u00ed\u00e7a\"><\/a><a href=\"https:\/\/menoffootball.com\/br\/live\/turkiye\/\" target=\"_self\" title=\"Turquia\"><img decoding=\"async\" class=\"aex-flags-live\" data-aos=\"flip-right\" data-aos-duration=\"2800\" src=\"https:\/\/menoffootball.com\/com\/images\/flags\/img-tr.png\" alt=\"Turquia\"><\/a><a href=\"https:\/\/menoffootball.com\/br\/live\/uk\/\" target=\"_self\" title=\"Reino Unido\"><img decoding=\"async\" class=\"aex-flags-live\" data-aos=\"flip-right\" data-aos-duration=\"2900\" src=\"https:\/\/menoffootball.com\/com\/images\/flags\/img-uk.png\" alt=\"Reino Unido\"><\/a><a href=\"https:\/\/menoffootball.com\/br\/live\/usa\/\" target=\"_self\" title=\"Estados Unidos da Am\u00e9rica\"><img decoding=\"async\" class=\"aex-flags-live\" data-aos=\"flip-right\" data-aos-duration=\"3000\" src=\"https:\/\/menoffootball.com\/com\/images\/flags\/img-us.png\" alt=\"Estados Unidos da Am\u00e9rica\"><\/a>\n\t\t<\/div>\n<\/p><\/div>\n<\/div>\n","protected":false},"excerpt":{"rendered":"<p>Resultados atuais do futebol americano, pontos e gols da temporada atual em um relance. Ao vivo. MLS | Major League Soccer EUA Am\u00e9rica 01. | Resultados 02. | Pontos 03. | Plano de jogo Resultados atuais Resultados atuais, partidas e gols da temporada atual. Pontua\u00e7\u00e3o atual. [soccer-info id=&#8221;512&#8243; type=&#8221;results&#8221;] Todos os dados sem garantia | [&hellip;]<\/p>\n","protected":false},"author":1,"featured_media":190,"parent":358,"menu_order":0,"comment_status":"closed","ping_status":"closed","template":"","meta":{"footnotes":""},"class_list":["post-482","page","type-page","status-publish","has-post-thumbnail","hentry"],"translation":{"provider":"WPGlobus","version":"3.0.2","language":"br","enabled_languages":["de","tr","en","es","br","fr","it","ar","ru","zh","ko","hi","ja"],"languages":{"de":{"title":true,"content":true,"excerpt":false},"tr":{"title":true,"content":true,"excerpt":false},"en":{"title":true,"content":true,"excerpt":false},"es":{"title":true,"content":true,"excerpt":false},"br":{"title":true,"content":true,"excerpt":false},"fr":{"title":true,"content":true,"excerpt":false},"it":{"title":true,"content":true,"excerpt":false},"ar":{"title":true,"content":true,"excerpt":false},"ru":{"title":true,"content":true,"excerpt":false},"zh":{"title":true,"content":true,"excerpt":false},"ko":{"title":true,"content":true,"excerpt":false},"hi":{"title":true,"content":true,"excerpt":false},"ja":{"title":true,"content":true,"excerpt":false}}},"_links":{"self":[{"href":"https:\/\/menoffootball.com\/br\/wp-json\/wp\/v2\/pages\/482","targetHints":{"allow":["GET"]}}],"collection":[{"href":"https:\/\/menoffootball.com\/br\/wp-json\/wp\/v2\/pages"}],"about":[{"href":"https:\/\/menoffootball.com\/br\/wp-json\/wp\/v2\/types\/page"}],"author":[{"embeddable":true,"href":"https:\/\/menoffootball.com\/br\/wp-json\/wp\/v2\/users\/1"}],"replies":[{"embeddable":true,"href":"https:\/\/menoffootball.com\/br\/wp-json\/wp\/v2\/comments?post=482"}],"version-history":[{"count":0,"href":"https:\/\/menoffootball.com\/br\/wp-json\/wp\/v2\/pages\/482\/revisions"}],"up":[{"embeddable":true,"href":"https:\/\/menoffootball.com\/br\/wp-json\/wp\/v2\/pages\/358"}],"wp:featuredmedia":[{"embeddable":true,"href":"https:\/\/menoffootball.com\/br\/wp-json\/wp\/v2\/media\/190"}],"wp:attachment":[{"href":"https:\/\/menoffootball.com\/br\/wp-json\/wp\/v2\/media?parent=482"}],"curies":[{"name":"wp","href":"https:\/\/api.w.org\/{rel}","templated":true}]}}