{"id":30,"date":"2023-08-18T18:57:44","date_gmt":"2023-08-18T16:57:44","guid":{"rendered":"https:\/\/menoffootball.com\/?page_id=30"},"modified":"2023-08-18T19:16:52","modified_gmt":"2023-08-18T17:16:52","slug":"contact","status":"publish","type":"page","link":"https:\/\/menoffootball.com\/es\/contact\/","title":{"rendered":"Contacto"},"content":{"rendered":"<div class=\"aex-wrapper\">\n<div class=\"aex-box special-post\">\n<p class=\"aex-p-cat-intro\"><strong>\u00abHombres de F\u00fatbol | Est\u00e9tica del Jugador\u00bb<\/strong> se alegra de cualquier tipo de noticia.<br \/>\n\t\tLe invitamos a expresar aqu\u00ed sus elogios y cr\u00edticas y a\tponerse en contacto con \u00abHombres de F\u00fatbol\u00bb.<\/p>\n<p class=\"aex-p-cat-intro-sub\">Hombres de F\u00fatbol es un proyecto de <a href=\"https:\/\/aexraex.com\/es\/\" target=\"_blank\" title=\"Aexraex | Creaci\u00f3n de Contenido Digital\" rel=\"noopener\">Aexraex<\/a>.<br \/>\n\t\tPara este concepto art\u00edstico, Hombres de F\u00fatbol colabora con <a href=\"https:\/\/menoffootball.com\/es\/resources-photographers-and-football-players\/\" target=\"_self\" title=\"Todos los futbolistas y fot\u00f3grafos\">futbolistas profesionales y fot\u00f3grafos<\/a>.<br \/>\n\t\tFinalmente, Aexraex elabora la est\u00e9tica especial de cada jugador y la visualiza de forma art\u00edstica.<\/p>\n<\/p><\/div>\n<div class=\"blank80\"><\/div>\n<div class=\"aex-box\">\n\t\t<!-- MetaSlider 1225 not found -->\n\t<\/div>\n<div class=\"blank100\"><\/div>\n<div class=\"aex-box special-post\">\n<h3 data-aos=\"flip-right\" data-aos-duration=\"2000\">Contacto \u00abHombres de F\u00fatbol\u00bb<\/h3>\n<p>Escriba aqu\u00ed su mensaje.<br \/>\n\t\t\u00abHombres de F\u00fatbol\u00bb te responder\u00e1 tan r\u00e1pido como pueda.<\/p>\n<div class=\"blank100\"><\/div>\n<p>\t\t[contact-form-7 id=&#8221;acc9d18&#8243; title=&#8221;Kontakt ES&#8221;]\n\t<\/p><\/div>\n<\/div>\n","protected":false},"excerpt":{"rendered":"<p>\u00abHombres de F\u00fatbol | Est\u00e9tica del Jugador\u00bb se alegra de cualquier tipo de noticia. Le invitamos a expresar aqu\u00ed sus elogios y cr\u00edticas y a ponerse en contacto con \u00abHombres de F\u00fatbol\u00bb. Hombres de F\u00fatbol es un proyecto de Aexraex. Para este concepto art\u00edstico, Hombres de F\u00fatbol colabora con futbolistas profesionales y fot\u00f3grafos. Finalmente, Aexraex [&hellip;]<\/p>\n","protected":false},"author":1,"featured_media":0,"parent":0,"menu_order":0,"comment_status":"closed","ping_status":"closed","template":"","meta":{"footnotes":""},"class_list":["post-30","page","type-page","status-publish","hentry"],"translation":{"provider":"WPGlobus","version":"3.0.2","language":"es","enabled_languages":["de","tr","en","es","br","fr","it","ar","ru","zh","ko","hi","ja"],"languages":{"de":{"title":true,"content":true,"excerpt":false},"tr":{"title":true,"content":true,"excerpt":false},"en":{"title":true,"content":true,"excerpt":false},"es":{"title":true,"content":true,"excerpt":false},"br":{"title":true,"content":true,"excerpt":false},"fr":{"title":true,"content":true,"excerpt":false},"it":{"title":true,"content":true,"excerpt":false},"ar":{"title":true,"content":true,"excerpt":false},"ru":{"title":true,"content":true,"excerpt":false},"zh":{"title":true,"content":true,"excerpt":false},"ko":{"title":true,"content":true,"excerpt":false},"hi":{"title":true,"content":true,"excerpt":false},"ja":{"title":true,"content":true,"excerpt":false}}},"_links":{"self":[{"href":"https:\/\/menoffootball.com\/es\/wp-json\/wp\/v2\/pages\/30","targetHints":{"allow":["GET"]}}],"collection":[{"href":"https:\/\/menoffootball.com\/es\/wp-json\/wp\/v2\/pages"}],"about":[{"href":"https:\/\/menoffootball.com\/es\/wp-json\/wp\/v2\/types\/page"}],"author":[{"embeddable":true,"href":"https:\/\/menoffootball.com\/es\/wp-json\/wp\/v2\/users\/1"}],"replies":[{"embeddable":true,"href":"https:\/\/menoffootball.com\/es\/wp-json\/wp\/v2\/comments?post=30"}],"version-history":[{"count":0,"href":"https:\/\/menoffootball.com\/es\/wp-json\/wp\/v2\/pages\/30\/revisions"}],"wp:attachment":[{"href":"https:\/\/menoffootball.com\/es\/wp-json\/wp\/v2\/media?parent=30"}],"curies":[{"name":"wp","href":"https:\/\/api.w.org\/{rel}","templated":true}]}}