{"id":32,"date":"2023-08-18T18:59:50","date_gmt":"2023-08-18T16:59:50","guid":{"rendered":"https:\/\/menoffootball.com\/?page_id=32"},"modified":"2023-08-20T07:42:49","modified_gmt":"2023-08-20T05:42:49","slug":"about","status":"publish","type":"page","link":"https:\/\/menoffootball.com\/es\/about\/","title":{"rendered":"Acerca de"},"content":{"rendered":"<div class=\"aex-wrapper\">\n<div class=\"aex-box-entry\" data-aos=\"fade-up\" data-aos-duration=\"1200\">\n<p class=\"aex-p-intro\"><strong>\u00abHombres de F\u00fatbol | Est\u00e9tica del Jugador\u00bb<\/strong> es un proyecto de f\u00fatbol y arte.<\/p>\n<p>\t\tEst\u00e9tica del Jugador se ha propuesto resaltar la est\u00e9tica del f\u00fatbol, pero sobre todo la est\u00e9tica del futbolista, a trav\u00e9s de im\u00e1genes, v\u00eddeos e instant\u00e1neas.<\/p>\n<div class=\"blank20\"><\/div>\n<p class=\"aex-p-claim\">Hombres de F\u00fatbol es un proyecto de <a href=\"https:\/\/aexraex.com\/es\/\" target=\"_blank\" title=\"Aexraex | Creaci\u00f3n de Contenido Digital \u2022 Medios \u2022 Social \u2022 Dise\u00f1o \u2022 Web \u2022 Artista\" rel=\"noopener\">Aexraex<\/a>.<br \/>\n\t\tPara este concepto art\u00edstico, Hombres de F\u00fatbol colabora con futbolistas profesionales y fot\u00f3grafos.<br \/>\n\t\tFinalmente, Aexraex elabora la est\u00e9tica especial de cada jugador y la visualiza de forma art\u00edstica.<\/p>\n<\/p><\/div>\n<div class=\"blank80\"><\/div>\n<div class=\"aex-box-entry-gallery-center\" data-aos=\"zoom-in\" data-aos-duration=\"2700\">\n\t\t<div id=\"metaslider-id-204\" style=\"width: 100%; margin: 0 auto;\" class=\"ml-slider-3-107-0 metaslider metaslider-flex metaslider-204 ml-slider has-dots-nav has-carousel-mode ms-theme-default\" role=\"region\" aria-label=\"Men of Football | Startseite - Center\" data-height=\"194\" data-width=\"194\">\n    <div id=\"metaslider_container_204\">\n        <div id=\"metaslider_204\">\n            <ul class='slides'>\n                <li style=\"display: none; width: 100%;\" class=\"slide-208 ms-image \" aria-roledescription=\"slide\" data-date=\"2023-08-19 06:43:11\" data-filename=\"00008-men-of-football-com-aesthetic-gallery-stylish-play-194x194.png\" data-slide-type=\"image\"><img loading=\"lazy\" decoding=\"async\" src=\"https:\/\/menoffootball.com\/wp-content\/uploads\/2023\/08\/00008-men-of-football-com-aesthetic-gallery-stylish-play-194x194.png\" height=\"194\" width=\"194\" alt=\"\" class=\"slider-204 slide-208 msDefaultImage\" title=\"00008-men-of-football-com-aesthetic-gallery-stylish-play\"><\/li>\n                <li style=\"display: none; width: 100%;\" class=\"slide-211 ms-image \" aria-roledescription=\"slide\" data-date=\"2023-08-19 06:43:12\" data-filename=\"00034-men-of-football-com-aesthetic-gallery-stylish-play-194x194.png\" data-slide-type=\"image\"><img loading=\"lazy\" decoding=\"async\" src=\"https:\/\/menoffootball.com\/wp-content\/uploads\/2023\/08\/00034-men-of-football-com-aesthetic-gallery-stylish-play-194x194.png\" height=\"194\" width=\"194\" alt=\"\" class=\"slider-204 slide-211 msDefaultImage\" title=\"00034-men-of-football-com-aesthetic-gallery-stylish-play\"><\/li>\n                <li style=\"display: none; width: 100%;\" class=\"slide-205 ms-image \" aria-roledescription=\"slide\" data-date=\"2023-08-19 06:43:11\" data-filename=\"00002-men-of-football-com-aesthetic-gallery-stylish-play-194x194.png\" data-slide-type=\"image\"><img loading=\"lazy\" decoding=\"async\" src=\"https:\/\/menoffootball.com\/wp-content\/uploads\/2023\/08\/00002-men-of-football-com-aesthetic-gallery-stylish-play-194x194.png\" height=\"194\" width=\"194\" alt=\"\" class=\"slider-204 slide-205 msDefaultImage\" title=\"00002-men-of-football-com-aesthetic-gallery-stylish-play\"><\/li>\n                <li style=\"display: none; width: 100%;\" class=\"slide-206 ms-image \" aria-roledescription=\"slide\" data-date=\"2023-08-19 06:43:11\" data-filename=\"00019-men-of-football-com-aesthetic-gallery-legs-thighs-and-calves-194x194.png\" data-slide-type=\"image\"><img loading=\"lazy\" decoding=\"async\" src=\"https:\/\/menoffootball.com\/wp-content\/uploads\/2023\/08\/00019-men-of-football-com-aesthetic-gallery-legs-thighs-and-calves-194x194.png\" height=\"194\" width=\"194\" alt=\"\" class=\"slider-204 slide-206 msDefaultImage\" title=\"00019-men-of-football-com-aesthetic-gallery-legs-thighs-and-calves\"><\/li>\n                <li style=\"display: none; width: 100%;\" class=\"slide-207 ms-image \" aria-roledescription=\"slide\" data-date=\"2023-08-19 06:43:11\" data-filename=\"00006-men-of-football-com-aesthetic-gallery-close-ups-194x194.png\" data-slide-type=\"image\"><img loading=\"lazy\" decoding=\"async\" src=\"https:\/\/menoffootball.com\/wp-content\/uploads\/2023\/08\/00006-men-of-football-com-aesthetic-gallery-close-ups-194x194.png\" height=\"194\" width=\"194\" alt=\"\" class=\"slider-204 slide-207 msDefaultImage\" title=\"00006-men-of-football-com-aesthetic-gallery-close-ups\"><\/li>\n                <li style=\"display: none; width: 100%;\" class=\"slide-212 ms-image \" aria-roledescription=\"slide\" data-date=\"2023-08-19 06:43:12\" data-filename=\"00029-men-of-football-com-aesthetic-gallery-footballers-physique-194x194.png\" data-slide-type=\"image\"><img loading=\"lazy\" decoding=\"async\" src=\"https:\/\/menoffootball.com\/wp-content\/uploads\/2023\/08\/00029-men-of-football-com-aesthetic-gallery-footballers-physique-194x194.png\" height=\"194\" width=\"194\" alt=\"\" class=\"slider-204 slide-212 msDefaultImage\" title=\"00029-men-of-football-com-aesthetic-gallery-footballers-physique\"><\/li>\n                <li style=\"display: none; width: 100%;\" class=\"slide-210 ms-image \" aria-roledescription=\"slide\" data-date=\"2023-08-19 06:43:12\" data-filename=\"00004-men-of-football-com-aesthetic-gallery-footballers-physique-194x194.png\" data-slide-type=\"image\"><img loading=\"lazy\" decoding=\"async\" src=\"https:\/\/menoffootball.com\/wp-content\/uploads\/2023\/08\/00004-men-of-football-com-aesthetic-gallery-footballers-physique-194x194.png\" height=\"194\" width=\"194\" alt=\"\" class=\"slider-204 slide-210 msDefaultImage\" title=\"00004-men-of-football-com-aesthetic-gallery-footballers-physique\"><\/li>\n                <li style=\"display: none; width: 100%;\" class=\"slide-209 ms-image \" aria-roledescription=\"slide\" data-date=\"2023-08-19 06:43:11\" data-filename=\"00021-men-of-football-com-aesthetic-gallery-soldiers-brothers-and-squads-194x194.png\" data-slide-type=\"image\"><img loading=\"lazy\" decoding=\"async\" src=\"https:\/\/menoffootball.com\/wp-content\/uploads\/2023\/08\/00021-men-of-football-com-aesthetic-gallery-soldiers-brothers-and-squads-194x194.png\" height=\"194\" width=\"194\" alt=\"\" class=\"slider-204 slide-209 msDefaultImage\" title=\"00021-men-of-football-com-aesthetic-gallery-soldiers-brothers-and-squads\"><\/li>\n            <\/ul>\n        <\/div>\n        \n    <\/div>\n<\/div>\n\t<\/div>\n<div class=\"blank80\"><\/div>\n<div class=\"aex-box-entry\" data-aos=\"fade-up\" data-aos-duration=\"1200\">\n<h3 data-aos=\"flip-right\" data-aos-duration=\"1500\">F\u00fatbol y est\u00e9tica<\/h3>\n<p>\t\tEl futbolista se esfuerza por alcanzar la perfecci\u00f3n deportiva. No s\u00f3lo trabaja sus habilidades mentales, como la elaboraci\u00f3n de una ventaja estrat\u00e9gica y t\u00e1ctica para \u00e9l y su equipo, sino tambi\u00e9n su f\u00edsico para poder rendir eficazmente en el terreno de juego, para lo cual entrena a diario su cuerpo y su ser.<\/p>\n<p>\t\tMediante este entrenamiento, el jugador desarrolla un car\u00e1cter combativo para poder marcar goles con su equipo sobre el terreno de juego y ganar el partido para s\u00ed mismo y, de este modo, vencer.<\/p>\n<p>\t\tPiernas fuertes, pantorrillas fuertes, un cuerpo musculoso y bien entrenado hacen a un futbolista profesional. Men of Football se centra en la est\u00e9tica inherente al deporte del f\u00fatbol.<\/p>\n<p>\t\tLa interacci\u00f3n de m\u00fasculos, fuerza y pasi\u00f3n s\u00f3lo se nos hace perceptible al capturar un momento en una imagen. Son precisamente estas percepciones, impresiones sensoriales y emociones las que Men of Football describe con el concepto de est\u00e9tica.<\/p>\n<p>\t\tSon los jugadores individuales quienes, con su cuerpo, su t\u00e9cnica y su ser, transforman un partido de f\u00fatbol en una obra de arte. El futbolista no es s\u00f3lo un atleta est\u00e9tico, sino un luchador y un artista.<\/p>\n<p>\t\tLa est\u00e9tica deportiva es arte.\n\t<\/p><\/div>\n<\/div>\n","protected":false},"excerpt":{"rendered":"<p>\u00abHombres de F\u00fatbol | Est\u00e9tica del Jugador\u00bb es un proyecto de f\u00fatbol y arte. Est\u00e9tica del Jugador se ha propuesto resaltar la est\u00e9tica del f\u00fatbol, pero sobre todo la est\u00e9tica del futbolista, a trav\u00e9s de im\u00e1genes, v\u00eddeos e instant\u00e1neas. Hombres de F\u00fatbol es un proyecto de Aexraex. Para este concepto art\u00edstico, Hombres de F\u00fatbol colabora [&hellip;]<\/p>\n","protected":false},"author":1,"featured_media":0,"parent":0,"menu_order":0,"comment_status":"closed","ping_status":"closed","template":"","meta":{"footnotes":""},"class_list":["post-32","page","type-page","status-publish","hentry"],"translation":{"provider":"WPGlobus","version":"3.0.2","language":"es","enabled_languages":["de","tr","en","es","br","fr","it","ar","ru","zh","ko","hi","ja"],"languages":{"de":{"title":true,"content":true,"excerpt":false},"tr":{"title":true,"content":true,"excerpt":false},"en":{"title":true,"content":true,"excerpt":false},"es":{"title":true,"content":true,"excerpt":false},"br":{"title":true,"content":true,"excerpt":false},"fr":{"title":true,"content":true,"excerpt":false},"it":{"title":true,"content":true,"excerpt":false},"ar":{"title":true,"content":true,"excerpt":false},"ru":{"title":true,"content":true,"excerpt":false},"zh":{"title":true,"content":true,"excerpt":false},"ko":{"title":true,"content":true,"excerpt":false},"hi":{"title":true,"content":true,"excerpt":false},"ja":{"title":true,"content":true,"excerpt":false}}},"_links":{"self":[{"href":"https:\/\/menoffootball.com\/es\/wp-json\/wp\/v2\/pages\/32","targetHints":{"allow":["GET"]}}],"collection":[{"href":"https:\/\/menoffootball.com\/es\/wp-json\/wp\/v2\/pages"}],"about":[{"href":"https:\/\/menoffootball.com\/es\/wp-json\/wp\/v2\/types\/page"}],"author":[{"embeddable":true,"href":"https:\/\/menoffootball.com\/es\/wp-json\/wp\/v2\/users\/1"}],"replies":[{"embeddable":true,"href":"https:\/\/menoffootball.com\/es\/wp-json\/wp\/v2\/comments?post=32"}],"version-history":[{"count":0,"href":"https:\/\/menoffootball.com\/es\/wp-json\/wp\/v2\/pages\/32\/revisions"}],"wp:attachment":[{"href":"https:\/\/menoffootball.com\/es\/wp-json\/wp\/v2\/media?parent=32"}],"curies":[{"name":"wp","href":"https:\/\/api.w.org\/{rel}","templated":true}]}}