{"id":501,"date":"2023-08-25T03:57:35","date_gmt":"2023-08-25T01:57:35","guid":{"rendered":"https:\/\/menoffootball.com\/?page_id=501"},"modified":"2023-08-25T03:59:04","modified_gmt":"2023-08-25T01:59:04","slug":"china","status":"publish","type":"page","link":"https:\/\/menoffootball.com\/es\/live\/china\/","title":{"rendered":"China"},"content":{"rendered":"<div class=\"aex-wrapper\">\n<div class=\"aex-box-entry\">\n<p class=\"aex-p-intro\">Resultados actuales en el f\u00fatbol chino, puntos y goles de la temporada actual de un vistazo. En directo.<\/p>\n<p class=\"aex-p-claim\">China League One<br \/>\n\t\tChina<br \/>\n\t\tAsia<\/p>\n<div class=\"blank20\"><\/div>\n<div class=\"aex-imprint-table\">\n<div class=\"aex-imprint-table\">\n<div class=\"aex-imprint-table-left\">01. | <\/div>\n<div class=\"aex-imprint-table-right\"><a class=\"aex-imprint-link-title\" href=\"#current-results\" target=\"_self\" title=\"Resultados\">Resultados<\/a><\/div>\n<\/p><\/div>\n<div class=\"aex-imprint-table\">\n<div class=\"aex-imprint-table-left\">02. | <\/div>\n<div class=\"aex-imprint-table-right\"><a class=\"aex-imprint-link-title\" href=\"#current-points\" target=\"_self\" title=\"Puntos\">Puntos<\/a><\/div>\n<\/p><\/div>\n<div class=\"aex-imprint-table\">\n<div class=\"aex-imprint-table-left\">03. | <\/div>\n<div class=\"aex-imprint-table-right\"><a class=\"aex-imprint-link-title\" href=\"#current-matches\" target=\"_self\" title=\"Plan de juego\">Plan de juego<\/a><\/div>\n<\/p><\/div>\n<\/p><\/div>\n<\/p><\/div>\n<div class=\"blank100\"><\/div>\n<div  id=\"current-results\" class=\"aex-box-entry\">\n<h4 data-aos=\"flip-right\" data-aos-duration=\"1500\">Resultados actuales<\/h4>\n<p>\t\tResultados, partidos y goles de la temporada en curso. Puntuaci\u00f3n actual.<\/p>\n<div class=\"blank20\"><\/div>\n<p>\t\t[soccer-info id=&#8221;180&#8243; type=&#8221;results&#8221;]\n<div class=\"blank20\"><\/div>\n<p class=\"aex-p-disclaimer\">Todos los datos sin garant\u00eda | Berl\u00edn 04:34\n<\/p><\/div>\n<div class=\"blank100\"><\/div>\n<div id=\"current-points\" class=\"aex-box-entry\">\n<h4 data-aos=\"flip-right\" data-aos-duration=\"1500\">Puntos actuales<\/h4>\n<p>\t\tPuntos actuales, partidos y otros resultados de un vistazo. Victorias y derrotas. <\/p>\n<div class=\"blank20\"><\/div>\n<p>\t\t[soccer-info id=&#8221;180&#8243; type=&#8221;table&#8221;]\n<div class=\"blank20\"><\/div>\n<p class=\"aex-p-disclaimer\">Todos los datos sin garant\u00eda | Berl\u00edn 04:34\n<p class=\"aex-p-disclaimer-legend\"><font style=\"color:black;\">#<\/font>&nbsp;&nbsp;&nbsp;Ranking<br \/>\n\t\t<font style=\"color:black;\">Mannschaft<\/font>&nbsp;&nbsp;&nbsp;Equipo<br \/>\n\t\t<font style=\"color:black;\">Spiele<\/font>&nbsp;&nbsp;&nbsp;Juegos completados<br \/>\n\t\t<font style=\"color:black;\">S<\/font>&nbsp;&nbsp;&nbsp;Victorias<br \/>\n\t\t<font style=\"color:black;\">U<\/font>&nbsp;&nbsp;&nbsp;Dibujar<br \/>\n\t\t<font style=\"color:black;\">N<\/font>&nbsp;&nbsp;&nbsp;Derrotas<br \/>\n\t\t<font style=\"color:black;\">T<\/font>&nbsp;&nbsp;&nbsp;Objetivos<br \/>\n\t\t<font style=\"color:black;\">GT<\/font>&nbsp;&nbsp;&nbsp;Goles en contra<br \/>\n\t\t<font style=\"color:black;\">TD<\/font>&nbsp;&nbsp;&nbsp;Diferencia de goles<br \/>\n\t\t<font style=\"color:black;\">P<\/font>&nbsp;&nbsp;&nbsp;Puntos<\/p>\n<\/p><\/div>\n<div class=\"blank100\"><\/div>\n<div id=\"current-matches\" class=\"aex-box-entry\">\n<h4 data-aos=\"flip-right\" data-aos-duration=\"1500\">Calendario actual de partidos<\/h4>\n<p>\t\tEl calendario actual de partidos para los pr\u00f3ximos d\u00edas. D\u00edas, fechas y partidos.<\/p>\n<div class=\"blank20\"><\/div>\n<p>\t\t[soccer-info id=&#8221;180&#8243; type=&#8221;fixtures&#8221;]\t\t<\/p>\n<div class=\"blank20\"><\/div>\n<p class=\"aex-p-disclaimer\">Todos los datos sin garant\u00eda | Berl\u00edn 04:34\n<\/p><\/div>\n<div class=\"blank100\"><\/div>\n<div class=\"aex-box-entry\">\n\t\t<a href=\"https:\/\/menoffootball.com\/es\/live\/china\/\" target=\"_self\" title=\"Resultados del f\u00fatbol en China\"><\/p>\n<p class=\"aex-p-worldwide-copyright\">Hombres de F\u00fatbol<\/p>\n<p><\/a><\/p>\n<p class=\"aex-p-worldwide\">Resultados actuales y ligas internacionales<\/p>\n<div class=\"aex-box-flags-live\" data-aos=\"zoom-in\" data-aos-duration=\"1100\">\n\t\t\t<a href=\"https:\/\/menoffootball.com\/es\/live\/argentina\/\" target=\"_self\" title=\"Argentina\"><img decoding=\"async\" class=\"aex-flags-live\" data-aos=\"flip-left\" data-aos-duration=\"1100\" src=\"https:\/\/menoffootball.com\/com\/images\/flags\/img-ag.png\" alt=\"Argentina\"><\/a><a href=\"https:\/\/menoffootball.com\/es\/live\/australia\/\" target=\"_self\" title=\"Australia\"><img decoding=\"async\" class=\"aex-flags-live\" data-aos=\"flip-left\" data-aos-duration=\"1200\" src=\"https:\/\/menoffootball.com\/com\/images\/flags\/img-au.png\" alt=\"Australia\"><\/a><a href=\"https:\/\/menoffootball.com\/es\/live\/austria\/\" target=\"_self\" title=\"Austria\"><img decoding=\"async\" class=\"aex-flags-live\" data-aos=\"flip-left\" data-aos-duration=\"1300\" src=\"https:\/\/menoffootball.com\/com\/images\/flags\/img-at.png\" alt=\"Austria\"><\/a><a href=\"https:\/\/menoffootball.com\/es\/live\/belgium\/\" target=\"_self\" title=\"B\u00e9lgica\"><img decoding=\"async\" class=\"aex-flags-live\" data-aos=\"flip-left\" data-aos-duration=\"1400\" src=\"https:\/\/menoffootball.com\/com\/images\/flags\/img-be.png\" alt=\"B\u00e9lgica\"><\/a><a href=\"https:\/\/menoffootball.com\/es\/live\/bosnia-herzegovina\/\" target=\"_self\" title=\"Bosnia-Herzegovina\"><img decoding=\"async\" class=\"aex-flags-live\" data-aos=\"flip-right\" data-aos-duration=\"1500\" src=\"https:\/\/menoffootball.com\/com\/images\/flags\/img-ba.png\" alt=\"Bosnia-Herzegovina\"><\/a><a href=\"https:\/\/menoffootball.com\/es\/live\/brazil\/\" target=\"_self\" title=\"Brasil\"><img decoding=\"async\" class=\"aex-flags-live\" data-aos=\"flip-right\" data-aos-duration=\"1600\" src=\"https:\/\/menoffootball.com\/com\/images\/flags\/img-br.png\" alt=\"Brasil\"><\/a><a href=\"https:\/\/menoffootball.com\/es\/live\/china\/\" target=\"_self\" title=\"China\"><img decoding=\"async\" class=\"aex-flags-live\" data-aos=\"flip-right\" data-aos-duration=\"1700\" src=\"https:\/\/menoffootball.com\/com\/images\/flags\/img-zh.png\" alt=\"China\"><\/a><a href=\"https:\/\/menoffootball.com\/es\/live\/czech-republic\/\" target=\"_self\" title=\"Rep\u00fablica Checa\"><img decoding=\"async\" class=\"aex-flags-live\" data-aos=\"flip-right\" data-aos-duration=\"1800\" src=\"https:\/\/menoffootball.com\/com\/images\/flags\/img-cz.png\" alt=\"Rep\u00fablica Checa\"><\/a>\n\t\t<\/div>\n<div class=\"aex-box-flags-live\" data-aos=\"zoom-in\" data-aos-duration=\"1400\">\n\t\t\t<a href=\"https:\/\/menoffootball.com\/es\/live\/denmark\/\" target=\"_self\" title=\"Dinamarca\"><img decoding=\"async\" class=\"aex-flags-live\" data-aos=\"flip-left\" data-aos-duration=\"1400\" src=\"https:\/\/menoffootball.com\/com\/images\/flags\/img-dk.png\" alt=\"Dinamarca\"><\/a><a href=\"https:\/\/menoffootball.com\/es\/live\/germany\/\" target=\"_self\" title=\"Alemania\"><img decoding=\"async\" class=\"aex-flags-live\" data-aos=\"flip-left\" data-aos-duration=\"1500\" src=\"https:\/\/menoffootball.com\/com\/images\/flags\/img-de.png\" alt=\"Alemania\"><\/a><a href=\"https:\/\/menoffootball.com\/es\/live\/europe\/\" target=\"_self\" title=\"Europa\"><img decoding=\"async\" class=\"aex-flags-live\" data-aos=\"flip-left\" data-aos-duration=\"1600\" src=\"https:\/\/menoffootball.com\/com\/images\/flags\/img-eu.png\" alt=\"Europa\"><\/a><a href=\"https:\/\/menoffootball.com\/es\/live\/finland\/\" target=\"_self\" title=\"Finlandia\"><img decoding=\"async\" class=\"aex-flags-live\" data-aos=\"flip-left\" data-aos-duration=\"1700\" src=\"https:\/\/menoffootball.com\/com\/images\/flags\/img-fi.png\" alt=\"Finlandia\"><\/a><a href=\"https:\/\/menoffootball.com\/es\/live\/france\/\" target=\"_self\" title=\"Francia\"><img decoding=\"async\" class=\"aex-flags-live\" data-aos=\"flip-right\" data-aos-duration=\"1800\" src=\"https:\/\/menoffootball.com\/com\/images\/flags\/img-fr.png\" alt=\"Francia\"><\/a><a href=\"https:\/\/menoffootball.com\/es\/live\/greece\/\" target=\"_self\" title=\"Grecia\"><img decoding=\"async\" class=\"aex-flags-live\" data-aos=\"flip-right\" data-aos-duration=\"1900\" src=\"https:\/\/menoffootball.com\/com\/images\/flags\/img-gr.png\" alt=\"Grecia\"><\/a><a href=\"https:\/\/menoffootball.com\/es\/live\/hungary\/\" target=\"_self\" title=\"Hungr\u00eda\"><img decoding=\"async\" class=\"aex-flags-live\" data-aos=\"flip-right\" data-aos-duration=\"2000\" src=\"https:\/\/menoffootball.com\/com\/images\/flags\/img-hu.png\" alt=\"Hungr\u00eda\"><\/a><a href=\"https:\/\/menoffootball.com\/es\/live\/india\/\" target=\"_self\" title=\"India\"><img decoding=\"async\" class=\"aex-flags-live\" data-aos=\"flip-right\" data-aos-duration=\"2100\" src=\"https:\/\/menoffootball.com\/com\/images\/flags\/img-in.png\" alt=\"India\"><\/a>\n\t\t<\/div>\n<div class=\"aex-box-flags-live\" data-aos=\"zoom-in\" data-aos-duration=\"1700\">\n\t\t\t<a href=\"https:\/\/menoffootball.com\/es\/live\/ireland\/\" target=\"_self\" title=\"Irlanda\"><img decoding=\"async\" class=\"aex-flags-live\" data-aos=\"flip-left\" data-aos-duration=\"1700\" src=\"https:\/\/menoffootball.com\/com\/images\/flags\/img-ie.png\" alt=\"Irlanda\"><\/a><a href=\"https:\/\/menoffootball.com\/es\/live\/israel\/\" target=\"_self\" title=\"Israel\"><img decoding=\"async\" class=\"aex-flags-live\" data-aos=\"flip-left\" data-aos-duration=\"1800\" src=\"https:\/\/menoffootball.com\/com\/images\/flags\/img-is.png\" alt=\"Israel\"><\/a><a href=\"https:\/\/menoffootball.com\/es\/live\/italy\/\" target=\"_self\" title=\"Italia\"><img decoding=\"async\" class=\"aex-flags-live\" data-aos=\"flip-left\" data-aos-duration=\"1900\" src=\"https:\/\/menoffootball.com\/com\/images\/flags\/img-it.png\" alt=\"Italia\"><\/a><a href=\"https:\/\/menoffootball.com\/es\/live\/japan\/\" target=\"_self\" title=\"Jap\u00f3n\"><img decoding=\"async\" class=\"aex-flags-live\" data-aos=\"flip-left\" data-aos-duration=\"2000\" src=\"https:\/\/menoffootball.com\/com\/images\/flags\/img-jp.png\" alt=\"Jap\u00f3n\"><\/a><a href=\"https:\/\/menoffootball.com\/es\/live\/canada\/\" target=\"_self\" title=\"Canad\u00e1\"><img decoding=\"async\" class=\"aex-flags-live\" data-aos=\"flip-right\" data-aos-duration=\"2100\" src=\"https:\/\/menoffootball.com\/com\/images\/flags\/img-ca.png\" alt=\"Canad\u00e1\"><\/a><a href=\"https:\/\/menoffootball.com\/es\/live\/lebanon\/\" target=\"_self\" title=\"L\u00edbano\"><img decoding=\"async\" class=\"aex-flags-live\" data-aos=\"flip-right\" data-aos-duration=\"2200\" src=\"https:\/\/menoffootball.com\/com\/images\/flags\/img-lb.png\" alt=\"L\u00edbano\"><\/a><a href=\"https:\/\/menoffootball.com\/es\/live\/italy\/\" target=\"_self\" title=\"M\u00e9xico\"><img decoding=\"async\" class=\"aex-flags-live\" data-aos=\"flip-right\" data-aos-duration=\"2300\" src=\"https:\/\/menoffootball.com\/com\/images\/flags\/img-mx.png\" alt=\"M\u00e9xico\"><\/a><a href=\"https:\/\/menoffootball.com\/es\/live\/netherlands\/\" target=\"_self\" title=\"Pa\u00edses Bajos\"><img decoding=\"async\" class=\"aex-flags-live\" data-aos=\"flip-right\" data-aos-duration=\"2400\" src=\"https:\/\/menoffootball.com\/com\/images\/flags\/img-nl.png\" alt=\"Pa\u00edses Bajos\"><\/a>\n\t\t<\/div>\n<div class=\"aex-box-flags-live\" data-aos=\"zoom-in\" data-aos-duration=\"2000\">\n\t\t\t<a href=\"https:\/\/menoffootball.com\/es\/live\/new-zealand\/\" target=\"_self\" title=\"Nueva Zelanda\"><img decoding=\"async\" class=\"aex-flags-live\" data-aos=\"flip-left\" data-aos-duration=\"2000\" src=\"https:\/\/menoffootball.com\/com\/images\/flags\/img-nz.png\" alt=\"Nueva Zelanda\"><\/a><a href=\"https:\/\/menoffootball.com\/es\/live\/norway\/\" target=\"_self\" title=\"Noruega\"><img decoding=\"async\" class=\"aex-flags-live\" data-aos=\"flip-left\" data-aos-duration=\"2100\" src=\"https:\/\/menoffootball.com\/com\/images\/flags\/img-no.png\" alt=\"Noruega\"><\/a><a href=\"https:\/\/menoffootball.com\/es\/live\/portugal\/\" target=\"_self\" title=\"Portugal\"><img decoding=\"async\" class=\"aex-flags-live\" data-aos=\"flip-left\" data-aos-duration=\"2200\" src=\"https:\/\/menoffootball.com\/com\/images\/flags\/img-pt.png\" alt=\"Portugal\"><\/a><a href=\"https:\/\/menoffootball.com\/es\/live\/russia\/\" target=\"_self\" title=\"Rusia\"><img decoding=\"async\" class=\"aex-flags-live\" data-aos=\"flip-left\" data-aos-duration=\"2300\" src=\"https:\/\/menoffootball.com\/com\/images\/flags\/img-ru.png\" alt=\"Rusia\"><\/a><a href=\"https:\/\/menoffootball.com\/es\/live\/saudi-arabia\/\" target=\"_self\" title=\"Arabia Saud\u00ed\"><img decoding=\"async\" class=\"aex-flags-live\" data-aos=\"flip-right\" data-aos-duration=\"2400\" src=\"https:\/\/menoffootball.com\/com\/images\/flags\/img-sa.png\" alt=\"Arabia Saud\u00ed\"><\/a><a href=\"https:\/\/menoffootball.com\/es\/live\/serbia\/\" target=\"_self\" title=\"Serbia\"><img decoding=\"async\" class=\"aex-flags-live\" data-aos=\"flip-right\" data-aos-duration=\"2500\" src=\"https:\/\/menoffootball.com\/com\/images\/flags\/img-sr.png\" alt=\"Serbia\"><\/a><a href=\"https:\/\/menoffootball.com\/es\/live\/slovakia\/\" target=\"_self\" title=\"Eslovaquia\"><img decoding=\"async\" class=\"aex-flags-live\" data-aos=\"flip-right\" data-aos-duration=\"2600\" src=\"https:\/\/menoffootball.com\/com\/images\/flags\/img-sk.png\" alt=\"Eslovaquia\"><\/a><a href=\"https:\/\/menoffootball.com\/es\/live\/slovenia\/\" target=\"_self\" title=\"Eslovenia\"><img decoding=\"async\" class=\"aex-flags-live\" data-aos=\"flip-right\" data-aos-duration=\"2700\" src=\"https:\/\/menoffootball.com\/com\/images\/flags\/img-si.png\" alt=\"Eslovenia\"><\/a>\n\t\t<\/div>\n<div class=\"aex-box-flags-live\" data-aos=\"zoom-in\" data-aos-duration=\"2300\">\n\t\t\t<a href=\"https:\/\/menoffootball.com\/es\/live\/south-africa\/\" target=\"_self\" title=\"Sud\u00e1frica\"><img decoding=\"async\" class=\"aex-flags-live\" data-aos=\"flip-left\" data-aos-duration=\"2300\" src=\"https:\/\/menoffootball.com\/com\/images\/flags\/img-za.png\" alt=\"Sud\u00e1frica\"><\/a><a href=\"https:\/\/menoffootball.com\/es\/live\/south-korea\/\" target=\"_self\" title=\"Corea del Sur\"><img decoding=\"async\" class=\"aex-flags-live\" data-aos=\"flip-left\" data-aos-duration=\"2400\" src=\"https:\/\/menoffootball.com\/com\/images\/flags\/img-ko.png\" alt=\"Corea del Sur\"><\/a><a href=\"https:\/\/menoffootball.com\/es\/live\/spain\/\" target=\"_self\" title=\"Espa\u00f1a\"><img decoding=\"async\" class=\"aex-flags-live\" data-aos=\"flip-left\" data-aos-duration=\"2500\" src=\"https:\/\/menoffootball.com\/com\/images\/flags\/img-es.png\" alt=\"Espa\u00f1a\"><\/a><a href=\"https:\/\/menoffootball.com\/es\/live\/sweden\/\" target=\"_self\" title=\"Suecia\"><img decoding=\"async\" class=\"aex-flags-live\" data-aos=\"flip-left\" data-aos-duration=\"2600\" src=\"https:\/\/menoffootball.com\/com\/images\/flags\/img-se.png\" alt=\"Suecia\"><\/a><a href=\"https:\/\/menoffootball.com\/es\/live\/switzerland\/\" target=\"_self\" title=\"Suiza\"><img decoding=\"async\" class=\"aex-flags-live\" data-aos=\"flip-right\" data-aos-duration=\"2700\" src=\"https:\/\/menoffootball.com\/com\/images\/flags\/img-ch.png\" alt=\"Suiza\"><\/a><a href=\"https:\/\/menoffootball.com\/es\/live\/turkiye\/\" target=\"_self\" title=\"Turqu\u00eda\"><img decoding=\"async\" class=\"aex-flags-live\" data-aos=\"flip-right\" data-aos-duration=\"2800\" src=\"https:\/\/menoffootball.com\/com\/images\/flags\/img-tr.png\" alt=\"Turqu\u00eda\"><\/a><a href=\"https:\/\/menoffootball.com\/es\/live\/uk\/\" target=\"_self\" title=\"Reino Unido\"><img decoding=\"async\" class=\"aex-flags-live\" data-aos=\"flip-right\" data-aos-duration=\"2900\" src=\"https:\/\/menoffootball.com\/com\/images\/flags\/img-uk.png\" alt=\"Reino Unido\"><\/a><a href=\"https:\/\/menoffootball.com\/es\/live\/usa\/\" target=\"_self\" title=\"Estados Unidos de Am\u00e9rica\"><img decoding=\"async\" class=\"aex-flags-live\" data-aos=\"flip-right\" data-aos-duration=\"3000\" src=\"https:\/\/menoffootball.com\/com\/images\/flags\/img-us.png\" alt=\"Estados Unidos de Am\u00e9rica\"><\/a>\n\t\t<\/div>\n<\/p><\/div>\n<\/div>\n","protected":false},"excerpt":{"rendered":"<p>Resultados actuales en el f\u00fatbol chino, puntos y goles de la temporada actual de un vistazo. En directo. China League One China Asia 01. | Resultados 02. | Puntos 03. | Plan de juego Resultados actuales Resultados, partidos y goles de la temporada en curso. Puntuaci\u00f3n actual. [soccer-info id=&#8221;180&#8243; type=&#8221;results&#8221;] Todos los datos sin garant\u00eda [&hellip;]<\/p>\n","protected":false},"author":1,"featured_media":154,"parent":358,"menu_order":0,"comment_status":"closed","ping_status":"closed","template":"","meta":{"footnotes":""},"class_list":["post-501","page","type-page","status-publish","has-post-thumbnail","hentry"],"translation":{"provider":"WPGlobus","version":"3.0.2","language":"es","enabled_languages":["de","tr","en","es","br","fr","it","ar","ru","zh","ko","hi","ja"],"languages":{"de":{"title":true,"content":true,"excerpt":false},"tr":{"title":true,"content":true,"excerpt":false},"en":{"title":true,"content":true,"excerpt":false},"es":{"title":true,"content":true,"excerpt":false},"br":{"title":true,"content":true,"excerpt":false},"fr":{"title":true,"content":true,"excerpt":false},"it":{"title":true,"content":true,"excerpt":false},"ar":{"title":true,"content":true,"excerpt":false},"ru":{"title":true,"content":true,"excerpt":false},"zh":{"title":true,"content":true,"excerpt":false},"ko":{"title":true,"content":true,"excerpt":false},"hi":{"title":true,"content":true,"excerpt":false},"ja":{"title":true,"content":true,"excerpt":false}}},"_links":{"self":[{"href":"https:\/\/menoffootball.com\/es\/wp-json\/wp\/v2\/pages\/501","targetHints":{"allow":["GET"]}}],"collection":[{"href":"https:\/\/menoffootball.com\/es\/wp-json\/wp\/v2\/pages"}],"about":[{"href":"https:\/\/menoffootball.com\/es\/wp-json\/wp\/v2\/types\/page"}],"author":[{"embeddable":true,"href":"https:\/\/menoffootball.com\/es\/wp-json\/wp\/v2\/users\/1"}],"replies":[{"embeddable":true,"href":"https:\/\/menoffootball.com\/es\/wp-json\/wp\/v2\/comments?post=501"}],"version-history":[{"count":0,"href":"https:\/\/menoffootball.com\/es\/wp-json\/wp\/v2\/pages\/501\/revisions"}],"up":[{"embeddable":true,"href":"https:\/\/menoffootball.com\/es\/wp-json\/wp\/v2\/pages\/358"}],"wp:featuredmedia":[{"embeddable":true,"href":"https:\/\/menoffootball.com\/es\/wp-json\/wp\/v2\/media\/154"}],"wp:attachment":[{"href":"https:\/\/menoffootball.com\/es\/wp-json\/wp\/v2\/media?parent=501"}],"curies":[{"name":"wp","href":"https:\/\/api.w.org\/{rel}","templated":true}]}}