{"id":30,"date":"2023-08-18T18:57:44","date_gmt":"2023-08-18T16:57:44","guid":{"rendered":"https:\/\/menoffootball.com\/?page_id=30"},"modified":"2023-08-18T19:16:52","modified_gmt":"2023-08-18T17:16:52","slug":"contact","status":"publish","type":"page","link":"https:\/\/menoffootball.com\/fr\/contact\/","title":{"rendered":"Contact"},"content":{"rendered":"<div class=\"aex-wrapper\">\n<div class=\"aex-box special-post\">\n<p class=\"aex-p-cat-intro\"><strong>\u00abHommes de Football | Esth\u00e9tique du Joueur\u00bb<\/strong> se r\u00e9jouit de recevoir tout type de nouvelles.<br \/>\n\t\tC&#8217;est avec plaisir que tu peux exprimer ici tes louanges et tes\tcritiques et entrer en contact avec \u00abHommes de Football\u00bb.<\/p>\n<p class=\"aex-p-cat-intro-sub\">Hommes de Football est un projet d&#8217;<a href=\"https:\/\/aexraex.com\/fr\/\" target=\"_blank\" title=\"Aexraex | Cr\u00e9ation de Contenu Num\u00e9rique\" rel=\"noopener\">Aexraex<\/a>.<br \/>\n\t\tPour ce concept artistique, Hommes de Football collabore avec des <a href=\"https:\/\/menoffootball.com\/fr\/resources-photographers-and-football-players\/\" target=\"_self\" title=\"Tous les joueurs de football et des photographes\">joueurs de football professionnels et des photographes<\/a>.<br \/>\n\t\tD&#8217;un commun accord, Aexraex met finalement en \u00e9vidence l&#8217;esth\u00e9tique particuli\u00e8re de chaque joueur et la visualise de mani\u00e8re artistique.<\/p>\n<\/p><\/div>\n<div class=\"blank80\"><\/div>\n<div class=\"aex-box\">\n\t\t<!-- MetaSlider 1225 not found -->\n\t<\/div>\n<div class=\"blank100\"><\/div>\n<div class=\"aex-box special-post\">\n<h3 data-aos=\"flip-right\" data-aos-duration=\"2000\">Contact \u00abHommes de Football\u00bb<\/h3>\n<p>R\u00e9dige ton message ici.<br \/>\n\t\t\u00abHommes de Football\u00bb te r\u00e9pondra aussi vite que possible.<\/p>\n<div class=\"blank100\"><\/div>\n<p>\t\t[contact-form-7 id=&#8221;24e96f7&#8243; title=&#8221;Kontakt FR&#8221;]\n\t<\/p><\/div>\n<\/div>\n","protected":false},"excerpt":{"rendered":"<p>\u00abHommes de Football | Esth\u00e9tique du Joueur\u00bb se r\u00e9jouit de recevoir tout type de nouvelles. C&#8217;est avec plaisir que tu peux exprimer ici tes louanges et tes critiques et entrer en contact avec \u00abHommes de Football\u00bb. Hommes de Football est un projet d&#8217;Aexraex. Pour ce concept artistique, Hommes de Football collabore avec des joueurs de [&hellip;]<\/p>\n","protected":false},"author":1,"featured_media":0,"parent":0,"menu_order":0,"comment_status":"closed","ping_status":"closed","template":"","meta":{"footnotes":""},"class_list":["post-30","page","type-page","status-publish","hentry"],"translation":{"provider":"WPGlobus","version":"3.0.2","language":"fr","enabled_languages":["de","tr","en","es","br","fr","it","ar","ru","zh","ko","hi","ja"],"languages":{"de":{"title":true,"content":true,"excerpt":false},"tr":{"title":true,"content":true,"excerpt":false},"en":{"title":true,"content":true,"excerpt":false},"es":{"title":true,"content":true,"excerpt":false},"br":{"title":true,"content":true,"excerpt":false},"fr":{"title":true,"content":true,"excerpt":false},"it":{"title":true,"content":true,"excerpt":false},"ar":{"title":true,"content":true,"excerpt":false},"ru":{"title":true,"content":true,"excerpt":false},"zh":{"title":true,"content":true,"excerpt":false},"ko":{"title":true,"content":true,"excerpt":false},"hi":{"title":true,"content":true,"excerpt":false},"ja":{"title":true,"content":true,"excerpt":false}}},"_links":{"self":[{"href":"https:\/\/menoffootball.com\/fr\/wp-json\/wp\/v2\/pages\/30","targetHints":{"allow":["GET"]}}],"collection":[{"href":"https:\/\/menoffootball.com\/fr\/wp-json\/wp\/v2\/pages"}],"about":[{"href":"https:\/\/menoffootball.com\/fr\/wp-json\/wp\/v2\/types\/page"}],"author":[{"embeddable":true,"href":"https:\/\/menoffootball.com\/fr\/wp-json\/wp\/v2\/users\/1"}],"replies":[{"embeddable":true,"href":"https:\/\/menoffootball.com\/fr\/wp-json\/wp\/v2\/comments?post=30"}],"version-history":[{"count":0,"href":"https:\/\/menoffootball.com\/fr\/wp-json\/wp\/v2\/pages\/30\/revisions"}],"wp:attachment":[{"href":"https:\/\/menoffootball.com\/fr\/wp-json\/wp\/v2\/media?parent=30"}],"curies":[{"name":"wp","href":"https:\/\/api.w.org\/{rel}","templated":true}]}}