{"id":32,"date":"2023-08-18T18:59:50","date_gmt":"2023-08-18T16:59:50","guid":{"rendered":"https:\/\/menoffootball.com\/?page_id=32"},"modified":"2023-08-20T07:42:49","modified_gmt":"2023-08-20T05:42:49","slug":"about","status":"publish","type":"page","link":"https:\/\/menoffootball.com\/fr\/about\/","title":{"rendered":"Sur"},"content":{"rendered":"<div class=\"aex-wrapper\">\n<div class=\"aex-box-entry\" data-aos=\"fade-up\" data-aos-duration=\"1200\">\n<p class=\"aex-p-intro\"><strong>\u00abHommes de Football | Esth\u00e9tique du Joueur\u00bb<\/strong> est un projet de football et d&#8217;art.<\/p>\n<p>\t\tEsth\u00e9tique du Joueur s&#8217;est donn\u00e9 pour mission de mettre particuli\u00e8rement en valeur l&#8217;esth\u00e9tique du football, mais surtout l&#8217;esth\u00e9tique du footballeur, \u00e0 travers des images, des vid\u00e9os et des instantan\u00e9s.<\/p>\n<div class=\"blank20\"><\/div>\n<p class=\"aex-p-claim\">Hommes de Football est un projet d&#8217;<a href=\"https:\/\/aexraex.com\/fr\/\" target=\"_blank\" title=\"Aexraex | Cr\u00e9ation de Contenu Num\u00e9rique \u2022 Social \u2022 M\u00e9dias \u2022 Cr\u00e9ation \u2022 Sites \u2022 Artiste\" rel=\"noopener\">Aexraex<\/a>.<br \/>\n\t\tPour ce concept artistique, Hommes de Football collabore avec des joueurs de football professionnels et des photographes.<br \/>\n\t\tD&#8217;un commun accord, Aexraex met finalement en \u00e9vidence l&#8217;esth\u00e9tique particuli\u00e8re de chaque joueur et la visualise de mani\u00e8re artistique.<\/p>\n<\/p><\/div>\n<div class=\"blank80\"><\/div>\n<div class=\"aex-box-entry-gallery-center\" data-aos=\"zoom-in\" data-aos-duration=\"2700\">\n\t\t<div id=\"metaslider-id-204\" style=\"width: 100%; margin: 0 auto;\" class=\"ml-slider-3-107-0 metaslider metaslider-flex metaslider-204 ml-slider has-dots-nav has-carousel-mode ms-theme-default\" role=\"region\" aria-label=\"Men of Football | Startseite - Center\" data-height=\"194\" data-width=\"194\">\n    <div id=\"metaslider_container_204\">\n        <div id=\"metaslider_204\">\n            <ul class='slides'>\n                <li style=\"display: none; width: 100%;\" class=\"slide-206 ms-image \" aria-roledescription=\"slide\" data-date=\"2023-08-19 06:43:11\" data-filename=\"00019-men-of-football-com-aesthetic-gallery-legs-thighs-and-calves-194x194.png\" data-slide-type=\"image\"><img loading=\"lazy\" decoding=\"async\" src=\"https:\/\/menoffootball.com\/wp-content\/uploads\/2023\/08\/00019-men-of-football-com-aesthetic-gallery-legs-thighs-and-calves-194x194.png\" height=\"194\" width=\"194\" alt=\"\" class=\"slider-204 slide-206 msDefaultImage\" title=\"00019-men-of-football-com-aesthetic-gallery-legs-thighs-and-calves\"><\/li>\n                <li style=\"display: none; width: 100%;\" class=\"slide-205 ms-image \" aria-roledescription=\"slide\" data-date=\"2023-08-19 06:43:11\" data-filename=\"00002-men-of-football-com-aesthetic-gallery-stylish-play-194x194.png\" data-slide-type=\"image\"><img loading=\"lazy\" decoding=\"async\" src=\"https:\/\/menoffootball.com\/wp-content\/uploads\/2023\/08\/00002-men-of-football-com-aesthetic-gallery-stylish-play-194x194.png\" height=\"194\" width=\"194\" alt=\"\" class=\"slider-204 slide-205 msDefaultImage\" title=\"00002-men-of-football-com-aesthetic-gallery-stylish-play\"><\/li>\n                <li style=\"display: none; width: 100%;\" class=\"slide-212 ms-image \" aria-roledescription=\"slide\" data-date=\"2023-08-19 06:43:12\" data-filename=\"00029-men-of-football-com-aesthetic-gallery-footballers-physique-194x194.png\" data-slide-type=\"image\"><img loading=\"lazy\" decoding=\"async\" src=\"https:\/\/menoffootball.com\/wp-content\/uploads\/2023\/08\/00029-men-of-football-com-aesthetic-gallery-footballers-physique-194x194.png\" height=\"194\" width=\"194\" alt=\"\" class=\"slider-204 slide-212 msDefaultImage\" title=\"00029-men-of-football-com-aesthetic-gallery-footballers-physique\"><\/li>\n                <li style=\"display: none; width: 100%;\" class=\"slide-210 ms-image \" aria-roledescription=\"slide\" data-date=\"2023-08-19 06:43:12\" data-filename=\"00004-men-of-football-com-aesthetic-gallery-footballers-physique-194x194.png\" data-slide-type=\"image\"><img loading=\"lazy\" decoding=\"async\" src=\"https:\/\/menoffootball.com\/wp-content\/uploads\/2023\/08\/00004-men-of-football-com-aesthetic-gallery-footballers-physique-194x194.png\" height=\"194\" width=\"194\" alt=\"\" class=\"slider-204 slide-210 msDefaultImage\" title=\"00004-men-of-football-com-aesthetic-gallery-footballers-physique\"><\/li>\n                <li style=\"display: none; width: 100%;\" class=\"slide-207 ms-image \" aria-roledescription=\"slide\" data-date=\"2023-08-19 06:43:11\" data-filename=\"00006-men-of-football-com-aesthetic-gallery-close-ups-194x194.png\" data-slide-type=\"image\"><img loading=\"lazy\" decoding=\"async\" src=\"https:\/\/menoffootball.com\/wp-content\/uploads\/2023\/08\/00006-men-of-football-com-aesthetic-gallery-close-ups-194x194.png\" height=\"194\" width=\"194\" alt=\"\" class=\"slider-204 slide-207 msDefaultImage\" title=\"00006-men-of-football-com-aesthetic-gallery-close-ups\"><\/li>\n                <li style=\"display: none; width: 100%;\" class=\"slide-211 ms-image \" aria-roledescription=\"slide\" data-date=\"2023-08-19 06:43:12\" data-filename=\"00034-men-of-football-com-aesthetic-gallery-stylish-play-194x194.png\" data-slide-type=\"image\"><img loading=\"lazy\" decoding=\"async\" src=\"https:\/\/menoffootball.com\/wp-content\/uploads\/2023\/08\/00034-men-of-football-com-aesthetic-gallery-stylish-play-194x194.png\" height=\"194\" width=\"194\" alt=\"\" class=\"slider-204 slide-211 msDefaultImage\" title=\"00034-men-of-football-com-aesthetic-gallery-stylish-play\"><\/li>\n                <li style=\"display: none; width: 100%;\" class=\"slide-208 ms-image \" aria-roledescription=\"slide\" data-date=\"2023-08-19 06:43:11\" data-filename=\"00008-men-of-football-com-aesthetic-gallery-stylish-play-194x194.png\" data-slide-type=\"image\"><img loading=\"lazy\" decoding=\"async\" src=\"https:\/\/menoffootball.com\/wp-content\/uploads\/2023\/08\/00008-men-of-football-com-aesthetic-gallery-stylish-play-194x194.png\" height=\"194\" width=\"194\" alt=\"\" class=\"slider-204 slide-208 msDefaultImage\" title=\"00008-men-of-football-com-aesthetic-gallery-stylish-play\"><\/li>\n                <li style=\"display: none; width: 100%;\" class=\"slide-209 ms-image \" aria-roledescription=\"slide\" data-date=\"2023-08-19 06:43:11\" data-filename=\"00021-men-of-football-com-aesthetic-gallery-soldiers-brothers-and-squads-194x194.png\" data-slide-type=\"image\"><img loading=\"lazy\" decoding=\"async\" src=\"https:\/\/menoffootball.com\/wp-content\/uploads\/2023\/08\/00021-men-of-football-com-aesthetic-gallery-soldiers-brothers-and-squads-194x194.png\" height=\"194\" width=\"194\" alt=\"\" class=\"slider-204 slide-209 msDefaultImage\" title=\"00021-men-of-football-com-aesthetic-gallery-soldiers-brothers-and-squads\"><\/li>\n            <\/ul>\n        <\/div>\n        \n    <\/div>\n<\/div>\n\t<\/div>\n<div class=\"blank80\"><\/div>\n<div class=\"aex-box-entry\" data-aos=\"fade-up\" data-aos-duration=\"1200\">\n<h3 data-aos=\"flip-right\" data-aos-duration=\"1500\">Le football et l&#8217;esth\u00e9tique<\/h3>\n<p>\t\tLe footballeur aspire \u00e0 la perfection sportive. Il ne travaille pas seulement sur ses capacit\u00e9s mentales, comme l&#8217;\u00e9laboration d&#8217;un avantage strat\u00e9gique et tactique pour lui-m\u00eame et son \u00e9quipe, mais plut\u00f4t sur son physique, afin de pouvoir fournir des performances de mani\u00e8re efficace sur le terrain, pour lequel il entra\u00eene son corps et son \u00eatre quotidiennement.<\/p>\n<p>\t\tGr\u00e2ce \u00e0 cet entra\u00eenement, le joueur d\u00e9veloppe une nature combative afin de marquer des buts avec son \u00e9quipe sur le terrain et de remporter le match et donc de gagner.<\/p>\n<p>\t\tDes jambes puissantes, des mollets solides, un corps muscl\u00e9 et bien entra\u00een\u00e9 sont les caract\u00e9ristiques d&#8217;un footballeur professionnel. Men of Football s&#8217;int\u00e9resse particuli\u00e8rement \u00e0 l&#8217;esth\u00e9tique, qui est tout \u00e0 fait inh\u00e9rente au sport de football.<\/p>\n<p>\t\tL&#8217;interaction entre les muscles, la force et la passion n&#8217;est perceptible qu&#8217;\u00e0 travers la capture d&#8217;un moment dans une image. C&#8217;est pr\u00e9cis\u00e9ment ces perceptions, ces impressions sensorielles et ces \u00e9motions que Men of Football d\u00e9crit par le terme d&#8217;esth\u00e9tique.<\/p>\n<p>\t\tCe sont les joueurs qui, par leur corps, leur technique et leur nature, transforment un match de football en une \u0153uvre d&#8217;art. Le footballeur n&#8217;est pas seulement un athl\u00e8te esth\u00e9tique, mais aussi un combattant et un artiste.<\/p>\n<p>\t\tL&#8217;esth\u00e9tique sportive est un art.\n\t<\/p><\/div>\n<\/div>\n","protected":false},"excerpt":{"rendered":"<p>\u00abHommes de Football | Esth\u00e9tique du Joueur\u00bb est un projet de football et d&#8217;art. Esth\u00e9tique du Joueur s&#8217;est donn\u00e9 pour mission de mettre particuli\u00e8rement en valeur l&#8217;esth\u00e9tique du football, mais surtout l&#8217;esth\u00e9tique du footballeur, \u00e0 travers des images, des vid\u00e9os et des instantan\u00e9s. Hommes de Football est un projet d&#8217;Aexraex. Pour ce concept artistique, Hommes [&hellip;]<\/p>\n","protected":false},"author":1,"featured_media":0,"parent":0,"menu_order":0,"comment_status":"closed","ping_status":"closed","template":"","meta":{"footnotes":""},"class_list":["post-32","page","type-page","status-publish","hentry"],"translation":{"provider":"WPGlobus","version":"3.0.2","language":"fr","enabled_languages":["de","tr","en","es","br","fr","it","ar","ru","zh","ko","hi","ja"],"languages":{"de":{"title":true,"content":true,"excerpt":false},"tr":{"title":true,"content":true,"excerpt":false},"en":{"title":true,"content":true,"excerpt":false},"es":{"title":true,"content":true,"excerpt":false},"br":{"title":true,"content":true,"excerpt":false},"fr":{"title":true,"content":true,"excerpt":false},"it":{"title":true,"content":true,"excerpt":false},"ar":{"title":true,"content":true,"excerpt":false},"ru":{"title":true,"content":true,"excerpt":false},"zh":{"title":true,"content":true,"excerpt":false},"ko":{"title":true,"content":true,"excerpt":false},"hi":{"title":true,"content":true,"excerpt":false},"ja":{"title":true,"content":true,"excerpt":false}}},"_links":{"self":[{"href":"https:\/\/menoffootball.com\/fr\/wp-json\/wp\/v2\/pages\/32","targetHints":{"allow":["GET"]}}],"collection":[{"href":"https:\/\/menoffootball.com\/fr\/wp-json\/wp\/v2\/pages"}],"about":[{"href":"https:\/\/menoffootball.com\/fr\/wp-json\/wp\/v2\/types\/page"}],"author":[{"embeddable":true,"href":"https:\/\/menoffootball.com\/fr\/wp-json\/wp\/v2\/users\/1"}],"replies":[{"embeddable":true,"href":"https:\/\/menoffootball.com\/fr\/wp-json\/wp\/v2\/comments?post=32"}],"version-history":[{"count":0,"href":"https:\/\/menoffootball.com\/fr\/wp-json\/wp\/v2\/pages\/32\/revisions"}],"wp:attachment":[{"href":"https:\/\/menoffootball.com\/fr\/wp-json\/wp\/v2\/media?parent=32"}],"curies":[{"name":"wp","href":"https:\/\/api.w.org\/{rel}","templated":true}]}}