{"id":501,"date":"2023-08-25T03:57:35","date_gmt":"2023-08-25T01:57:35","guid":{"rendered":"https:\/\/menoffootball.com\/?page_id=501"},"modified":"2023-08-25T03:59:04","modified_gmt":"2023-08-25T01:59:04","slug":"china","status":"publish","type":"page","link":"https:\/\/menoffootball.com\/fr\/live\/china\/","title":{"rendered":"Chine"},"content":{"rendered":"<div class=\"aex-wrapper\">\n<div class=\"aex-box-entry\">\n<p class=\"aex-p-intro\">Les r\u00e9sultats actuels du football chinois, les points et les buts de la saison en cours en un coup d&#8217;\u0153il. En direct.<\/p>\n<p class=\"aex-p-claim\">China League One<br \/>\n\t\tChine<br \/>\n\t\tAsie<\/p>\n<div class=\"blank20\"><\/div>\n<div class=\"aex-imprint-table\">\n<div class=\"aex-imprint-table\">\n<div class=\"aex-imprint-table-left\">01. | <\/div>\n<div class=\"aex-imprint-table-right\"><a class=\"aex-imprint-link-title\" href=\"#current-results\" target=\"_self\" title=\"R\u00e9sultats\">R\u00e9sultats<\/a><\/div>\n<\/p><\/div>\n<div class=\"aex-imprint-table\">\n<div class=\"aex-imprint-table-left\">02. | <\/div>\n<div class=\"aex-imprint-table-right\"><a class=\"aex-imprint-link-title\" href=\"#current-points\" target=\"_self\" title=\"Points\">Points<\/a><\/div>\n<\/p><\/div>\n<div class=\"aex-imprint-table\">\n<div class=\"aex-imprint-table-left\">03. | <\/div>\n<div class=\"aex-imprint-table-right\"><a class=\"aex-imprint-link-title\" href=\"#current-matches\" target=\"_self\" title=\"Plan de jeu\">Plan de jeu<\/a><\/div>\n<\/p><\/div>\n<\/p><\/div>\n<\/p><\/div>\n<div class=\"blank100\"><\/div>\n<div  id=\"current-results\" class=\"aex-box-entry\">\n<h4 data-aos=\"flip-right\" data-aos-duration=\"1500\">R\u00e9sultats actuels<\/h4>\n<p>\t\tR\u00e9sultats actuels, matchs et buts de la saison en cours. Score actuel.<\/p>\n<div class=\"blank20\"><\/div>\n<p>\t\t[soccer-info id=&#8221;180&#8243; type=&#8221;results&#8221;]\n<div class=\"blank20\"><\/div>\n<p class=\"aex-p-disclaimer\">Toutes les donn\u00e9es sans garantie | Berlin 11:03\n<\/p><\/div>\n<div class=\"blank100\"><\/div>\n<div id=\"current-points\" class=\"aex-box-entry\">\n<h4 data-aos=\"flip-right\" data-aos-duration=\"1500\">Points actuels<\/h4>\n<p>\t\tAper\u00e7u des points actuels, des matchs et autres r\u00e9sultats. Victoires et d\u00e9faites. <\/p>\n<div class=\"blank20\"><\/div>\n<p>\t\t[soccer-info id=&#8221;180&#8243; type=&#8221;table&#8221;]\n<div class=\"blank20\"><\/div>\n<p class=\"aex-p-disclaimer\">Toutes les donn\u00e9es sans garantie | Berlin 11:03\n<p class=\"aex-p-disclaimer-legend\"><font style=\"color:black;\">#<\/font>&nbsp;&nbsp;&nbsp;Classement<br \/>\n\t\t<font style=\"color:black;\">Mannschaft<\/font>&nbsp;&nbsp;&nbsp;\u00c9quipe<br \/>\n\t\t<font style=\"color:black;\">Spiele<\/font>&nbsp;&nbsp;&nbsp;Jeux termin\u00e9s<br \/>\n\t\t<font style=\"color:black;\">S<\/font>&nbsp;&nbsp;&nbsp;Victoires<br \/>\n\t\t<font style=\"color:black;\">U<\/font>&nbsp;&nbsp;&nbsp;Match nul<br \/>\n\t\t<font style=\"color:black;\">N<\/font>&nbsp;&nbsp;&nbsp;D\u00e9faites<br \/>\n\t\t<font style=\"color:black;\">T<\/font>&nbsp;&nbsp;&nbsp;Buts<br \/>\n\t\t<font style=\"color:black;\">GT<\/font>&nbsp;&nbsp;&nbsp;Buts encaiss\u00e9s<br \/>\n\t\t<font style=\"color:black;\">TD<\/font>&nbsp;&nbsp;&nbsp;Diff\u00e9rence de buts<br \/>\n\t\t<font style=\"color:black;\">P<\/font>&nbsp;&nbsp;&nbsp;Points<\/p>\n<\/p><\/div>\n<div class=\"blank100\"><\/div>\n<div id=\"current-matches\" class=\"aex-box-entry\">\n<h4 data-aos=\"flip-right\" data-aos-duration=\"1500\">Plan de jeu actuel<\/h4>\n<p>\t\tLe calendrier actuel des matchs pour les jours \u00e0 venir. Jours de match, dates et matchs.<\/p>\n<div class=\"blank20\"><\/div>\n<p>\t\t[soccer-info id=&#8221;180&#8243; type=&#8221;fixtures&#8221;]\t\t<\/p>\n<div class=\"blank20\"><\/div>\n<p class=\"aex-p-disclaimer\">Toutes les donn\u00e9es sans garantie | Berlin 11:03\n<\/p><\/div>\n<div class=\"blank100\"><\/div>\n<div class=\"aex-box-entry\">\n\t\t<a href=\"https:\/\/menoffootball.com\/fr\/live\/china\/\" target=\"_self\" title=\"R\u00e9sultats de football en Chine\"><\/p>\n<p class=\"aex-p-worldwide-copyright\">Hommes de Football<\/p>\n<p><\/a><\/p>\n<p class=\"aex-p-worldwide\">Aktuelle Ergebnisse und internationale Ligen<\/p>\n<div class=\"aex-box-flags-live\" data-aos=\"zoom-in\" data-aos-duration=\"1100\">\n\t\t\t<a href=\"https:\/\/menoffootball.com\/fr\/live\/argentina\/\" target=\"_self\" title=\"Argentine\"><img decoding=\"async\" class=\"aex-flags-live\" data-aos=\"flip-left\" data-aos-duration=\"1100\" src=\"https:\/\/menoffootball.com\/com\/images\/flags\/img-ag.png\" alt=\"Argentine\"><\/a><a href=\"https:\/\/menoffootball.com\/fr\/live\/australia\/\" target=\"_self\" title=\"Australie\"><img decoding=\"async\" class=\"aex-flags-live\" data-aos=\"flip-left\" data-aos-duration=\"1200\" src=\"https:\/\/menoffootball.com\/com\/images\/flags\/img-au.png\" alt=\"Australie\"><\/a><a href=\"https:\/\/menoffootball.com\/fr\/live\/austria\/\" target=\"_self\" title=\"Autriche\"><img decoding=\"async\" class=\"aex-flags-live\" data-aos=\"flip-left\" data-aos-duration=\"1300\" src=\"https:\/\/menoffootball.com\/com\/images\/flags\/img-at.png\" alt=\"Autriche\"><\/a><a href=\"https:\/\/menoffootball.com\/fr\/live\/belgium\/\" target=\"_self\" title=\"Belgique\"><img decoding=\"async\" class=\"aex-flags-live\" data-aos=\"flip-left\" data-aos-duration=\"1400\" src=\"https:\/\/menoffootball.com\/com\/images\/flags\/img-be.png\" alt=\"Belgique\"><\/a><a href=\"https:\/\/menoffootball.com\/fr\/live\/bosnia-herzegovina\/\" target=\"_self\" title=\"Bosnie-Herz\u00e9govine\"><img decoding=\"async\" class=\"aex-flags-live\" data-aos=\"flip-right\" data-aos-duration=\"1500\" src=\"https:\/\/menoffootball.com\/com\/images\/flags\/img-ba.png\" alt=\"Bosnie-Herz\u00e9govine\"><\/a><a href=\"https:\/\/menoffootball.com\/fr\/live\/brazil\/\" target=\"_self\" title=\"Br\u00e9sil\"><img decoding=\"async\" class=\"aex-flags-live\" data-aos=\"flip-right\" data-aos-duration=\"1600\" src=\"https:\/\/menoffootball.com\/com\/images\/flags\/img-br.png\" alt=\"Br\u00e9sil\"><\/a><a href=\"https:\/\/menoffootball.com\/fr\/live\/china\/\" target=\"_self\" title=\"Chine\"><img decoding=\"async\" class=\"aex-flags-live\" data-aos=\"flip-right\" data-aos-duration=\"1700\" src=\"https:\/\/menoffootball.com\/com\/images\/flags\/img-zh.png\" alt=\"Chine\"><\/a><a href=\"https:\/\/menoffootball.com\/fr\/live\/czech-republic\/\" target=\"_self\" title=\"R\u00e9publique tch\u00e8que\"><img decoding=\"async\" class=\"aex-flags-live\" data-aos=\"flip-right\" data-aos-duration=\"1800\" src=\"https:\/\/menoffootball.com\/com\/images\/flags\/img-cz.png\" alt=\"R\u00e9publique tch\u00e8que\"><\/a>\n\t\t<\/div>\n<div class=\"aex-box-flags-live\" data-aos=\"zoom-in\" data-aos-duration=\"1400\">\n\t\t\t<a href=\"https:\/\/menoffootball.com\/fr\/live\/denmark\/\" target=\"_self\" title=\"Danemark\"><img decoding=\"async\" class=\"aex-flags-live\" data-aos=\"flip-left\" data-aos-duration=\"1400\" src=\"https:\/\/menoffootball.com\/com\/images\/flags\/img-dk.png\" alt=\"Danemark\"><\/a><a href=\"https:\/\/menoffootball.com\/fr\/live\/germany\/\" target=\"_self\" title=\"Allemagne\"><img decoding=\"async\" class=\"aex-flags-live\" data-aos=\"flip-left\" data-aos-duration=\"1500\" src=\"https:\/\/menoffootball.com\/com\/images\/flags\/img-de.png\" alt=\"Allemagne\"><\/a><a href=\"https:\/\/menoffootball.com\/fr\/live\/europe\/\" target=\"_self\" title=\"L'Europe\"><img decoding=\"async\" class=\"aex-flags-live\" data-aos=\"flip-left\" data-aos-duration=\"1600\" src=\"https:\/\/menoffootball.com\/com\/images\/flags\/img-eu.png\" alt=\"L'Europe\"><\/a><a href=\"https:\/\/menoffootball.com\/fr\/live\/finland\/\" target=\"_self\" title=\"Finlande\"><img decoding=\"async\" class=\"aex-flags-live\" data-aos=\"flip-left\" data-aos-duration=\"1700\" src=\"https:\/\/menoffootball.com\/com\/images\/flags\/img-fi.png\" alt=\"Finlande\"><\/a><a href=\"https:\/\/menoffootball.com\/fr\/live\/france\/\" target=\"_self\" title=\"France\"><img decoding=\"async\" class=\"aex-flags-live\" data-aos=\"flip-right\" data-aos-duration=\"1800\" src=\"https:\/\/menoffootball.com\/com\/images\/flags\/img-fr.png\" alt=\"France\"><\/a><a href=\"https:\/\/menoffootball.com\/fr\/live\/greece\/\" target=\"_self\" title=\"Gr\u00e8ce\"><img decoding=\"async\" class=\"aex-flags-live\" data-aos=\"flip-right\" data-aos-duration=\"1900\" src=\"https:\/\/menoffootball.com\/com\/images\/flags\/img-gr.png\" alt=\"Gr\u00e8ce\"><\/a><a href=\"https:\/\/menoffootball.com\/fr\/live\/hungary\/\" target=\"_self\" title=\"Hongrie\"><img decoding=\"async\" class=\"aex-flags-live\" data-aos=\"flip-right\" data-aos-duration=\"2000\" src=\"https:\/\/menoffootball.com\/com\/images\/flags\/img-hu.png\" alt=\"Hongrie\"><\/a><a href=\"https:\/\/menoffootball.com\/fr\/live\/india\/\" target=\"_self\" title=\"Inde\"><img decoding=\"async\" class=\"aex-flags-live\" data-aos=\"flip-right\" data-aos-duration=\"2100\" src=\"https:\/\/menoffootball.com\/com\/images\/flags\/img-in.png\" alt=\"Inde\"><\/a>\n\t\t<\/div>\n<div class=\"aex-box-flags-live\" data-aos=\"zoom-in\" data-aos-duration=\"1700\">\n\t\t\t<a href=\"https:\/\/menoffootball.com\/fr\/live\/ireland\/\" target=\"_self\" title=\"Irlande\"><img decoding=\"async\" class=\"aex-flags-live\" data-aos=\"flip-left\" data-aos-duration=\"1700\" src=\"https:\/\/menoffootball.com\/com\/images\/flags\/img-ie.png\" alt=\"Irlande\"><\/a><a href=\"https:\/\/menoffootball.com\/fr\/live\/israel\/\" target=\"_self\" title=\"Isra\u00ebl\"><img decoding=\"async\" class=\"aex-flags-live\" data-aos=\"flip-left\" data-aos-duration=\"1800\" src=\"https:\/\/menoffootball.com\/com\/images\/flags\/img-is.png\" alt=\"Isra\u00ebl\"><\/a><a href=\"https:\/\/menoffootball.com\/fr\/live\/italy\/\" target=\"_self\" title=\"Italie\"><img decoding=\"async\" class=\"aex-flags-live\" data-aos=\"flip-left\" data-aos-duration=\"1900\" src=\"https:\/\/menoffootball.com\/com\/images\/flags\/img-it.png\" alt=\"Italie\"><\/a><a href=\"https:\/\/menoffootball.com\/fr\/live\/japan\/\" target=\"_self\" title=\"Japon\"><img decoding=\"async\" class=\"aex-flags-live\" data-aos=\"flip-left\" data-aos-duration=\"2000\" src=\"https:\/\/menoffootball.com\/com\/images\/flags\/img-jp.png\" alt=\"Japon\"><\/a><a href=\"https:\/\/menoffootball.com\/fr\/live\/canada\/\" target=\"_self\" title=\"Canada\"><img decoding=\"async\" class=\"aex-flags-live\" data-aos=\"flip-right\" data-aos-duration=\"2100\" src=\"https:\/\/menoffootball.com\/com\/images\/flags\/img-ca.png\" alt=\"Canada\"><\/a><a href=\"https:\/\/menoffootball.com\/fr\/live\/lebanon\/\" target=\"_self\" title=\"Liban\"><img decoding=\"async\" class=\"aex-flags-live\" data-aos=\"flip-right\" data-aos-duration=\"2200\" src=\"https:\/\/menoffootball.com\/com\/images\/flags\/img-lb.png\" alt=\"Liban\"><\/a><a href=\"https:\/\/menoffootball.com\/fr\/live\/italy\/\" target=\"_self\" title=\"Mexique\"><img decoding=\"async\" class=\"aex-flags-live\" data-aos=\"flip-right\" data-aos-duration=\"2300\" src=\"https:\/\/menoffootball.com\/com\/images\/flags\/img-mx.png\" alt=\"Mexique\"><\/a><a href=\"https:\/\/menoffootball.com\/fr\/live\/netherlands\/\" target=\"_self\" title=\"Pays-Bas\"><img decoding=\"async\" class=\"aex-flags-live\" data-aos=\"flip-right\" data-aos-duration=\"2400\" src=\"https:\/\/menoffootball.com\/com\/images\/flags\/img-nl.png\" alt=\"Pays-Bas\"><\/a>\n\t\t<\/div>\n<div class=\"aex-box-flags-live\" data-aos=\"zoom-in\" data-aos-duration=\"2000\">\n\t\t\t<a href=\"https:\/\/menoffootball.com\/fr\/live\/new-zealand\/\" target=\"_self\" title=\"Nouvelle-Z\u00e9lande\"><img decoding=\"async\" class=\"aex-flags-live\" data-aos=\"flip-left\" data-aos-duration=\"2000\" src=\"https:\/\/menoffootball.com\/com\/images\/flags\/img-nz.png\" alt=\"Nouvelle-Z\u00e9lande\"><\/a><a href=\"https:\/\/menoffootball.com\/fr\/live\/norway\/\" target=\"_self\" title=\"Norv\u00e8ge\"><img decoding=\"async\" class=\"aex-flags-live\" data-aos=\"flip-left\" data-aos-duration=\"2100\" src=\"https:\/\/menoffootball.com\/com\/images\/flags\/img-no.png\" alt=\"Norv\u00e8ge\"><\/a><a href=\"https:\/\/menoffootball.com\/fr\/live\/portugal\/\" target=\"_self\" title=\"Portugal\"><img decoding=\"async\" class=\"aex-flags-live\" data-aos=\"flip-left\" data-aos-duration=\"2200\" src=\"https:\/\/menoffootball.com\/com\/images\/flags\/img-pt.png\" alt=\"Portugal\"><\/a><a href=\"https:\/\/menoffootball.com\/fr\/live\/russia\/\" target=\"_self\" title=\"Russie\"><img decoding=\"async\" class=\"aex-flags-live\" data-aos=\"flip-left\" data-aos-duration=\"2300\" src=\"https:\/\/menoffootball.com\/com\/images\/flags\/img-ru.png\" alt=\"Russie\"><\/a><a href=\"https:\/\/menoffootball.com\/fr\/live\/saudi-arabia\/\" target=\"_self\" title=\"Arabie saoudite\"><img decoding=\"async\" class=\"aex-flags-live\" data-aos=\"flip-right\" data-aos-duration=\"2400\" src=\"https:\/\/menoffootball.com\/com\/images\/flags\/img-sa.png\" alt=\"Arabie saoudite\"><\/a><a href=\"https:\/\/menoffootball.com\/fr\/live\/serbia\/\" target=\"_self\" title=\"Serbie\"><img decoding=\"async\" class=\"aex-flags-live\" data-aos=\"flip-right\" data-aos-duration=\"2500\" src=\"https:\/\/menoffootball.com\/com\/images\/flags\/img-sr.png\" alt=\"Serbie\"><\/a><a href=\"https:\/\/menoffootball.com\/fr\/live\/slovakia\/\" target=\"_self\" title=\"Slovaquie\"><img decoding=\"async\" class=\"aex-flags-live\" data-aos=\"flip-right\" data-aos-duration=\"2600\" src=\"https:\/\/menoffootball.com\/com\/images\/flags\/img-sk.png\" alt=\"Slovaquie\"><\/a><a href=\"https:\/\/menoffootball.com\/fr\/live\/slovenia\/\" target=\"_self\" title=\"Slov\u00e9nie\"><img decoding=\"async\" class=\"aex-flags-live\" data-aos=\"flip-right\" data-aos-duration=\"2700\" src=\"https:\/\/menoffootball.com\/com\/images\/flags\/img-si.png\" alt=\"Slov\u00e9nie\"><\/a>\n\t\t<\/div>\n<div class=\"aex-box-flags-live\" data-aos=\"zoom-in\" data-aos-duration=\"2300\">\n\t\t\t<a href=\"https:\/\/menoffootball.com\/fr\/live\/south-africa\/\" target=\"_self\" title=\"Afrique du Sud\"><img decoding=\"async\" class=\"aex-flags-live\" data-aos=\"flip-left\" data-aos-duration=\"2300\" src=\"https:\/\/menoffootball.com\/com\/images\/flags\/img-za.png\" alt=\"Afrique du Sud\"><\/a><a href=\"https:\/\/menoffootball.com\/fr\/live\/south-korea\/\" target=\"_self\" title=\"Cor\u00e9e du Sud\"><img decoding=\"async\" class=\"aex-flags-live\" data-aos=\"flip-left\" data-aos-duration=\"2400\" src=\"https:\/\/menoffootball.com\/com\/images\/flags\/img-ko.png\" alt=\"Cor\u00e9e du Sud\"><\/a><a href=\"https:\/\/menoffootball.com\/fr\/live\/spain\/\" target=\"_self\" title=\"Espagne\"><img decoding=\"async\" class=\"aex-flags-live\" data-aos=\"flip-left\" data-aos-duration=\"2500\" src=\"https:\/\/menoffootball.com\/com\/images\/flags\/img-es.png\" alt=\"Espagne\"><\/a><a href=\"https:\/\/menoffootball.com\/fr\/live\/sweden\/\" target=\"_self\" title=\"Su\u00e8de\"><img decoding=\"async\" class=\"aex-flags-live\" data-aos=\"flip-left\" data-aos-duration=\"2600\" src=\"https:\/\/menoffootball.com\/com\/images\/flags\/img-se.png\" alt=\"Su\u00e8de\"><\/a><a href=\"https:\/\/menoffootball.com\/fr\/live\/switzerland\/\" target=\"_self\" title=\"Suisse\"><img decoding=\"async\" class=\"aex-flags-live\" data-aos=\"flip-right\" data-aos-duration=\"2700\" src=\"https:\/\/menoffootball.com\/com\/images\/flags\/img-ch.png\" alt=\"Suisse\"><\/a><a href=\"https:\/\/menoffootball.com\/fr\/live\/turkiye\/\" target=\"_self\" title=\"Turquie\"><img decoding=\"async\" class=\"aex-flags-live\" data-aos=\"flip-right\" data-aos-duration=\"2800\" src=\"https:\/\/menoffootball.com\/com\/images\/flags\/img-tr.png\" alt=\"Turquie\"><\/a><a href=\"https:\/\/menoffootball.com\/fr\/live\/uk\/\" target=\"_self\" title=\"Royaume-Uni\"><img decoding=\"async\" class=\"aex-flags-live\" data-aos=\"flip-right\" data-aos-duration=\"2900\" src=\"https:\/\/menoffootball.com\/com\/images\/flags\/img-uk.png\" alt=\"Royaume-Uni\"><\/a><a href=\"https:\/\/menoffootball.com\/fr\/live\/usa\/\" target=\"_self\" title=\"\u00c9tats-Unis d'Am\u00e9rique\"><img decoding=\"async\" class=\"aex-flags-live\" data-aos=\"flip-right\" data-aos-duration=\"3000\" src=\"https:\/\/menoffootball.com\/com\/images\/flags\/img-us.png\" alt=\"\u00c9tats-Unis d'Am\u00e9rique\"><\/a>\n\t\t<\/div>\n<\/p><\/div>\n<\/div>\n","protected":false},"excerpt":{"rendered":"<p>Les r\u00e9sultats actuels du football chinois, les points et les buts de la saison en cours en un coup d&#8217;\u0153il. En direct. China League One Chine Asie 01. | R\u00e9sultats 02. | Points 03. | Plan de jeu R\u00e9sultats actuels R\u00e9sultats actuels, matchs et buts de la saison en cours. Score actuel. [soccer-info id=&#8221;180&#8243; type=&#8221;results&#8221;] [&hellip;]<\/p>\n","protected":false},"author":1,"featured_media":154,"parent":358,"menu_order":0,"comment_status":"closed","ping_status":"closed","template":"","meta":{"footnotes":""},"class_list":["post-501","page","type-page","status-publish","has-post-thumbnail","hentry"],"translation":{"provider":"WPGlobus","version":"3.0.2","language":"fr","enabled_languages":["de","tr","en","es","br","fr","it","ar","ru","zh","ko","hi","ja"],"languages":{"de":{"title":true,"content":true,"excerpt":false},"tr":{"title":true,"content":true,"excerpt":false},"en":{"title":true,"content":true,"excerpt":false},"es":{"title":true,"content":true,"excerpt":false},"br":{"title":true,"content":true,"excerpt":false},"fr":{"title":true,"content":true,"excerpt":false},"it":{"title":true,"content":true,"excerpt":false},"ar":{"title":true,"content":true,"excerpt":false},"ru":{"title":true,"content":true,"excerpt":false},"zh":{"title":true,"content":true,"excerpt":false},"ko":{"title":true,"content":true,"excerpt":false},"hi":{"title":true,"content":true,"excerpt":false},"ja":{"title":true,"content":true,"excerpt":false}}},"_links":{"self":[{"href":"https:\/\/menoffootball.com\/fr\/wp-json\/wp\/v2\/pages\/501","targetHints":{"allow":["GET"]}}],"collection":[{"href":"https:\/\/menoffootball.com\/fr\/wp-json\/wp\/v2\/pages"}],"about":[{"href":"https:\/\/menoffootball.com\/fr\/wp-json\/wp\/v2\/types\/page"}],"author":[{"embeddable":true,"href":"https:\/\/menoffootball.com\/fr\/wp-json\/wp\/v2\/users\/1"}],"replies":[{"embeddable":true,"href":"https:\/\/menoffootball.com\/fr\/wp-json\/wp\/v2\/comments?post=501"}],"version-history":[{"count":0,"href":"https:\/\/menoffootball.com\/fr\/wp-json\/wp\/v2\/pages\/501\/revisions"}],"up":[{"embeddable":true,"href":"https:\/\/menoffootball.com\/fr\/wp-json\/wp\/v2\/pages\/358"}],"wp:featuredmedia":[{"embeddable":true,"href":"https:\/\/menoffootball.com\/fr\/wp-json\/wp\/v2\/media\/154"}],"wp:attachment":[{"href":"https:\/\/menoffootball.com\/fr\/wp-json\/wp\/v2\/media?parent=501"}],"curies":[{"name":"wp","href":"https:\/\/api.w.org\/{rel}","templated":true}]}}