{"id":20,"date":"2023-08-18T18:26:54","date_gmt":"2023-08-18T16:26:54","guid":{"rendered":"https:\/\/menoffootball.com\/?page_id=20"},"modified":"2023-08-20T09:37:21","modified_gmt":"2023-08-20T07:37:21","slug":"imprint","status":"publish","type":"page","link":"https:\/\/menoffootball.com\/ja\/imprint\/","title":{"rendered":"\u30a4\u30f3\u30d7\u30ea\u30f3\u30c8"},"content":{"rendered":"<div class=\"aex-wrapper\">\n<div class=\"aex-box-entry\" data-aos=\"fade-up\" data-aos-duration=\"1200\">\n<p class=\"aex-p-intro\"><strong>\u00abMen of Football | Player&#8217;s Aesthetics\u00bb<\/strong> ist ein privates Fussball- und Kunstprojekt.<\/p>\n<p>\t\t\u00abMen of Football\u00bb visualisiert die muskul\u00e4re Kraft von Fussballspielern auf eine besondere k\u00fcnstlerische Weise. Die situative \u00c4sthetik, die w\u00e4hrend eines k\u00e4mpferischen und spannenden Fussballspiels zwischen zwei Teams entsteht, wird in Bildern eingefangen und hier auf k\u00fcnstlerische Weise veredelt.<\/p>\n<p>\t\tNeben diesen Werken h\u00e4lt \u00abMen of Football\u00bb seinen Nutzern eine Forum bereit, in dieser \u00fcber tagesaktuelle Themen rund um das Thema Fussball diskutiert wird. Um als sportbegeisterter \u00c4sthet stets auf dem Laufenden zu bleiben, runden aktuelle Punkte- und Ergebnistabellen das Angebot von \u00abMen of Football\u00bb ab.<\/p>\n<p class=\"aex-p-claim\">Dieses Projekt geht aus dem vorherigen Projekt \u00ab<a href=\"https:\/\/menofsoccer.com\/\" target=\"_blank\" title=\"Men of Soccer | Football Player&#039;s Aesthetics\" rel=\"noopener\">Men of Soccer<\/a>\u00bb hervor und wird zuk\u00fcnftig weiter als \u00ab<a href=\"https:\/\/menoffootball.com\/\" target=\"_self\" title=\"Men of Football | Player&#039;s Aesthetics\" rel=\"noopener\">Men of Football | Player&#8217;s Aesthetics<\/a>\u00bb fortgesetzt.<\/a><\/p>\n<p class=\"aex-p-claim\">Dieses Impressum hat nicht nur f\u00fcr diese Website seine G\u00fcltigkeit, sondern dient gleichzeitig als Impressum f\u00fcr Kan\u00e4le in den sozialen Medien, in denen \u00abMen of Football\u00bb \u00fcber einen offiziellen Account verf\u00fcgt.<\/p>\n<div class=\"blank20\"><\/div>\n<p class=\"aex-p-claim\">Men of Football ist ein Projekt von <a href=\"https:\/\/aexraex.com\/\" target=\"_blank\" title=\"Aexraex | Digital Content Creation \u2022 Social \u2022 Media \u2022 Web \u2022 Design \u2022 Artist \u2022 WordPress\" rel=\"noopener\">Aexraex<\/a>.<br \/>\n\t\tF\u00fcr dieses Kunstkonzept arbeitet Men of Football mit professionellen Fussballspielern und Fotografen zusammen.<br \/>\n\t\tEinvernehmlich wird schliesslich durch Aexraex die besondere \u00c4sthetik des jeweiligen Spielers herausgearbeitet und von Aexraex auf k\u00fcnstlerische Weise visualisiert.<\/p>\n<\/p><\/div>\n<div class=\"blank80\"><\/div>\n<div class=\"aex-box-entry-gallery-center\" data-aos=\"zoom-in\" data-aos-duration=\"2700\">\n\t\t<div id=\"metaslider-id-204\" style=\"width: 100%; margin: 0 auto;\" class=\"ml-slider-3-107-0 metaslider metaslider-flex metaslider-204 ml-slider has-dots-nav has-carousel-mode ms-theme-default\" role=\"region\" aria-label=\"Men of Football | Startseite - Center\" data-height=\"194\" data-width=\"194\">\n    <div id=\"metaslider_container_204\">\n        <div id=\"metaslider_204\">\n            <ul class='slides'>\n                <li style=\"display: none; width: 100%;\" class=\"slide-207 ms-image \" aria-roledescription=\"slide\" data-date=\"2023-08-19 06:43:11\" data-filename=\"00006-men-of-football-com-aesthetic-gallery-close-ups-194x194.png\" data-slide-type=\"image\"><img loading=\"lazy\" decoding=\"async\" src=\"https:\/\/menoffootball.com\/wp-content\/uploads\/2023\/08\/00006-men-of-football-com-aesthetic-gallery-close-ups-194x194.png\" height=\"194\" width=\"194\" alt=\"\" class=\"slider-204 slide-207 msDefaultImage\" title=\"00006-men-of-football-com-aesthetic-gallery-close-ups\"><\/li>\n                <li style=\"display: none; width: 100%;\" class=\"slide-211 ms-image \" aria-roledescription=\"slide\" data-date=\"2023-08-19 06:43:12\" data-filename=\"00034-men-of-football-com-aesthetic-gallery-stylish-play-194x194.png\" data-slide-type=\"image\"><img loading=\"lazy\" decoding=\"async\" src=\"https:\/\/menoffootball.com\/wp-content\/uploads\/2023\/08\/00034-men-of-football-com-aesthetic-gallery-stylish-play-194x194.png\" height=\"194\" width=\"194\" alt=\"\" class=\"slider-204 slide-211 msDefaultImage\" title=\"00034-men-of-football-com-aesthetic-gallery-stylish-play\"><\/li>\n                <li style=\"display: none; width: 100%;\" class=\"slide-205 ms-image \" aria-roledescription=\"slide\" data-date=\"2023-08-19 06:43:11\" data-filename=\"00002-men-of-football-com-aesthetic-gallery-stylish-play-194x194.png\" data-slide-type=\"image\"><img loading=\"lazy\" decoding=\"async\" src=\"https:\/\/menoffootball.com\/wp-content\/uploads\/2023\/08\/00002-men-of-football-com-aesthetic-gallery-stylish-play-194x194.png\" height=\"194\" width=\"194\" alt=\"\" class=\"slider-204 slide-205 msDefaultImage\" title=\"00002-men-of-football-com-aesthetic-gallery-stylish-play\"><\/li>\n                <li style=\"display: none; width: 100%;\" class=\"slide-212 ms-image \" aria-roledescription=\"slide\" data-date=\"2023-08-19 06:43:12\" data-filename=\"00029-men-of-football-com-aesthetic-gallery-footballers-physique-194x194.png\" data-slide-type=\"image\"><img loading=\"lazy\" decoding=\"async\" src=\"https:\/\/menoffootball.com\/wp-content\/uploads\/2023\/08\/00029-men-of-football-com-aesthetic-gallery-footballers-physique-194x194.png\" height=\"194\" width=\"194\" alt=\"\" class=\"slider-204 slide-212 msDefaultImage\" title=\"00029-men-of-football-com-aesthetic-gallery-footballers-physique\"><\/li>\n                <li style=\"display: none; width: 100%;\" class=\"slide-208 ms-image \" aria-roledescription=\"slide\" data-date=\"2023-08-19 06:43:11\" data-filename=\"00008-men-of-football-com-aesthetic-gallery-stylish-play-194x194.png\" data-slide-type=\"image\"><img loading=\"lazy\" decoding=\"async\" src=\"https:\/\/menoffootball.com\/wp-content\/uploads\/2023\/08\/00008-men-of-football-com-aesthetic-gallery-stylish-play-194x194.png\" height=\"194\" width=\"194\" alt=\"\" class=\"slider-204 slide-208 msDefaultImage\" title=\"00008-men-of-football-com-aesthetic-gallery-stylish-play\"><\/li>\n                <li style=\"display: none; width: 100%;\" class=\"slide-206 ms-image \" aria-roledescription=\"slide\" data-date=\"2023-08-19 06:43:11\" data-filename=\"00019-men-of-football-com-aesthetic-gallery-legs-thighs-and-calves-194x194.png\" data-slide-type=\"image\"><img loading=\"lazy\" decoding=\"async\" src=\"https:\/\/menoffootball.com\/wp-content\/uploads\/2023\/08\/00019-men-of-football-com-aesthetic-gallery-legs-thighs-and-calves-194x194.png\" height=\"194\" width=\"194\" alt=\"\" class=\"slider-204 slide-206 msDefaultImage\" title=\"00019-men-of-football-com-aesthetic-gallery-legs-thighs-and-calves\"><\/li>\n                <li style=\"display: none; width: 100%;\" class=\"slide-209 ms-image \" aria-roledescription=\"slide\" data-date=\"2023-08-19 06:43:11\" data-filename=\"00021-men-of-football-com-aesthetic-gallery-soldiers-brothers-and-squads-194x194.png\" data-slide-type=\"image\"><img loading=\"lazy\" decoding=\"async\" src=\"https:\/\/menoffootball.com\/wp-content\/uploads\/2023\/08\/00021-men-of-football-com-aesthetic-gallery-soldiers-brothers-and-squads-194x194.png\" height=\"194\" width=\"194\" alt=\"\" class=\"slider-204 slide-209 msDefaultImage\" title=\"00021-men-of-football-com-aesthetic-gallery-soldiers-brothers-and-squads\"><\/li>\n                <li style=\"display: none; width: 100%;\" class=\"slide-210 ms-image \" aria-roledescription=\"slide\" data-date=\"2023-08-19 06:43:12\" data-filename=\"00004-men-of-football-com-aesthetic-gallery-footballers-physique-194x194.png\" data-slide-type=\"image\"><img loading=\"lazy\" decoding=\"async\" src=\"https:\/\/menoffootball.com\/wp-content\/uploads\/2023\/08\/00004-men-of-football-com-aesthetic-gallery-footballers-physique-194x194.png\" height=\"194\" width=\"194\" alt=\"\" class=\"slider-204 slide-210 msDefaultImage\" title=\"00004-men-of-football-com-aesthetic-gallery-footballers-physique\"><\/li>\n            <\/ul>\n        <\/div>\n        \n    <\/div>\n<\/div>\n\t<\/div>\n<div class=\"blank80\"><\/div>\n<div class=\"aex-box-entry\" data-aos=\"fade-up\" data-aos-duration=\"1200\">\n<h3 data-aos=\"flip-right\" data-aos-duration=\"1500\">00. | Gliederung dieses Impressums<\/h3>\n<p>\t\tDieses Impressum ist wie folgt gegliedert:<\/p>\n<div class=\"aex-imprint-table\">\n<div class=\"aex-imprint-table\">\n<div class=\"aex-imprint-table-left\">01. | <\/div>\n<div class=\"aex-imprint-table-right\"><a class=\"aex-imprint-link-title\" href=\"#imprint\" target=\"_self\" rel=\"noopener\">Verantwortlicher<\/a><\/div>\n<\/p><\/div>\n<div class=\"aex-imprint-table\">\n<div class=\"aex-imprint-table-left\">02. | <\/div>\n<div class=\"aex-imprint-table-right\"><a class=\"aex-imprint-link-title\" href=\"#design\" target=\"_self\" rel=\"noopener\">Konzeption und Design<\/a><\/div>\n<\/p><\/div>\n<div class=\"aex-imprint-table\">\n<div class=\"aex-imprint-table-left\">03. | <\/div>\n<div class=\"aex-imprint-table-right\"><a class=\"aex-imprint-link-title\" href=\"#aex-social-media\" target=\"_self\" rel=\"noopener\">Social Media<\/a><\/div>\n<\/p><\/div>\n<div class=\"aex-imprint-table\">\n<div class=\"aex-imprint-table-left\">04. | <\/div>\n<div class=\"aex-imprint-table-right\"><a class=\"aex-imprint-link-title\" href=\"#authority\" target=\"_self\" rel=\"noopener\">Aufsichtsbeh\u00f6rde<\/a><\/div>\n<\/p><\/div>\n<div class=\"aex-imprint-table\">\n<div class=\"aex-imprint-table-left\">05. | <\/div>\n<div class=\"aex-imprint-table-right\"><a class=\"aex-imprint-link-title\" href=\"#france\" target=\"_self\" rel=\"noopener\">Frankreich-Klausel<\/a><\/div>\n<\/p><\/div>\n<div class=\"aex-imprint-table\">\n<div class=\"aex-imprint-table-left\">06. | <\/div>\n<div class=\"aex-imprint-table-right\"><a class=\"aex-imprint-link-title\" href=\"#disclaimer\" target=\"_self\" rel=\"noopener\">Haftungsausschluss<\/a><\/div>\n<\/p><\/div>\n<div class=\"aex-imprint-table\">\n<div class=\"aex-imprint-table-left\">07. | <\/div>\n<div class=\"aex-imprint-table-right\"><a class=\"aex-imprint-link-title\" href=\"#copyright\" target=\"_self\" rel=\"noopener\">Urheberrecht<\/a><\/div>\n<\/p><\/div>\n<\/p><\/div>\n<\/p><\/div>\n<div class=\"blank100\"><\/div>\n<div id=\"imprint\"><\/div>\n<div class=\"aex-box-entry\">\n<h3 data-aos=\"flip-right\" data-aos-duration=\"1500\">01. | Verantwortlicher<\/h3>\n<p>\t\t\u00abMen of Football\u00bb ist ein Projekt von<\/p>\n<div class=\"aex-box-left-align\" data-aos=\"flip-right\" data-aos-duration=\"2500\">\n\t\t\t<a href=\"https:\/\/aexraex.com\/\" target=\"_blank\" title=\"Aexraex | Digital Content Creation\" rel=\"noopener\"><img decoding=\"async\" class=\"aex-logo-aexraex\" src=\"https:\/\/menoffootball.com\/wp-content\/uploads\/2023\/08\/00001-logo-universal-black-aexraex.png\" alt=\"Aexraex | Digital Content Creation\"><\/a>\n\t\t<\/div>\n<p>\t\tAexraex<br \/>\n\t\tDigital Content Creation<\/p>\n<div class=\"blank30\"><\/div>\n<div class=\"aex-box-left-align\" data-aos=\"flip-right\" data-aos-duration=\"2500\">\n\t\t\t<a href=\"https:\/\/menoffootball.com\/\" target=\"_self\" title=\"Men of Football | Player&#039;s Aesthetics\" rel=\"noopener\"><img decoding=\"async\" class=\"aex-box-imprint-logo-aexraex\" src=\"https:\/\/menoffootball.com\/com\/images\/logos\/logo002-men-of-soccer-football-players-aesthetics.png\" alt=\"Men of Football | Player's Aesthetics\"><\/a>\n\t\t<\/div>\n<p>\t\tMen of Football<br \/>\n\t\tPlayer&#8217;s Aesthetics<\/p>\n<p>\t\tAexraex<br \/>\n\t\tPostfach 10 13 15<br \/>\n\t\t40004 D\u00fcsseldorf<br \/>\n\t\tDeutschland<br \/>\n\t\tEurop\u00e4ische Union<\/p>\n<p>\t\tOffizielle Website<br \/>\n\t\t<a href=\"https:\/\/menoffootball.com\" target=\"_self\" rel=\"noopener\">menoffootball.com<\/a><\/p>\n<p>\t\tImpressum<br \/>\n\t\t<a href=\"https:\/\/menoffootball.com\/imprint\/\" target=\"_self\" rel=\"noopener\">menoffootball.com\/imprint\/<\/a><\/p>\n<p>\t\tDatenschutzerkl\u00e4rung<br \/>\n\t\t<a href=\"https:\/\/menoffootball.com\/privacy-policy\/\" target=\"_self\" rel=\"noopener\">menoffootball.com\/privacy-policy\/<\/a><\/p>\n<p>\t\tCookies<br \/>\n\t\t<a href=\"https:\/\/menoffootball.com\/cookies\/\" target=\"_self\" rel=\"noopener\">menoffootball.com\/cookies\/<\/a><\/p>\n<p>\t\tNutzungsbedingungen<br \/>\n\t\t<a href=\"https:\/\/menoffootball.com\/terms-of-use\/\" target=\"_self\" rel=\"noopener\">menoffootball.com\/terms-of-use\/<\/a><\/p>\n<p>\t\tAllgemeine Gesch\u00e4ftsbedingungen<br \/>\n\t\t<a href=\"https:\/\/menoffootball.com\/terms-and-conditions\/\" target=\"_self\" rel=\"noopener\">menoffootball.com\/terms-and-conditions\/<\/a><\/p>\n<p>\t\tRessourcen<br \/>\n\t\t<a href=\"https:\/\/menoffootball.com\/resources\/\" target=\"_self\" rel=\"noopener\">menoffootball.com\/resources\/<\/a><\/p>\n<p>\t\tRessourcen | Fotografen und Fussballspieler<br \/>\n\t\t<a href=\"https:\/\/menoffootball.com\/resources-photographers-and-football-players\/\" target=\"_self\" rel=\"noopener\">menoffootball.com\/resources-photographers-and-football-players\/<\/a><\/p>\n<p>\t\tE-Mail<br \/>\n\t\t<a href=\"mailto:info@menoffootball.com\">info@menoffootball.com<\/a><\/p>\n<p>\t\tKontakt<br \/>\n\t\t<a href=\"https:\/\/menoffootball.com\/contact\/\" target=\"_self\" rel=\"noopener\">Kontaktformular<\/a><\/p>\n<div class=\"blank50\"><\/div>\n<p>\t\tUmsatzsteuer-Identifikationsnummer gem\u00e4ss \u00a727a Umsatzsteuergesetz:<br \/>\n\t\tUStG 106\/5050\/4660<\/p>\n<p>\t\tKein Umsatzsteuerausweis aufgrund Anwendung der Kleinunternehmerregelung gem\u00e4ss \u00a719 Umsatzsteuergesetz.<\/p>\n<p>\t\tAngaben gem\u00e4ss \u00a75 TMG und Verantwortlicher dieser Website und dieses Projekts ist<br \/>\n\t\tAexraex<\/p>\n<p>\t\tDer Betreiber deklariert \u00abMen of Football\u00bb als privates Projekt, weil keine Gewinnabsichten dahinter stecken. Unter Umst\u00e4nden k\u00f6nnen an gewissen Stellen Banner von Google Ads platziert sein, um die Kosten f\u00fcr das Betreiben, die Instandhaltung, die Wartung und die Produktion dieses Projekts decken zu k\u00f6nnen.<\/p>\n<p>\t\tFalls du \u00abMen of Football\u00bb interessant findest bzw. von diesem Projekt begeistert bist und weitere professionelle Fussballspieler sehen willst, kannst du sehr gerne an folgende Adresse per PayPal einen kleinen finanziellen Beitrag spenden, damit das Nutzererlebnis und die Performance dieses Projekts gesteigert werden kann: <a href=\"mailto:info@menoffootball.com\">info@menoffootball.com<\/a><\/p>\n<p>\t\t\u00abMen of Football\u00bb m\u00f6chte sich bei allen Fussballspielern dieses Projekts, Fans und Usern, Photographen, Fanbeauftragten, Vereinen, Bild- und Sportagenturen herzlichst f\u00fcr die gute Zusammenarbeit bedanken.<\/p>\n<p>\t\tDanke!\n\t<\/p><\/div>\n<div class=\"blank100\"><\/div>\n<div id=\"design\"><\/div>\n<div class=\"aex-box-entry\">\n<h3>02. |\u00a0Konzeption und Design<\/h3>\n<p>\t\tDiese Website wurde erstellt von<\/p>\n<div class=\"aex-box-left-align\" data-aos=\"flip-right\" data-aos-duration=\"2500\">\n\t\t\t<a href=\"https:\/\/aexraex.com\/\" target=\"_blank\" title=\"Aexraex | Digital Content Creation\" rel=\"noopener\"><img decoding=\"async\" class=\"aex-logo-aexraex\" src=\"https:\/\/menoffootball.com\/wp-content\/uploads\/2023\/08\/00001-logo-universal-black-aexraex.png\" alt=\"Aexraex | Digital Content Creation\"><\/a>\n\t\t<\/div>\n<p>\t\tAexraex<br \/>\n\t\tDigital Content Creation<\/p>\n<p>\t\tAexraex<br \/>\n\t\tPostfach 10 13 15<br \/>\n\t\t40004 D\u00fcsseldorf<br \/>\n\t\tDeutschland<br \/>\n\t\tEurop\u00e4ische Union<\/p>\n<p>\t\tOffizielle Website<br \/>\n\t\t<a href=\"https:\/\/aexraex.com\" target=\"_blank\" rel=\"noopener\">aexraex.com<\/a><\/p>\n<p>\t\tImpressum<br \/>\n\t\t<a href=\"https:\/\/aexraex.com\/imprint\/\" target=\"_blank\" rel=\"noopener\">aexraex.com\/imprint\/<\/a><\/p>\n<p>\t\tDatenschutzerkl\u00e4rung<br \/>\n\t\t<a href=\"https:\/\/aexraex.com\/privacy-policy\/\" target=\"_blank\" rel=\"noopener\">aexraex.com\/privacy-policy\/<\/a><\/p>\n<p>\t\tRessourcen<br \/>\n\t\t<a href=\"https:\/\/aexraex.com\/resources\/\" target=\"_blank\" rel=\"noopener\">aexraex.com\/resources\/<\/a><\/p>\n<p>\t\tE-Mail<br \/>\n\t\t<a href=\"mailto:info@aexraex.com\">info@aexraex.com<\/a>\n\t<\/div>\n<div class=\"blank100\"><\/div>\n<div id=\"social-media\"><\/div>\n<div class=\"aex-box-entry\">\n<h3>03. |\u00a0Social Media<\/h3>\n<p>\t\tVerpasse nichts! Erfahre mehr \u00fcber neue Spieler, die neuesten \u00e4sthetischsten Werke und Besonderheiten in der Community und bleibe stets auf dem Laufenden:<\/p>\n<p>\t\tFacebook<br \/>\n\t\t<a href=\"https:\/\/facebook.com\/menofsoccer\/\" target=\"_blank\" rel=\"noopener\">facebook.com\/menofsoccer<\/a><\/p>\n<p>\t\tFlickr<br \/>\n\t\t<a href=\"https:\/\/flickr.com\/people\/menofsoccer\/\" target=\"_blank\" rel=\"noopener\">flickr.com\/people\/menofsoccer<\/a><\/p>\n<p>\t\tInstagram<br \/>\n\t\t<a href=\"https:\/\/instagram.com\/menofsoccer.official\/\" target=\"_blank\" rel=\"noopener\">instagram.com\/menofsoccer.official<\/a><\/p>\n<p>\t\tMix<br \/>\n\t\t<a href=\"https:\/\/mix.com\/menofsoccer\/\" target=\"_blank\" rel=\"noopener\">mix.com\/menofsoccer<\/a><\/p>\n<p>\t\tPinterest<br \/>\n\t\t<a href=\"https:\/\/pinterest.com\/menofsoccer_com\/\" target=\"_blank\" rel=\"noopener\">pinterest.com\/menofsoccer_com<\/a><\/p>\n<p>\t\tSoundCloud<br \/>\n\t\t<a href=\"https:\/\/soundcloud.com\/menofsoccer\/\" target=\"_blank\" rel=\"noopener\">soundcloud.com\/menofsoccer<\/a><\/p>\n<p>\t\tTikTok<br \/>\n\t\t<a href=\"https:\/\/tiktok.com\/@menofsoccer\" target=\"_blank\" rel=\"noopener\">tiktok.com\/@menofsoccer<\/a><\/p>\n<p>\t\tTumblr<br \/>\n\t\t<a href=\"https:\/\/menofsoccer-official.tumblr.com\/\" target=\"_blank\" rel=\"noopener\">menofsoccer-official.tumblr.com<\/a><\/p>\n<p>\t\tTwitter<br \/>\n\t\t<a href=\"https:\/\/twitter.com\/menofsoccer\/\" target=\"_blank\" rel=\"noopener\">twitter.com\/menofsoccer<\/a><\/p>\n<p>\t\tYouTube<br \/>\n\t\t<a href=\"https:\/\/youtube.com\/menofsoccer\/\" target=\"_blank\" rel=\"noopener\">youtube.com\/menofsoccer<\/a><\/p>\n<p>Des Weiteren m\u00f6chte der Betreiber dieses Projekts betonen, dass er ausser den oben aufgef\u00fchrten offiziellen Social Media-Kan\u00e4len keine weiteren Konten betreibt.<\/p>\n<p>\t\tNeben dem oben aufgef\u00fchrten offiziellen Account auf Tumblr m\u00f6chte der Betreiber dieses Projekts betonen, dass offensichtlich ein weiterer Account auf Tumblr mit dem selben Namen (Men of Soccer) existert, der ABER NICHT diesem Projekt zugeh\u00f6rig ist. \u00abMen of Football\u00bb distanziert sich von den Inhalten dieses gleichnamigen Accounts. Wende dich bitte bei Fragen bez\u00fcglich dieses fremden Accounts an den Betreiber.<\/p>\n<\/p><\/div>\n<div class=\"blank100\"><\/div>\n<div id=\"authority\"><\/div>\n<div class=\"aex-box-entry\">\n<h3>04. | Aufsichtsbeh\u00f6rde<\/h3>\n<p>\t\tLandratsamt D\u00fcsseldorf<\/p>\n<p>\t\tDie Europ\u00e4ische Kommission stellt eine Plattform zur Online-Streitbeilegung (OS) bereit:<br \/>\n\t\t<a href=\"https:\/\/ec.europa.eu\/consumers\/odr\/main\/index.cfm?event=main.home.chooseLanguage\" target=\"_blank\" rel=\"noopener\">https:\/\/ec.europa.eu\/consumers\/odr\/main\/index.cfm?event=main.home.chooseLanguage<\/a><\/p>\n<p>\t\t\u00abMen of Football\u00bb ist nicht bereit oder verpflichtet, an Streitbeilegungsverfahren vor einer Verbraucherschlichtungsstelle teilzunehmen.\n\t<\/p><\/div>\n<div class=\"blank100\"><\/div>\n<div id=\"france\"><\/div>\n<div class=\"aex-box-entry\">\n<h3>05. | Frankreich-Klausel<\/h3>\n<p>\t\tF\u00fcr die Vermarktung dieses Kunstprojekts, werden (unter Umst\u00e4nden) gezielt relevante Zielgruppen mit Plakaten oder Hinweisen auf dieses Projekt aufmerksam gemacht. Es liegt in der Natur der Dinge, dass Werbemittel und Werke bearbeitet und auf Hochglanz poliert werden. Selbstverst\u00e4ndlich wird dabei eine stilisierte Welt abgebildet, die nicht der Realit\u00e4t entsprechen muss. Schliesslich ist \u00abMen of Football\u00bb ein Kunstprojekt und das Recht der k\u00fcnstlerischen Freiheit nimmt der Betreiber f\u00fcr sich in Anspruch.<\/p>\n<p>\t\t\u00abMen of Football\u00bb steht es frei, Bilder bzw. Werbemittel jederzeit zu bearbeiten, zu ver\u00e4ndern oder zu entfernen.\n\t<\/p><\/div>\n<div class=\"blank100\"><\/div>\n<div id=\"disclaimer\"><\/div>\n<div class=\"aex-box-entry\">\n<h3>06. | Haftungsausschluss<\/h3>\n<p>\t\tIm Folgenden erf\u00e4hrst du, wof\u00fcr der Betreiber dieses privaten Fussball- und Kunstprojekts nicht in Haftung genommen werden kann:<\/p>\n<div class=\"blank50\"><\/div>\n<h4>Haftung f\u00fcr Inhalte<\/h4>\n<p>\t\tAls Anbieter ist \u00abMen of Football\u00bb gem\u00e4ss \u00a77 Absatz 1 TMG f\u00fcr eigene Inhalte auf diesen Seiten nach den allgemeinen Gesetzen verantwortlich. Nach \u00a7\u00a78 bis 10 TMG ist \u00abMen of Football\u00bb als Anbieter jedoch nicht verpflichtet, \u00fcbermittelte oder gespeicherte fremde Informationen zu \u00fcberwachen oder nach Umst\u00e4nden zu forschen, die auf eine rechtswidrige T\u00e4tigkeit hinweisen.<\/p>\n<p>\t\tVerpflichtungen zur Entfernung oder Sperrung der Nutzung von Informationen nach den allgemeinen Gesetzen bleiben hiervon unber\u00fchrt. Eine diesbez\u00fcgliche Haftung ist jedoch erst ab dem Zeitpunkt der Kenntnis einer konkreten Rechtsverletzung m\u00f6glich. Bei Bekanntwerden von entsprechenden Rechtsverletzungen wird \u00abMen of Football\u00bb diese Inhalte umgehend entfernen.<\/p>\n<div class=\"blank50\"><\/div>\n<h4>Haftung f\u00fcr Links<\/h4>\n<p>\t\tDas Angebot von \u00abMen of Football\u00bb enth\u00e4lt unter Umst\u00e4nden Links zu externen Webseiten Dritter, auf deren Inhalte \u00abMen of Football\u00bb keinen Einfluss hat. Deshalb kann \u00abMen of Football\u00bb f\u00fcr diese fremden Inhalte auch keine Gew\u00e4hr \u00fcbernehmen. F\u00fcr die Inhalte der verlinkten Seiten ist stets der jeweilige Anbieter oder Betreiber der Seiten verantwortlich. Die verlinkten Seiten wurden zum Zeitpunkt der Verlinkung auf m\u00f6gliche Rechtsverst\u00f6sse \u00fcberpr\u00fcft. Rechtswidrige Inhalte waren zum Zeitpunkt der Verlinkung nicht erkennbar.<\/p>\n<p>\t\tEine permanente inhaltliche Kontrolle der verlinkten Seiten ist jedoch ohne konkrete Anhaltspunkte einer Rechtsverletzung nicht zumutbar. Bei Bekanntwerden von Rechtsverletzungen wird \u00abMen of Football\u00bb derartige Links umgehend entfernen.\n\t<\/p><\/div>\n<div class=\"blank100\"><\/div>\n<div id=\"copyright\"><\/div>\n<div class=\"aex-box-entry\">\n<h3>07. | Urheberrecht<\/h3>\n<p>\t\tDie durch \u00abMen of Football\u00bb bzw. \u00bbAexraex\u00ab erstellten Inhalte und Werke auf diesen Seiten unterliegen dem deutschen Urheberrecht. Die Vervielf\u00e4ltigung, Bearbeitung, Verbreitung und jede Art der Verwertung ausserhalb der Grenzen des Urheberrechtes bed\u00fcrfen der schriftlichen Zustimmung des jeweiligen Autors bzw. Erstellers.<\/p>\n<p>\t\tDownloads und Kopien dieser Seite sind nur f\u00fcr den privaten, nicht kommerziellen Gebrauch gestattet.<\/p>\n<p>\t\tSoweit die Inhalte auf dieser Seite nicht vom Betreiber erstellt wurden, werden die Urheberrechte Dritter beachtet. Insbesondere werden Inhalte Dritter als solche gekennzeichnet. Solltest du trotzdem auf eine Urheberrechtsverletzung aufmerksam werden, bittet \u00abMen of Football\u00bb um einen entsprechenden Hinweis. Bei Bekanntwerden von Rechtsverletzungen wird \u00abMen of Football\u00bb derartige Inhalte umgehend entfernen.<\/p>\n<p>\t\t<a href=\"https:\/\/menoffootball.com\/de\/resources\/\" target=\"_self\" rel=\"noopener\">Detaillierte Auflistung genutzter Bild- und Medienquellen<\/a><br \/>\n\t\t<a href=\"https:\/\/menoffootball.com\/de\/resources-photographers-and-footballers\/\" target=\"_self\" rel=\"noopener\">Detaillierte Auflistung der Photographen und Fussballspieler<\/a>\n\t<\/div>\n<div class=\"blank200\"><\/div>\n<div class=\"aex-box-entry\">\n<h3>Information<\/h3>\n<p>\t\tLetzte Aktualisierung:<br \/>\n\t\tD\u00fcsseldorf, 17. August 2023<\/p>\n<p>\t\tBei Missverst\u00e4ndnissen, \u00dcbersetzungsfehlern oder Ungereimtheiten, hat dieses Impressum nur in seiner deutschen Fassung seine G\u00fcltigkeit.\n\t<\/p><\/div>\n<\/div>\n","protected":false},"excerpt":{"rendered":"<p>\u00abMen of Football | Player&#8217;s Aesthetics\u00bb ist ein privates Fussball- und Kunstprojekt. \u00abMen of Football\u00bb visualisiert die muskul\u00e4re Kraft von Fussballspielern auf eine besondere k\u00fcnstlerische Weise. Die situative \u00c4sthetik, die w\u00e4hrend eines k\u00e4mpferischen und spannenden Fussballspiels zwischen zwei Teams entsteht, wird in Bildern eingefangen und hier auf k\u00fcnstlerische Weise veredelt. Neben diesen Werken h\u00e4lt \u00abMen [&hellip;]<\/p>\n","protected":false},"author":1,"featured_media":260,"parent":0,"menu_order":0,"comment_status":"closed","ping_status":"closed","template":"","meta":{"footnotes":""},"class_list":["post-20","page","type-page","status-publish","has-post-thumbnail","hentry"],"translation":{"provider":"WPGlobus","version":"3.0.2","language":"ja","enabled_languages":["de","tr","en","es","br","fr","it","ar","ru","zh","ko","hi","ja"],"languages":{"de":{"title":true,"content":true,"excerpt":false},"tr":{"title":true,"content":false,"excerpt":false},"en":{"title":true,"content":false,"excerpt":false},"es":{"title":true,"content":false,"excerpt":false},"br":{"title":true,"content":false,"excerpt":false},"fr":{"title":true,"content":false,"excerpt":false},"it":{"title":true,"content":false,"excerpt":false},"ar":{"title":true,"content":false,"excerpt":false},"ru":{"title":true,"content":false,"excerpt":false},"zh":{"title":true,"content":false,"excerpt":false},"ko":{"title":true,"content":false,"excerpt":false},"hi":{"title":true,"content":false,"excerpt":false},"ja":{"title":true,"content":false,"excerpt":false}}},"_links":{"self":[{"href":"https:\/\/menoffootball.com\/ja\/wp-json\/wp\/v2\/pages\/20","targetHints":{"allow":["GET"]}}],"collection":[{"href":"https:\/\/menoffootball.com\/ja\/wp-json\/wp\/v2\/pages"}],"about":[{"href":"https:\/\/menoffootball.com\/ja\/wp-json\/wp\/v2\/types\/page"}],"author":[{"embeddable":true,"href":"https:\/\/menoffootball.com\/ja\/wp-json\/wp\/v2\/users\/1"}],"replies":[{"embeddable":true,"href":"https:\/\/menoffootball.com\/ja\/wp-json\/wp\/v2\/comments?post=20"}],"version-history":[{"count":0,"href":"https:\/\/menoffootball.com\/ja\/wp-json\/wp\/v2\/pages\/20\/revisions"}],"wp:featuredmedia":[{"embeddable":true,"href":"https:\/\/menoffootball.com\/ja\/wp-json\/wp\/v2\/media\/260"}],"wp:attachment":[{"href":"https:\/\/menoffootball.com\/ja\/wp-json\/wp\/v2\/media?parent=20"}],"curies":[{"name":"wp","href":"https:\/\/api.w.org\/{rel}","templated":true}]}}