{"id":30,"date":"2023-08-18T18:57:44","date_gmt":"2023-08-18T16:57:44","guid":{"rendered":"https:\/\/menoffootball.com\/?page_id=30"},"modified":"2023-08-18T19:16:52","modified_gmt":"2023-08-18T17:16:52","slug":"contact","status":"publish","type":"page","link":"https:\/\/menoffootball.com\/tr\/contact\/","title":{"rendered":"\u0130leti\u015fim"},"content":{"rendered":"<div class=\"aex-wrapper\">\n<div class=\"aex-box special-post\">\n<p class=\"aex-p-cat-intro\"><strong>\u00abMen of Football | Oyuncu Esteti\u011fi\u00bb<\/strong> her t\u00fcrl\u00fc habere sevinir.<br \/>\n\t\t\u00d6vg\u00fc ve ele\u015ftirilerinizi burada dile getirebilir ve \u00abMen of Football\u00bb ile ileti\u015fime ge\u00e7ebilirsiniz.<\/p>\n<p class=\"aex-p-cat-intro-sub\">Men of Football, <a href=\"https:\/\/aexraex.com\/tr\/\" target=\"_blank\" title=\"Aexraex | Dijital \u0130\u00e7erik Kreasyon\" rel=\"noopener\">Aexraex<\/a> taraf\u0131ndan ger\u00e7ekle\u015ftirilen bir projedir.<br \/>\n\t\tMen of Football, bu sanat konsepti i\u00e7in profesyonel <a href=\"https:\/\/menoffootball.com\/tr\/resources-photographers-and-football-players\/\" target=\"_self\" title=\"T\u00fcm futbolcular ve foto\u011fraf\u00e7\u0131larla\">futbolcular ve foto\u011fraf\u00e7\u0131larla<\/a> birlikte \u00e7al\u0131\u015f\u0131yor.<br \/>\n\t\tSon olarak, Aexraex ilgili oyuncunun \u00f6zel esteti\u011fini ortaya \u00e7\u0131kar\u0131r ve bunlar\u0131 sanatsal bir \u015fekilde g\u00f6rselle\u015ftirir.<\/p>\n<\/p><\/div>\n<div class=\"blank80\"><\/div>\n<div class=\"aex-box\">\n\t\t<!-- MetaSlider 1225 not found -->\n\t<\/div>\n<div class=\"blank100\"><\/div>\n<div class=\"aex-box special-post\">\n<h3 data-aos=\"flip-right\" data-aos-duration=\"2000\">\u00abMen of Football\u00bb ile ileti\u015fime ge\u00e7<\/h3>\n<p>Mesaj\u0131n\u0131 buraya yaz.<br \/>\n\t\t\u00abMen of Football\u00bb sana olabildi\u011fince \u00e7abuk cevap verecektir.<\/p>\n<div class=\"blank100\"><\/div>\n<p>\t\t[contact-form-7 id=&#8221;9bbaa02&#8243; title=&#8221;Kontakt TR&#8221;]\n\t<\/p><\/div>\n<\/div>\n","protected":false},"excerpt":{"rendered":"<p>\u00abMen of Football | Oyuncu Esteti\u011fi\u00bb her t\u00fcrl\u00fc habere sevinir. \u00d6vg\u00fc ve ele\u015ftirilerinizi burada dile getirebilir ve \u00abMen of Football\u00bb ile ileti\u015fime ge\u00e7ebilirsiniz. Men of Football, Aexraex taraf\u0131ndan ger\u00e7ekle\u015ftirilen bir projedir. Men of Football, bu sanat konsepti i\u00e7in profesyonel futbolcular ve foto\u011fraf\u00e7\u0131larla birlikte \u00e7al\u0131\u015f\u0131yor. Son olarak, Aexraex ilgili oyuncunun \u00f6zel esteti\u011fini ortaya \u00e7\u0131kar\u0131r ve bunlar\u0131 [&hellip;]<\/p>\n","protected":false},"author":1,"featured_media":0,"parent":0,"menu_order":0,"comment_status":"closed","ping_status":"closed","template":"","meta":{"footnotes":""},"class_list":["post-30","page","type-page","status-publish","hentry"],"translation":{"provider":"WPGlobus","version":"3.0.2","language":"tr","enabled_languages":["de","tr","en","es","br","fr","it","ar","ru","zh","ko","hi","ja"],"languages":{"de":{"title":true,"content":true,"excerpt":false},"tr":{"title":true,"content":true,"excerpt":false},"en":{"title":true,"content":true,"excerpt":false},"es":{"title":true,"content":true,"excerpt":false},"br":{"title":true,"content":true,"excerpt":false},"fr":{"title":true,"content":true,"excerpt":false},"it":{"title":true,"content":true,"excerpt":false},"ar":{"title":true,"content":true,"excerpt":false},"ru":{"title":true,"content":true,"excerpt":false},"zh":{"title":true,"content":true,"excerpt":false},"ko":{"title":true,"content":true,"excerpt":false},"hi":{"title":true,"content":true,"excerpt":false},"ja":{"title":true,"content":true,"excerpt":false}}},"_links":{"self":[{"href":"https:\/\/menoffootball.com\/tr\/wp-json\/wp\/v2\/pages\/30","targetHints":{"allow":["GET"]}}],"collection":[{"href":"https:\/\/menoffootball.com\/tr\/wp-json\/wp\/v2\/pages"}],"about":[{"href":"https:\/\/menoffootball.com\/tr\/wp-json\/wp\/v2\/types\/page"}],"author":[{"embeddable":true,"href":"https:\/\/menoffootball.com\/tr\/wp-json\/wp\/v2\/users\/1"}],"replies":[{"embeddable":true,"href":"https:\/\/menoffootball.com\/tr\/wp-json\/wp\/v2\/comments?post=30"}],"version-history":[{"count":0,"href":"https:\/\/menoffootball.com\/tr\/wp-json\/wp\/v2\/pages\/30\/revisions"}],"wp:attachment":[{"href":"https:\/\/menoffootball.com\/tr\/wp-json\/wp\/v2\/media?parent=30"}],"curies":[{"name":"wp","href":"https:\/\/api.w.org\/{rel}","templated":true}]}}