{"id":32,"date":"2023-08-18T18:59:50","date_gmt":"2023-08-18T16:59:50","guid":{"rendered":"https:\/\/menoffootball.com\/?page_id=32"},"modified":"2023-08-20T07:42:49","modified_gmt":"2023-08-20T05:42:49","slug":"about","status":"publish","type":"page","link":"https:\/\/menoffootball.com\/tr\/about\/","title":{"rendered":"Hakk\u0131nda"},"content":{"rendered":"<div class=\"aex-wrapper\">\n<div class=\"aex-box-entry\" data-aos=\"fade-up\" data-aos-duration=\"1200\">\n<p class=\"aex-p-intro\"><strong>\u00abMen of Football | Oyuncu Esteti\u011fi\u00bb<\/strong> bir futbol ve sanat projesidir.<\/p>\n<p>\t\tMen of Football, futbolun esteti\u011fini, ama her \u015feyden \u00f6nce futbolcunun esteti\u011fini resimler, videolar ve enstantaneler arac\u0131l\u0131\u011f\u0131yla vurgulamay\u0131 kendine g\u00f6rev edinmi\u015ftir.<\/p>\n<div class=\"blank20\"><\/div>\n<p class=\"aex-p-claim\">Men of Football, <a href=\"https:\/\/aexraex.com\/tr\/\" target=\"_blank\" title=\"Aexraex | Dijital \u0130\u00e7erik Olu\u015fturma \u2022 Sosyal \u2022 Medya \u2022 Web \u2022 Tasar\u0131m \u2022 Sanat\u00e7\u0131\" rel=\"noopener\">Aexraex<\/a> taraf\u0131ndan ger\u00e7ekle\u015ftirilen bir projedir.<br \/>\n\t\tMen of Football, bu sanat konsepti i\u00e7in profesyonel futbolcular ve foto\u011fraf\u00e7\u0131larla birlikte \u00e7al\u0131\u015f\u0131yor.<br \/>\n\t\tSon olarak, Aexraex ilgili oyuncunun \u00f6zel esteti\u011fini ortaya \u00e7\u0131kar\u0131r ve bunlar\u0131 sanatsal bir \u015fekilde g\u00f6rselle\u015ftirir.<\/p>\n<\/p><\/div>\n<div class=\"blank80\"><\/div>\n<div class=\"aex-box-entry-gallery-center\" data-aos=\"zoom-in\" data-aos-duration=\"2700\">\n\t\t<div id=\"metaslider-id-204\" style=\"width: 100%; margin: 0 auto;\" class=\"ml-slider-3-108-0 metaslider metaslider-flex metaslider-204 ml-slider has-dots-nav has-carousel-mode ms-theme-default\" role=\"region\" aria-label=\"Men of Football | Startseite - Center\" data-height=\"194\" data-width=\"194\">\n    <div id=\"metaslider_container_204\">\n        <div id=\"metaslider_204\">\n            <ul class='slides'>\n                <li style=\"display: none; width: 100%;\" class=\"slide-208 ms-image \" aria-roledescription=\"slide\" data-date=\"2023-08-19 06:43:11\" data-filename=\"00008-men-of-football-com-aesthetic-gallery-stylish-play-194x194.png\" data-slide-type=\"image\"><img loading=\"lazy\" decoding=\"async\" src=\"https:\/\/menoffootball.com\/wp-content\/uploads\/2023\/08\/00008-men-of-football-com-aesthetic-gallery-stylish-play-194x194.png\" height=\"194\" width=\"194\" alt=\"\" class=\"slider-204 slide-208 msDefaultImage\" title=\"00008-men-of-football-com-aesthetic-gallery-stylish-play\"><\/li>\n                <li style=\"display: none; width: 100%;\" class=\"slide-211 ms-image \" aria-roledescription=\"slide\" data-date=\"2023-08-19 06:43:12\" data-filename=\"00034-men-of-football-com-aesthetic-gallery-stylish-play-194x194.png\" data-slide-type=\"image\"><img loading=\"lazy\" decoding=\"async\" src=\"https:\/\/menoffootball.com\/wp-content\/uploads\/2023\/08\/00034-men-of-football-com-aesthetic-gallery-stylish-play-194x194.png\" height=\"194\" width=\"194\" alt=\"\" class=\"slider-204 slide-211 msDefaultImage\" title=\"00034-men-of-football-com-aesthetic-gallery-stylish-play\"><\/li>\n                <li style=\"display: none; width: 100%;\" class=\"slide-207 ms-image \" aria-roledescription=\"slide\" data-date=\"2023-08-19 06:43:11\" data-filename=\"00006-men-of-football-com-aesthetic-gallery-close-ups-194x194.png\" data-slide-type=\"image\"><img loading=\"lazy\" decoding=\"async\" src=\"https:\/\/menoffootball.com\/wp-content\/uploads\/2023\/08\/00006-men-of-football-com-aesthetic-gallery-close-ups-194x194.png\" height=\"194\" width=\"194\" alt=\"\" class=\"slider-204 slide-207 msDefaultImage\" title=\"00006-men-of-football-com-aesthetic-gallery-close-ups\"><\/li>\n                <li style=\"display: none; width: 100%;\" class=\"slide-205 ms-image \" aria-roledescription=\"slide\" data-date=\"2023-08-19 06:43:11\" data-filename=\"00002-men-of-football-com-aesthetic-gallery-stylish-play-194x194.png\" data-slide-type=\"image\"><img loading=\"lazy\" decoding=\"async\" src=\"https:\/\/menoffootball.com\/wp-content\/uploads\/2023\/08\/00002-men-of-football-com-aesthetic-gallery-stylish-play-194x194.png\" height=\"194\" width=\"194\" alt=\"\" class=\"slider-204 slide-205 msDefaultImage\" title=\"00002-men-of-football-com-aesthetic-gallery-stylish-play\"><\/li>\n                <li style=\"display: none; width: 100%;\" class=\"slide-212 ms-image \" aria-roledescription=\"slide\" data-date=\"2023-08-19 06:43:12\" data-filename=\"00029-men-of-football-com-aesthetic-gallery-footballers-physique-194x194.png\" data-slide-type=\"image\"><img loading=\"lazy\" decoding=\"async\" src=\"https:\/\/menoffootball.com\/wp-content\/uploads\/2023\/08\/00029-men-of-football-com-aesthetic-gallery-footballers-physique-194x194.png\" height=\"194\" width=\"194\" alt=\"\" class=\"slider-204 slide-212 msDefaultImage\" title=\"00029-men-of-football-com-aesthetic-gallery-footballers-physique\"><\/li>\n                <li style=\"display: none; width: 100%;\" class=\"slide-209 ms-image \" aria-roledescription=\"slide\" data-date=\"2023-08-19 06:43:11\" data-filename=\"00021-men-of-football-com-aesthetic-gallery-soldiers-brothers-and-squads-194x194.png\" data-slide-type=\"image\"><img loading=\"lazy\" decoding=\"async\" src=\"https:\/\/menoffootball.com\/wp-content\/uploads\/2023\/08\/00021-men-of-football-com-aesthetic-gallery-soldiers-brothers-and-squads-194x194.png\" height=\"194\" width=\"194\" alt=\"\" class=\"slider-204 slide-209 msDefaultImage\" title=\"00021-men-of-football-com-aesthetic-gallery-soldiers-brothers-and-squads\"><\/li>\n                <li style=\"display: none; width: 100%;\" class=\"slide-206 ms-image \" aria-roledescription=\"slide\" data-date=\"2023-08-19 06:43:11\" data-filename=\"00019-men-of-football-com-aesthetic-gallery-legs-thighs-and-calves-194x194.png\" data-slide-type=\"image\"><img loading=\"lazy\" decoding=\"async\" src=\"https:\/\/menoffootball.com\/wp-content\/uploads\/2023\/08\/00019-men-of-football-com-aesthetic-gallery-legs-thighs-and-calves-194x194.png\" height=\"194\" width=\"194\" alt=\"\" class=\"slider-204 slide-206 msDefaultImage\" title=\"00019-men-of-football-com-aesthetic-gallery-legs-thighs-and-calves\"><\/li>\n                <li style=\"display: none; width: 100%;\" class=\"slide-210 ms-image \" aria-roledescription=\"slide\" data-date=\"2023-08-19 06:43:12\" data-filename=\"00004-men-of-football-com-aesthetic-gallery-footballers-physique-194x194.png\" data-slide-type=\"image\"><img loading=\"lazy\" decoding=\"async\" src=\"https:\/\/menoffootball.com\/wp-content\/uploads\/2023\/08\/00004-men-of-football-com-aesthetic-gallery-footballers-physique-194x194.png\" height=\"194\" width=\"194\" alt=\"\" class=\"slider-204 slide-210 msDefaultImage\" title=\"00004-men-of-football-com-aesthetic-gallery-footballers-physique\"><\/li>\n            <\/ul>\n        <\/div>\n        \n    <\/div>\n<\/div>\n\t<\/div>\n<div class=\"blank80\"><\/div>\n<div class=\"aex-box-entry\" data-aos=\"fade-up\" data-aos-duration=\"1200\">\n<h3 data-aos=\"flip-right\" data-aos-duration=\"1500\">Futbol ve Estetik<\/h3>\n<p>\t\tFutbolcu sportif m\u00fckemmellik i\u00e7in \u00e7abalar. Sadece kendisi ve tak\u0131m\u0131 i\u00e7in stratejik ve taktiksel bir avantaj elde etmek gibi zihinsel becerileri \u00fczerinde de\u011fil, ayn\u0131 zamanda sahada verimli bir performans g\u00f6sterebilmek i\u00e7in fizikselli\u011fi \u00fczerinde de \u00e7al\u0131\u015f\u0131r ve bunun i\u00e7in v\u00fccudunu ve varl\u0131\u011f\u0131n\u0131 her g\u00fcn e\u011fitir.<\/p>\n<p>\t\tBu antrenman sayesinde oyuncu m\u00fccadeleci bir yap\u0131 geli\u015ftirir, b\u00f6ylece sahada tak\u0131m\u0131yla birlikte gol atabilir ve oyunu kendisi i\u00e7in kazanabilir ve b\u00f6ylece kazan\u0131r.<\/p>\n<p>\t\tG\u00fc\u00e7l\u00fc bacaklar, g\u00fc\u00e7l\u00fc bald\u0131rlar, kasl\u0131 ve iyi e\u011fitilmi\u015f bir v\u00fccut profesyonel bir futbolcuyu olu\u015fturur. Men of Football, futbol sporunun do\u011fas\u0131nda var olan esteti\u011fe odaklan\u0131yor.<\/p>\n<p>\t\tKaslar\u0131n, g\u00fcc\u00fcn ve tutkunun etkile\u015fimi ancak bir an\u0131n bir g\u00f6r\u00fcnt\u00fcde yakalanmas\u0131yla bizim i\u00e7in alg\u0131lanabilir hale gelir. Men of Football&#8217;un estetik kavram\u0131yla tan\u0131mlad\u0131\u011f\u0131 tam da bu alg\u0131lar, duyusal izlenimler ve duygulard\u0131r.<\/p>\n<p>\t\tBir futbol ma\u00e7\u0131n\u0131 bedenleri, teknikleri ve varl\u0131klar\u0131yla bir sanat eserine d\u00f6n\u00fc\u015ft\u00fcren, tek tek oyunculard\u0131r. Futbolcu sadece estetik bir sporcu de\u011fil, ayn\u0131 zamanda bir sava\u015f\u00e7\u0131 ve bir sanat\u00e7\u0131d\u0131r.<\/p>\n<p>\t\tSpor esteti\u011fi sanatt\u0131r.\n\t<\/p><\/div>\n<\/div>\n","protected":false},"excerpt":{"rendered":"<p>\u00abMen of Football | Oyuncu Esteti\u011fi\u00bb bir futbol ve sanat projesidir. Men of Football, futbolun esteti\u011fini, ama her \u015feyden \u00f6nce futbolcunun esteti\u011fini resimler, videolar ve enstantaneler arac\u0131l\u0131\u011f\u0131yla vurgulamay\u0131 kendine g\u00f6rev edinmi\u015ftir. Men of Football, Aexraex taraf\u0131ndan ger\u00e7ekle\u015ftirilen bir projedir. Men of Football, bu sanat konsepti i\u00e7in profesyonel futbolcular ve foto\u011fraf\u00e7\u0131larla birlikte \u00e7al\u0131\u015f\u0131yor. Son olarak, Aexraex [&hellip;]<\/p>\n","protected":false},"author":1,"featured_media":0,"parent":0,"menu_order":0,"comment_status":"closed","ping_status":"closed","template":"","meta":{"footnotes":""},"class_list":["post-32","page","type-page","status-publish","hentry"],"translation":{"provider":"WPGlobus","version":"3.0.2","language":"tr","enabled_languages":["de","tr","en","es","br","fr","it","ar","ru","zh","ko","hi","ja"],"languages":{"de":{"title":true,"content":true,"excerpt":false},"tr":{"title":true,"content":true,"excerpt":false},"en":{"title":true,"content":true,"excerpt":false},"es":{"title":true,"content":true,"excerpt":false},"br":{"title":true,"content":true,"excerpt":false},"fr":{"title":true,"content":true,"excerpt":false},"it":{"title":true,"content":true,"excerpt":false},"ar":{"title":true,"content":true,"excerpt":false},"ru":{"title":true,"content":true,"excerpt":false},"zh":{"title":true,"content":true,"excerpt":false},"ko":{"title":true,"content":true,"excerpt":false},"hi":{"title":true,"content":true,"excerpt":false},"ja":{"title":true,"content":true,"excerpt":false}}},"_links":{"self":[{"href":"https:\/\/menoffootball.com\/tr\/wp-json\/wp\/v2\/pages\/32","targetHints":{"allow":["GET"]}}],"collection":[{"href":"https:\/\/menoffootball.com\/tr\/wp-json\/wp\/v2\/pages"}],"about":[{"href":"https:\/\/menoffootball.com\/tr\/wp-json\/wp\/v2\/types\/page"}],"author":[{"embeddable":true,"href":"https:\/\/menoffootball.com\/tr\/wp-json\/wp\/v2\/users\/1"}],"replies":[{"embeddable":true,"href":"https:\/\/menoffootball.com\/tr\/wp-json\/wp\/v2\/comments?post=32"}],"version-history":[{"count":0,"href":"https:\/\/menoffootball.com\/tr\/wp-json\/wp\/v2\/pages\/32\/revisions"}],"wp:attachment":[{"href":"https:\/\/menoffootball.com\/tr\/wp-json\/wp\/v2\/media?parent=32"}],"curies":[{"name":"wp","href":"https:\/\/api.w.org\/{rel}","templated":true}]}}