{"id":36,"date":"2023-08-18T19:02:01","date_gmt":"2023-08-18T17:02:01","guid":{"rendered":"https:\/\/menoffootball.com\/?page_id=36"},"modified":"2023-08-20T10:37:14","modified_gmt":"2023-08-20T08:37:14","slug":"home","status":"publish","type":"page","link":"https:\/\/menoffootball.com\/tr\/","title":{"rendered":"Men of Football | Oyuncu Esteti\u011fi"},"content":{"rendered":"<style>\n\t.aex-content-left {\n\t\twidth: 100%;\n\t\t}\n\t.aex-content-right {\n\t\tdisplay: none;\n\t\t}\n\th1 {\n\t\tdisplay: none;\n\t\t}\t\t\n<\/style>\n<div class=\"aex-wrapper\">\n<div class=\"aex-box\" data-aos=\"zoom-in\" data-aos-duration=\"1700\">\n\t\t<div id=\"metaslider-id-91\" style=\"width: 100%; margin: 0 auto;\" class=\"ml-slider-3-107-0 metaslider metaslider-flex metaslider-91 ml-slider has-dots-nav has-carousel-mode ms-theme-default\" role=\"region\" aria-label=\"Men of Football | Startseite\" data-height=\"512\" data-width=\"512\">\n    <div id=\"metaslider_container_91\">\n        <div id=\"metaslider_91\">\n            <ul class='slides'>\n                <li style=\"display: none; width: 100%;\" class=\"slide-149 ms-image \" aria-roledescription=\"slide\" data-date=\"2023-08-19 06:36:47\" data-filename=\"00006-men-of-football-com-aesthetic-gallery-close-ups-512x512.png\" data-slide-type=\"image\"><img loading=\"lazy\" decoding=\"async\" src=\"https:\/\/menoffootball.com\/wp-content\/uploads\/2023\/08\/00006-men-of-football-com-aesthetic-gallery-close-ups-512x512.png\" height=\"512\" width=\"512\" alt=\"\" class=\"slider-91 slide-149 msDefaultImage\" title=\"00006-men-of-football-com-aesthetic-gallery-close-ups\"><\/li>\n                <li style=\"display: none; width: 100%;\" class=\"slide-172 ms-image \" aria-roledescription=\"slide\" data-date=\"2023-08-19 06:37:44\" data-filename=\"00029-men-of-football-com-aesthetic-gallery-footballers-physique-512x512.png\" data-slide-type=\"image\"><img loading=\"lazy\" decoding=\"async\" src=\"https:\/\/menoffootball.com\/wp-content\/uploads\/2023\/08\/00029-men-of-football-com-aesthetic-gallery-footballers-physique-512x512.png\" height=\"512\" width=\"512\" alt=\"\" class=\"slider-91 slide-172 msDefaultImage\" title=\"00029-men-of-football-com-aesthetic-gallery-footballers-physique\"><\/li>\n                <li style=\"display: none; width: 100%;\" class=\"slide-155 ms-image \" aria-roledescription=\"slide\" data-date=\"2023-08-19 06:37:01\" data-filename=\"00021-men-of-football-com-aesthetic-gallery-soldiers-brothers-and-squads-512x512.png\" data-slide-type=\"image\"><img loading=\"lazy\" decoding=\"async\" src=\"https:\/\/menoffootball.com\/wp-content\/uploads\/2023\/08\/00021-men-of-football-com-aesthetic-gallery-soldiers-brothers-and-squads-512x512.png\" height=\"512\" width=\"512\" alt=\"\" class=\"slider-91 slide-155 msDefaultImage\" title=\"00021-men-of-football-com-aesthetic-gallery-soldiers-brothers-and-squads\"><\/li>\n                <li style=\"display: none; width: 100%;\" class=\"slide-146 ms-image \" aria-roledescription=\"slide\" data-date=\"2023-08-19 06:36:41\" data-filename=\"00019-men-of-football-com-aesthetic-gallery-legs-thighs-and-calves-512x512.png\" data-slide-type=\"image\"><img loading=\"lazy\" decoding=\"async\" src=\"https:\/\/menoffootball.com\/wp-content\/uploads\/2023\/08\/00019-men-of-football-com-aesthetic-gallery-legs-thighs-and-calves-512x512.png\" height=\"512\" width=\"512\" alt=\"\" class=\"slider-91 slide-146 msDefaultImage\" title=\"00019-men-of-football-com-aesthetic-gallery-legs-thighs-and-calves\"><\/li>\n                <li style=\"display: none; width: 100%;\" class=\"slide-169 ms-image \" aria-roledescription=\"slide\" data-date=\"2023-08-19 06:37:36\" data-filename=\"00034-men-of-football-com-aesthetic-gallery-stylish-play-512x512.png\" data-slide-type=\"image\"><img loading=\"lazy\" decoding=\"async\" src=\"https:\/\/menoffootball.com\/wp-content\/uploads\/2023\/08\/00034-men-of-football-com-aesthetic-gallery-stylish-play-512x512.png\" height=\"512\" width=\"512\" alt=\"\" class=\"slider-91 slide-169 msDefaultImage\" title=\"00034-men-of-football-com-aesthetic-gallery-stylish-play\"><\/li>\n                <li style=\"display: none; width: 100%;\" class=\"slide-166 ms-image \" aria-roledescription=\"slide\" data-date=\"2023-08-19 06:37:30\" data-filename=\"00004-men-of-football-com-aesthetic-gallery-footballers-physique-512x512.png\" data-slide-type=\"image\"><img loading=\"lazy\" decoding=\"async\" src=\"https:\/\/menoffootball.com\/wp-content\/uploads\/2023\/08\/00004-men-of-football-com-aesthetic-gallery-footballers-physique-512x512.png\" height=\"512\" width=\"512\" alt=\"\" class=\"slider-91 slide-166 msDefaultImage\" title=\"00004-men-of-football-com-aesthetic-gallery-footballers-physique\"><\/li>\n                <li style=\"display: none; width: 100%;\" class=\"slide-143 ms-image \" aria-roledescription=\"slide\" data-date=\"2023-08-19 06:36:35\" data-filename=\"00002-men-of-football-com-aesthetic-gallery-stylish-play-512x512.png\" data-slide-type=\"image\"><img loading=\"lazy\" decoding=\"async\" src=\"https:\/\/menoffootball.com\/wp-content\/uploads\/2023\/08\/00002-men-of-football-com-aesthetic-gallery-stylish-play-512x512.png\" height=\"512\" width=\"512\" alt=\"\" class=\"slider-91 slide-143 msDefaultImage\" title=\"00002-men-of-football-com-aesthetic-gallery-stylish-play\"><\/li>\n                <li style=\"display: none; width: 100%;\" class=\"slide-151 ms-image \" aria-roledescription=\"slide\" data-date=\"2023-08-19 06:36:51\" data-filename=\"00008-men-of-football-com-aesthetic-gallery-stylish-play-512x512.png\" data-slide-type=\"image\"><img loading=\"lazy\" decoding=\"async\" src=\"https:\/\/menoffootball.com\/wp-content\/uploads\/2023\/08\/00008-men-of-football-com-aesthetic-gallery-stylish-play-512x512.png\" height=\"512\" width=\"512\" alt=\"\" class=\"slider-91 slide-151 msDefaultImage\" title=\"00008-men-of-football-com-aesthetic-gallery-stylish-play\"><\/li>\n            <\/ul>\n        <\/div>\n        \n    <\/div>\n<\/div>\n\t<\/div>\n<div class=\"blank70\"><\/div>\n<div class=\"aex-box-entry\" data-aos=\"fade-up\" data-aos-duration=\"1200\">\n<h2 data-aos=\"flip-right\" data-aos-duration=\"1500\">Sporun Esteti\u011fi<\/h2>\n<p class=\"aex-p-intro\"><strong>\u00abMen of Football | Oyuncu Esteti\u011fi\u00bb<\/strong> bir futbol ve sanat projesidir.<\/p>\n<p>\t\tMen of Football, futbolun esteti\u011fini, ama her \u015feyden \u00f6nce futbolcunun esteti\u011fini resimler, videolar ve enstantaneler arac\u0131l\u0131\u011f\u0131yla vurgulamay\u0131 kendine g\u00f6rev edinmi\u015ftir.<\/p>\n<div class=\"blank20\"><\/div>\n<p class=\"aex-p-claim\">Men of Football, <a href=\"https:\/\/aexraex.com\/tr\/\" target=\"_blank\" title=\"Aexraex | Dijital \u0130\u00e7erik Olu\u015fturma \u2022 Sosyal \u2022 Medya \u2022 Web \u2022 Tasar\u0131m \u2022 Sanat\u00e7\u0131\" rel=\"noopener\">Aexraex<\/a> taraf\u0131ndan ger\u00e7ekle\u015ftirilen bir projedir.<br \/>\n\t\tMen of Football, bu sanat konsepti i\u00e7in profesyonel futbolcular ve foto\u011fraf\u00e7\u0131larla birlikte \u00e7al\u0131\u015f\u0131yor.<br \/>\n\t\tSon olarak, Aexraex ilgili oyuncunun \u00f6zel esteti\u011fini ortaya \u00e7\u0131kar\u0131r ve bunlar\u0131 sanatsal bir \u015fekilde g\u00f6rselle\u015ftirir.<\/p>\n<\/p><\/div>\n<div class=\"blank80\"><\/div>\n<div class=\"aex-box\">\n<div class=\"aex-box-entry\" data-aos=\"zoom-in\" data-aos-duration=\"2700\">\n\t\t\t<div id=\"metaslider-id-204\" style=\"width: 100%; margin: 0 auto;\" class=\"ml-slider-3-107-0 metaslider metaslider-flex metaslider-204 ml-slider has-dots-nav has-carousel-mode ms-theme-default\" role=\"region\" aria-label=\"Men of Football | Startseite - Center\" data-height=\"194\" data-width=\"194\">\n    <div id=\"metaslider_container_204\">\n        <div id=\"metaslider_204\">\n            <ul class='slides'>\n                <li style=\"display: none; width: 100%;\" class=\"slide-207 ms-image \" aria-roledescription=\"slide\" data-date=\"2023-08-19 06:43:11\" data-filename=\"00006-men-of-football-com-aesthetic-gallery-close-ups-194x194.png\" data-slide-type=\"image\"><img loading=\"lazy\" decoding=\"async\" src=\"https:\/\/menoffootball.com\/wp-content\/uploads\/2023\/08\/00006-men-of-football-com-aesthetic-gallery-close-ups-194x194.png\" height=\"194\" width=\"194\" alt=\"\" class=\"slider-204 slide-207 msDefaultImage\" title=\"00006-men-of-football-com-aesthetic-gallery-close-ups\"><\/li>\n                <li style=\"display: none; width: 100%;\" class=\"slide-206 ms-image \" aria-roledescription=\"slide\" data-date=\"2023-08-19 06:43:11\" data-filename=\"00019-men-of-football-com-aesthetic-gallery-legs-thighs-and-calves-194x194.png\" data-slide-type=\"image\"><img loading=\"lazy\" decoding=\"async\" src=\"https:\/\/menoffootball.com\/wp-content\/uploads\/2023\/08\/00019-men-of-football-com-aesthetic-gallery-legs-thighs-and-calves-194x194.png\" height=\"194\" width=\"194\" alt=\"\" class=\"slider-204 slide-206 msDefaultImage\" title=\"00019-men-of-football-com-aesthetic-gallery-legs-thighs-and-calves\"><\/li>\n                <li style=\"display: none; width: 100%;\" class=\"slide-210 ms-image \" aria-roledescription=\"slide\" data-date=\"2023-08-19 06:43:12\" data-filename=\"00004-men-of-football-com-aesthetic-gallery-footballers-physique-194x194.png\" data-slide-type=\"image\"><img loading=\"lazy\" decoding=\"async\" src=\"https:\/\/menoffootball.com\/wp-content\/uploads\/2023\/08\/00004-men-of-football-com-aesthetic-gallery-footballers-physique-194x194.png\" height=\"194\" width=\"194\" alt=\"\" class=\"slider-204 slide-210 msDefaultImage\" title=\"00004-men-of-football-com-aesthetic-gallery-footballers-physique\"><\/li>\n                <li style=\"display: none; width: 100%;\" class=\"slide-209 ms-image \" aria-roledescription=\"slide\" data-date=\"2023-08-19 06:43:11\" data-filename=\"00021-men-of-football-com-aesthetic-gallery-soldiers-brothers-and-squads-194x194.png\" data-slide-type=\"image\"><img loading=\"lazy\" decoding=\"async\" src=\"https:\/\/menoffootball.com\/wp-content\/uploads\/2023\/08\/00021-men-of-football-com-aesthetic-gallery-soldiers-brothers-and-squads-194x194.png\" height=\"194\" width=\"194\" alt=\"\" class=\"slider-204 slide-209 msDefaultImage\" title=\"00021-men-of-football-com-aesthetic-gallery-soldiers-brothers-and-squads\"><\/li>\n                <li style=\"display: none; width: 100%;\" class=\"slide-212 ms-image \" aria-roledescription=\"slide\" data-date=\"2023-08-19 06:43:12\" data-filename=\"00029-men-of-football-com-aesthetic-gallery-footballers-physique-194x194.png\" data-slide-type=\"image\"><img loading=\"lazy\" decoding=\"async\" src=\"https:\/\/menoffootball.com\/wp-content\/uploads\/2023\/08\/00029-men-of-football-com-aesthetic-gallery-footballers-physique-194x194.png\" height=\"194\" width=\"194\" alt=\"\" class=\"slider-204 slide-212 msDefaultImage\" title=\"00029-men-of-football-com-aesthetic-gallery-footballers-physique\"><\/li>\n                <li style=\"display: none; width: 100%;\" class=\"slide-208 ms-image \" aria-roledescription=\"slide\" data-date=\"2023-08-19 06:43:11\" data-filename=\"00008-men-of-football-com-aesthetic-gallery-stylish-play-194x194.png\" data-slide-type=\"image\"><img loading=\"lazy\" decoding=\"async\" src=\"https:\/\/menoffootball.com\/wp-content\/uploads\/2023\/08\/00008-men-of-football-com-aesthetic-gallery-stylish-play-194x194.png\" height=\"194\" width=\"194\" alt=\"\" class=\"slider-204 slide-208 msDefaultImage\" title=\"00008-men-of-football-com-aesthetic-gallery-stylish-play\"><\/li>\n                <li style=\"display: none; width: 100%;\" class=\"slide-211 ms-image \" aria-roledescription=\"slide\" data-date=\"2023-08-19 06:43:12\" data-filename=\"00034-men-of-football-com-aesthetic-gallery-stylish-play-194x194.png\" data-slide-type=\"image\"><img loading=\"lazy\" decoding=\"async\" src=\"https:\/\/menoffootball.com\/wp-content\/uploads\/2023\/08\/00034-men-of-football-com-aesthetic-gallery-stylish-play-194x194.png\" height=\"194\" width=\"194\" alt=\"\" class=\"slider-204 slide-211 msDefaultImage\" title=\"00034-men-of-football-com-aesthetic-gallery-stylish-play\"><\/li>\n                <li style=\"display: none; width: 100%;\" class=\"slide-205 ms-image \" aria-roledescription=\"slide\" data-date=\"2023-08-19 06:43:11\" data-filename=\"00002-men-of-football-com-aesthetic-gallery-stylish-play-194x194.png\" data-slide-type=\"image\"><img loading=\"lazy\" decoding=\"async\" src=\"https:\/\/menoffootball.com\/wp-content\/uploads\/2023\/08\/00002-men-of-football-com-aesthetic-gallery-stylish-play-194x194.png\" height=\"194\" width=\"194\" alt=\"\" class=\"slider-204 slide-205 msDefaultImage\" title=\"00002-men-of-football-com-aesthetic-gallery-stylish-play\"><\/li>\n            <\/ul>\n        <\/div>\n        \n    <\/div>\n<\/div>\n\t\t<\/div>\n<div class=\"blank80\"><\/div>\n<div class=\"aex-box-entry\" data-aos=\"fade-up\" data-aos-duration=\"1200\">\n<h3 data-aos=\"flip-right\" data-aos-duration=\"1500\">Sava\u015ftaki Erkekler<\/h3>\n<p>\t\t\tHer iki tarafta da enerjik oyuncularla dolu, merakla beklenen bir futbol ma\u00e7\u0131nda, sporcular\u0131n dinamizmi ve erkeksi g\u00fcc\u00fc sergileniyor. Oyuncular sahaya kendinden emin ad\u0131mlarla giriyor, kasl\u0131 bacaklar\u0131 ve v\u00fccutlar\u0131 g\u00fc\u00e7 sa\u00e7\u0131yor. Her pas, her \u015fut ve her d\u00f6n\u00fc\u015f, bu oyuncular\u0131n kaslar\u0131nda yatan etkileyici g\u00fcc\u00fc ortaya \u00e7\u0131kar\u0131yor.<\/p>\n<p>\t\t\tFutbolcular g\u00fc\u00e7l\u00fc hareketleri ve h\u0131zl\u0131 deparlar\u0131yla rakiplerine meydan okurken saha boyunca yumu\u015fak ve agresif bir \u015fekilde s\u00fcz\u00fcl\u00fcrler. Rakiplerine kararl\u0131l\u0131kla kar\u015f\u0131 koyarken, her d\u00fcelloda kaslar\u0131n sarf etti\u011fi efor hissediliyor. Gergin v\u00fccutlar\u0131ndaki boncuk boncuk terler, bu oyuna harcad\u0131klar\u0131 \u00e7abaya ve m\u00fccadele ruhuna tan\u0131kl\u0131k ediyor.<\/p>\n<p>\t\t\tOyuncular\u0131n topa h\u00fckmetmek i\u00e7in fiziksel \u00fcst\u00fcnl\u00fcklerini kulland\u0131klar\u0131 ger\u00e7ek bir asker m\u00fcsabakas\u0131d\u0131r. Kollar\u0131 ve omuzlar\u0131, \u015futlar\u0131na ve ortalar\u0131na koyduklar\u0131 g\u00fcc\u00fc g\u00f6steriyor. Zarafet ve fiziksel hakimiyetin bir kar\u0131\u015f\u0131m\u0131yla, topu v\u00fccutlar\u0131nda dengelerken ayn\u0131 zamanda rakiplerinden s\u0131yr\u0131l\u0131rlar.<\/p>\n<p>\t\t\tSeyirciler, oyuncular\u0131n birbirlerine meydan okumalar\u0131n\u0131 ve s\u00fcr\u00fckleyici d\u00fcellolara giri\u015fmelerini b\u00fcy\u00fclenmi\u015f\u00e7esine izliyor. Oyuncular kas g\u00fc\u00e7lerini sergilerken ve tak\u0131mlar\u0131n\u0131 ba\u015far\u0131ya g\u00f6t\u00fcr\u00fcrken bu, fiziksel dayan\u0131kl\u0131l\u0131\u011f\u0131n bir kutlamas\u0131d\u0131r.<\/p>\n<p>\t\t\tBu sanat projesinde kaslar\u0131n dinami\u011fi, erkeksi g\u00fcc\u00fcn ve fiziksel hakimiyetin g\u00f6rsel bir temsili haline geliyor. Oyuncular fiziksel varl\u0131klar\u0131n\u0131 oyunu y\u00f6nlendirmek ve performanslar\u0131yla seyircileri b\u00fcy\u00fclemek i\u00e7in kullan\u0131rlar.\n\t\t<\/p><\/div>\n<\/p><\/div>\n<div class=\"blank100\"><\/div>\n<div class=\"aex-box-entry-agent\">\n<h3 class=\"aex-h3-agent\">Futbolda Homoerotizm<\/h3>\n<p>\t\tHomoerotizm, ayn\u0131 cinsiyetten ki\u015filer aras\u0131ndaki cinsel veya romantik ilgi ve \u00e7ekimi ifade eder. Di\u011fer erkeklere cinsel ilgi duyan erkekler hem homoseks\u00fcel hem de biseks\u00fcel olabilir.<\/p>\n<p>\t\tHomoerotizm ve erkek sporu aras\u0131ndaki ili\u015fki karma\u015f\u0131k ve \u00e7ok y\u00f6nl\u00fcd\u00fcr. Spora kat\u0131lan t\u00fcm erkeklerin homoseks\u00fcel veya biseks\u00fcel olmad\u0131\u011f\u0131n\u0131 ve cinsel y\u00f6nelimin sportif faaliyetten ba\u011f\u0131ms\u0131z olarak var oldu\u011funu unutmamak \u00f6nemlidir.<\/p>\n<p>\t\tBununla birlikte, homoerotizm ve erkek sporu aras\u0131ndaki ili\u015fkiyi etkileyebilecek baz\u0131 fakt\u00f6rler vard\u0131r:<\/p>\n<p>\t\tFiziksel \u00e7ekicilik: erkek sporlar\u0131, \u00f6zellikle de fiziksel uygunluk ve esteti\u011fi vurgulayan sporlar, fiziksel \u00e7ekicili\u011fin artmas\u0131na yol a\u00e7abilir. Bu durum, cinsel y\u00f6nelimleri ne olursa olsun erkeklerin sporcu akranlar\u0131na kar\u015f\u0131 hem hayranl\u0131k hem de cinsel \u00e7ekim hissetmelerine yol a\u00e7abilir.<\/p>\n<p>\t\tTopluluk ve yolda\u015fl\u0131k: Spor faaliyetleri genellikle kat\u0131l\u0131mc\u0131lar aras\u0131nda bir topluluk ve yolda\u015fl\u0131k yarat\u0131r. G\u00fcre\u015f, rugby veya d\u00f6v\u00fc\u015f sanatlar\u0131 gibi baz\u0131 sporlarda ortaya \u00e7\u0131kabilen yak\u0131n i\u015fbirli\u011fi ve fiziksel temas, sporcular aras\u0131nda homoerotik fantezileri veya gerilimleri tetikleyebilir.<\/p>\n<p>\t\tSporcu kimli\u011fi: Erkeklere ilgi duyan baz\u0131 erkekler sporu cinsel kimliklerini d\u0131\u015fa vurman\u0131n veya ke\u015ffetmenin bir yolu olarak g\u00f6r\u00fcr. Spor, benzer d\u00fc\u015f\u00fcnen insanlarla ba\u011flant\u0131 kurmak ve muhtemelen yak\u0131n veya romantik ili\u015fkiler geli\u015ftirmek i\u00e7in g\u00fcvenli bir alan olarak hizmet edebilir.<\/p>\n<p>\t\tStereotipler ve \u00f6nyarg\u0131lar: Baz\u0131 spor dallar\u0131nda e\u015fcinsel erkeklere kar\u015f\u0131 kli\u015feler veya \u00f6nyarg\u0131lar vard\u0131r. Bu \u00f6nyarg\u0131lar erkeklerin cinsel y\u00f6nelimlerini saklamalar\u0131na veya erkek egemenli\u011finin ve homofobinin yayg\u0131n oldu\u011fu bir ortamda ger\u00e7ek kimliklerini a\u00e7\u0131klayamamalar\u0131na yol a\u00e7abilir.<\/p>\n<p>\t\tBunlar\u0131n genel g\u00f6zlemler oldu\u011funu ve her birey i\u00e7in ge\u00e7erli olmad\u0131\u011f\u0131n\u0131 vurgulamak \u00f6nemlidir. Her insan cinsel y\u00f6nelimi, spor ilgileri ve deneyimleri a\u00e7\u0131s\u0131ndan benzersiz ve bireyseldir.\n\t<\/p><\/div>\n<div class=\"blank100\"><\/div>\n<div class=\"aex-box-entry-agent\">\n<h3 class=\"aex-h3-agent\"><\/h3>\n<div class=\"blank50\"><\/div>\n<h3 data-aos=\"flip-right\" data-aos-duration=\"1500\"><\/h3>\n<\/p><\/div>\n<\/div>\n","protected":false},"excerpt":{"rendered":"<p>Sporun Esteti\u011fi \u00abMen of Football | Oyuncu Esteti\u011fi\u00bb bir futbol ve sanat projesidir. Men of Football, futbolun esteti\u011fini, ama her \u015feyden \u00f6nce futbolcunun esteti\u011fini resimler, videolar ve enstantaneler arac\u0131l\u0131\u011f\u0131yla vurgulamay\u0131 kendine g\u00f6rev edinmi\u015ftir. Men of Football, Aexraex taraf\u0131ndan ger\u00e7ekle\u015ftirilen bir projedir. Men of Football, bu sanat konsepti i\u00e7in profesyonel futbolcular ve foto\u011fraf\u00e7\u0131larla birlikte \u00e7al\u0131\u015f\u0131yor. Son [&hellip;]<\/p>\n","protected":false},"author":1,"featured_media":179,"parent":0,"menu_order":0,"comment_status":"closed","ping_status":"closed","template":"","meta":{"footnotes":""},"class_list":["post-36","page","type-page","status-publish","has-post-thumbnail","hentry"],"translation":{"provider":"WPGlobus","version":"3.0.2","language":"tr","enabled_languages":["de","tr","en","es","br","fr","it","ar","ru","zh","ko","hi","ja"],"languages":{"de":{"title":true,"content":true,"excerpt":false},"tr":{"title":true,"content":true,"excerpt":false},"en":{"title":true,"content":true,"excerpt":false},"es":{"title":true,"content":true,"excerpt":false},"br":{"title":true,"content":false,"excerpt":false},"fr":{"title":true,"content":false,"excerpt":false},"it":{"title":true,"content":false,"excerpt":false},"ar":{"title":true,"content":true,"excerpt":false},"ru":{"title":true,"content":false,"excerpt":false},"zh":{"title":true,"content":true,"excerpt":false},"ko":{"title":true,"content":true,"excerpt":false},"hi":{"title":true,"content":true,"excerpt":false},"ja":{"title":true,"content":true,"excerpt":false}}},"_links":{"self":[{"href":"https:\/\/menoffootball.com\/tr\/wp-json\/wp\/v2\/pages\/36","targetHints":{"allow":["GET"]}}],"collection":[{"href":"https:\/\/menoffootball.com\/tr\/wp-json\/wp\/v2\/pages"}],"about":[{"href":"https:\/\/menoffootball.com\/tr\/wp-json\/wp\/v2\/types\/page"}],"author":[{"embeddable":true,"href":"https:\/\/menoffootball.com\/tr\/wp-json\/wp\/v2\/users\/1"}],"replies":[{"embeddable":true,"href":"https:\/\/menoffootball.com\/tr\/wp-json\/wp\/v2\/comments?post=36"}],"version-history":[{"count":0,"href":"https:\/\/menoffootball.com\/tr\/wp-json\/wp\/v2\/pages\/36\/revisions"}],"wp:featuredmedia":[{"embeddable":true,"href":"https:\/\/menoffootball.com\/tr\/wp-json\/wp\/v2\/media\/179"}],"wp:attachment":[{"href":"https:\/\/menoffootball.com\/tr\/wp-json\/wp\/v2\/media?parent=36"}],"curies":[{"name":"wp","href":"https:\/\/api.w.org\/{rel}","templated":true}]}}