{"id":48,"date":"2023-08-18T23:48:43","date_gmt":"2023-08-18T21:48:43","guid":{"rendered":"https:\/\/menoffootball.com\/?page_id=48"},"modified":"2023-08-19T01:10:33","modified_gmt":"2023-08-18T23:10:33","slug":"resources-of-athletes-and-photographers","status":"publish","type":"page","link":"https:\/\/menoffootball.com\/tr\/resources-of-athletes-and-photographers\/","title":{"rendered":"Kaynaklar | Sporcular ve Foto\u011fraf\u00e7\u0131lar"},"content":{"rendered":"<div class=\"aex-wrapper\">\n<div class=\"aex-box special-post\">\n<p class=\"aex-p-cat-intro\">F\u00fcr dieses Kunstprojekt arbeitet \u00abMen of Football\u00bb mit professionellen Fussballspielern und Fotografen zusammen.<\/p>\n<p>\t\tIm Folgenden werden die Namen der Fotografen und Fussballspieler aufgelistet, von denen die Bilder f\u00fcr dieses Kunstprojekt stammen und des Weiteren m\u00f6chte sich \u00abMen of Football\u00bb bei diesen herzlichst f\u00fcr die gute Zusammenarbeit bedanken, weil ohne diese Kooperation dieses Projekt in dieser Form nicht realisiert werden kann.<\/p>\n<p>\t\tVielen Dank!<\/p>\n<p class=\"aex-p-cat-intro-sub\">Men of Football ist ein Projekt von <a href=\"https:\/\/aexraex.com\" target=\"_blank\" title=\"Aexraex | Digital Content Creation\" rel=\"noopener\">Aexraex<\/a>.<br \/>\n\t\tF\u00fcr dieses Kunstkonzept arbeitet Men of Football mit professionellen <a href=\"https:\/\/menoffootball.com\/resources-photographers-and-football-players\/\" target=\"_self\" title=\"Alle Fussballspieler und Fotografen\" rel=\"noopener\">Fussballspielern und Fotografen<\/a> zusammen.<br \/>\n\t\tEinvernehmlich wird schliesslich durch Aexraex die besondere \u00c4sthetik des jeweiligen Spielers herausgearbeitet und von Aexraex auf k\u00fcnstlerische Weise visualisiert.<\/p>\n<\/p>\n<\/div>\n<div class=\"blank80\"><\/div>\n<div class=\"aex-box\">\n\t\t<!-- MetaSlider 1259 not found -->\n\t<\/div>\n<div class=\"blank100\"><\/div>\n<div class=\"aex-box-imprint special-post\">\n<h2 data-aos=\"fade-left\" data-aos-duration=\"2000\">00. | Gliederung der Urheber<\/h2>\n<p>Dieses Verzeichnis ist wie folgt gegliedert:<\/p>\n<div class=\"aex-imprint-table\">\n<div class=\"aex-imprint-table\">\n<div class=\"aex-imprint-table-left\">01. | <\/div>\n<div class=\"aex-imprint-table-right\"><a class=\"aex-imprint-link-title\" href=\"#resources-photographers\" target=\"_self\" rel=\"noopener\">Fotografen<\/a><\/div>\n<\/p>\n<\/div>\n<div class=\"aex-imprint-table\">\n<div class=\"aex-imprint-table-left\">02. | <\/div>\n<div class=\"aex-imprint-table-right\"><a class=\"aex-imprint-link-title\" href=\"#resources-footballers\" target=\"_self\" rel=\"noopener\">Fussballspieler<\/a><\/div>\n<\/p>\n<\/div>\n<\/div>\n<\/div>\n<div class=\"blank100\"><\/div>\n<div class=\"blank30\" id=\"#resources-photographers\"><\/div>\n<div class=\"aex-box-imprint special-post\">\n<h3 data-aos=\"flip-right\" data-aos-duration=\"2000\">01. | Fotografen<\/h3>\n<p>Bilder, Videos, Medien und Werke wurden f\u00fcr \u00abMen of Football\u00bb von diesen Fotografen zur Verf\u00fcgung gestellt. \u00abMen of Football\u00bb bedankt sich vielmals bei diesen Fotografen f\u00fcr deren freundliche Genehmigung.<\/p>\n<p>\t\tIm Folgenden werden die Namen der Fotografen detailliert aufgelistet:<\/p>\n<p>\t\t<strong>Vincent Gehrke | Sportfotografie<\/strong><br \/>\n\t\t<a href=\"https:\/\/facebook.com\/vincent.gehrke.sportfotografie\/\" target=\"_blank\" rel=\"noopener\">facebook.com\/vincent.gehrke.sportfotografie<\/a><\/p>\n<p>\t\tBei Vincent Gehrke m\u00f6chte sich \u00abAexraex\u00bb ganz besonders bedanken, weil unz\u00e4hlig viele Bilder, die f\u00fcr \u00abMen of Football\u00bb verwendet werden, aus seiner Schmiede kommen. Er zeichnet sich durch sein \u00abbesonderes Auge\u00bb f\u00fcr Details aus und er weiss somit mit seinen Bildern die Philosophie dieses Projekts zu unterstreichen.<\/p>\n<p>\t\tVincent, \u00abMen of Football\u00bb sagt: &#8220;Vielen Dank!&#8221;<\/p>\n<div class=\"blank30\"><\/div>\n<p>\t\t<strong>\u00a9 Aexraex<\/strong><br \/>\n\t\t<a href=\"https:\/\/aexraex.com\/\" target=\"_blank\" rel=\"noopener\">aexraex.com<\/a><\/p>\n<p>\t\t<strong>\u00a9 Dan W. Boter<\/strong><br \/>\n\t\t<a href=\"https:\/\/flickr.com\/photos\/danwboter\/albums\/72157626221255103\/\" target=\"_blank\" rel=\"noopener\">flickr.com\/photos\/danwboter\/albums\/72157626221255103<\/a><br \/>\n\t\t<a href=\"http:\/\/www.danwboter.se\/\" target=\"_blank\" rel=\"noopener\">danwboter.se<\/a><\/p>\n<p>\t\t<strong>\u00a9 Sportfoto Fuchs | Reinhold Fuchs<\/strong><br \/>\n\t\t<a href=\"https:\/\/sportfoto-fuchs.de\/\" target=\"_blank\" rel=\"noopener\">sportfoto-fuchs.de<\/a><\/p>\n<p>\t\t<strong>\u00a9 Karina Hessland<\/strong><br \/>\n\t\t<a href=\"https:\/\/karinahessland.de\/\" target=\"_blank\" rel=\"noopener\">karinahessland.de<\/a><\/p>\n<p>\t\t<strong>\u00a9 Freistil Sportmodels<\/strong><br \/>\n\t\t<a href=\"https:\/\/freistilmodels.de\/\" target=\"_blank\" rel=\"noopener\">freistilmodels.de<\/a><\/p>\n<p>\t\t<strong>\u00a9 Dustin Paczulla<\/strong><br \/>\n\t\t<a href=\"https:\/\/xtranews.de\/\" target=\"_blank\" rel=\"noopener\">xtranews.de<\/a><\/p>\n<p>\t\t<strong>\u00a9 Calogero German\u00e0<\/strong><\/p>\n<p>\t\t<strong>\u00a9 Michael Krygalla<\/strong><\/p>\n<p>\t\t<strong>\u00a9 Rainer Maassen<\/strong><\/p>\n<p>\t\t<strong>\u00a9 Peter Kogoj<\/strong><\/p>\n<p>\t\t<strong>\u00a9 Selma D\u00fcndorf<\/strong><\/p>\n<p>\t\t<strong>\u00a9 Peter Schwaab<\/strong><\/p>\n<p>\t\t<strong>\u00a9 Y\u00fcksel Derino\u011flu<\/strong><\/p>\n<p>\t\t<strong>\u00a9 Ya\u015far Atakan<\/strong><\/p>\n<p>\t\t<strong>\u00a9 Matthias Krug<\/strong><\/p>\n<p>\t\t<strong>\u00a9 Sandra Schmitt<\/strong><\/p>\n<p>\t\t<strong>\u00a9 Carsten Meier Fotografie<\/strong><\/p>\n<p>\t\t<strong>\u00a9 Louis Fortune<\/strong><\/p>\n<p>\t\t<strong>\u00a9 Michael Schneider<\/strong><\/p>\n<p>\t\t<strong>\u00a9 Philip Keustens<\/strong><\/p>\n<p>\t\t<strong>\u00a9 Stefan Dybius<\/strong><\/p>\n<p>\t\t<strong>\u00a9 Baran Eskici<\/strong>\t\t<\/p>\n<p>\t\t<strong>\u00a9 Tina M\u00fcller<\/strong><\/p>\n<p>\t\t<strong>\u00a9 Jack McDeen College Photography<\/strong><\/p>\n<\/p>\n<\/div>\n<div class=\"blank100\"><\/div>\n<div class=\"blank30\" id=\"#resources-footballers\"><\/div>\n<div class=\"aex-box-imprint special-post\">\n<h2 data-aos=\"flip-right\" data-aos-duration=\"2000\">02. | Fussballspieler<\/h2>\n<p>Bilder, Videos, Medien und Werke wurden f\u00fcr \u00abMen of Football\u00bb von diesen Fussballspielern zur Verf\u00fcgung gestellt. \u00abMen of Football\u00bb bedankt sich vielmals bei diesen Spielern f\u00fcr deren freundliche Genehmigung.<\/p>\n<p>\t\tIm Folgenden werden die Namen der Spieler detailliert aufgelistet:<\/p>\n<p>\t\t<strong>\u00a9 Marcel Haris Avdic<\/strong><\/p>\n<p>\t\t<strong>\u00a9 Emir Bajrami<\/strong><\/p>\n<p>\t\t<strong>\u00a9 Orkan Balkan<\/strong><\/p>\n<p>\t\t<strong>\u00a9 Tuna Bayrak<\/strong><\/p>\n<p>\t\t<strong>\u00a9 Bilal \u00c7al\u0131\u015fkan<\/strong><\/p>\n<p>\t\t<strong>\u00a9 Birol \u00c7ubuk\u00e7u<\/strong><\/p>\n<p>\t\t<strong>\u00a9 Volkan Dikmen<\/strong><\/p>\n<p>\t\t<strong>\u00a9 Daniel Franziskus<\/strong><\/p>\n<p>\t\t<strong>\u00a9 Pascal Gos<\/strong><\/p>\n<p>\t\t<strong>\u00a9 Bastian G\u00f6rrissen<\/strong><\/p>\n<p>\t\t<strong>\u00a9 G\u00f6khan G\u00fcm\u00fc\u015fsu<\/strong><\/p>\n<p>\t\t<strong>\u00a9 Clement Halet<\/strong><\/p>\n<p>\t\t<strong>\u00a9 Simon Handle<\/strong><\/p>\n<p>\t\t<strong>\u00a9 Patrick H\u00e4ntschke<\/strong><\/p>\n<p>\t\t<strong>\u00a9 Bastian Henning<\/strong><\/p>\n<p>\t\t<strong>\u00a9 Florian Horn<\/strong><\/p>\n<p>\t\t<strong>\u00a9 Ideal Iberdemaj<\/strong><\/p>\n<p>\t\t<strong>\u00a9 Dirk Jasmund<\/strong><\/p>\n<p>\t\t<strong>\u00a9 S\u00fcleyman Kapan<\/strong><\/p>\n<p>\t\t<strong>\u00a9 Abdullah Kara\u00e7orluo\u011flu<\/strong><\/p>\n<p>\t\t<strong>\u00a9 Benjamin Kauffmann<\/strong><\/p>\n<p>\t\t<strong>\u00a9 Ya\u015far Kaya<\/strong><\/p>\n<p>\t\t<strong>\u00a9 Lukas Kierdorf<\/strong><\/p>\n<p>\t\t<strong>\u00a9 Oliver Kragl<\/strong><\/p>\n<p>\t\t<strong>\u00a9 Burak Mentes<\/strong><\/p>\n<p>\t\t<strong>\u00a9 Lukas Mitterhofer<\/strong><\/p>\n<p>\t\t<strong>\u00a9 Eldin Muharemi<\/strong><\/p>\n<p>\t\t<strong>\u00a9 Till M\u00fcller<\/strong><\/p>\n<p>\t\t<strong>\u00a9 Baco Nikolic<\/strong><\/p>\n<p>\t\t<strong>\u00a9 Stefan Nikolic<\/strong><\/p>\n<p>\t\t<strong>\u00a9 \u00dcmit Nuredini<\/strong><\/p>\n<p>\t\t<strong>\u00a9 Philipp Pentke<\/strong><\/p>\n<p>\t\t<strong>\u00a9 Ronny Philp<\/strong><\/p>\n<p>\t\t<strong>\u00a9 Edin Sancaktar<\/strong><\/p>\n<p>\t\t<strong>\u00a9 Danny Sandhaas<\/strong><\/p>\n<p>\t\t<strong>\u00a9 An\u0131l Sarak<\/strong><\/p>\n<p>\t\t<strong>\u00a9 Toni Saric<\/strong><\/p>\n<p>\t\t<strong>\u00a9 Christian Schlauri<\/strong><\/p>\n<p>\t\t<strong>\u00a9 Rico Schmider<\/strong><\/p>\n<p>\t\t<strong>\u00a9 Tony Schmidt<\/strong><\/p>\n<p>\t\t<strong>\u00a9 Adem Selmani<\/strong><\/p>\n<p>\t\t<strong>\u00a9 Tino Semmer<\/strong><\/p>\n<p>\t\t<strong>\u00a9 Thomas Str\u00f6hl<\/strong><\/p>\n<p>\t\t<strong>\u00a9 Ingomar Szabo<\/strong><\/p>\n<p>\t\t<strong>\u00a9 Yannic Thiel<\/strong><\/p>\n<p>\t\t<strong>\u00a9 Suat Tokat<\/strong><\/p>\n<p>\t\t<strong>\u00a9 Nikola Trkulja<\/strong><\/p>\n<p>\t\t<strong>\u00a9 Matias Vitkieviez<\/strong><\/p>\n<p>\t\t<strong>\u00a9 Sebastian Vogl<\/strong><\/p>\n<p>\t\t<strong>\u00a9 Eray Y\u0131ld\u0131r\u0131m<\/strong><\/p>\n<\/p>\n<\/div>\n<div class=\"blank100\"><\/div>\n<div class=\"aex-box-imprint special-post\">\n<h3 data-aos=\"fade-left\" data-aos-duration=\"2000\">Information<\/h3>\n<p>Letzte Aktualisierung:<br \/>\n\t\tD\u00fcsseldorf, den 09. August 2023<\/p>\n<p>\t\tBei Missverst\u00e4ndnissen, \u00dcbersetzungsfehlern oder Ungereimtheiten,<br \/>\n\t\that dieses Urheberverzeichnis nur in seiner deutschen Fassung seine G\u00fcltigkeit.<\/p>\n<\/p>\n<\/div>\n<\/div>\n","protected":false},"excerpt":{"rendered":"<p>F\u00fcr dieses Kunstprojekt arbeitet \u00abMen of Football\u00bb mit professionellen Fussballspielern und Fotografen zusammen. Im Folgenden werden die Namen der Fotografen und Fussballspieler aufgelistet, von denen die Bilder f\u00fcr dieses Kunstprojekt stammen und des Weiteren m\u00f6chte sich \u00abMen of Football\u00bb bei diesen herzlichst f\u00fcr die gute Zusammenarbeit bedanken, weil ohne diese Kooperation dieses Projekt in dieser [&hellip;]<\/p>\n","protected":false},"author":1,"featured_media":0,"parent":0,"menu_order":0,"comment_status":"closed","ping_status":"closed","template":"","meta":{"footnotes":""},"class_list":["post-48","page","type-page","status-publish","hentry"],"translation":{"provider":"WPGlobus","version":"3.0.2","language":"tr","enabled_languages":["de","tr","en","es","br","fr","it","ar","ru","zh","ko","hi","ja"],"languages":{"de":{"title":true,"content":true,"excerpt":false},"tr":{"title":true,"content":false,"excerpt":false},"en":{"title":true,"content":false,"excerpt":false},"es":{"title":true,"content":false,"excerpt":false},"br":{"title":true,"content":false,"excerpt":false},"fr":{"title":true,"content":false,"excerpt":false},"it":{"title":true,"content":false,"excerpt":false},"ar":{"title":true,"content":false,"excerpt":false},"ru":{"title":true,"content":false,"excerpt":false},"zh":{"title":true,"content":false,"excerpt":false},"ko":{"title":true,"content":false,"excerpt":false},"hi":{"title":true,"content":false,"excerpt":false},"ja":{"title":true,"content":false,"excerpt":false}}},"_links":{"self":[{"href":"https:\/\/menoffootball.com\/tr\/wp-json\/wp\/v2\/pages\/48","targetHints":{"allow":["GET"]}}],"collection":[{"href":"https:\/\/menoffootball.com\/tr\/wp-json\/wp\/v2\/pages"}],"about":[{"href":"https:\/\/menoffootball.com\/tr\/wp-json\/wp\/v2\/types\/page"}],"author":[{"embeddable":true,"href":"https:\/\/menoffootball.com\/tr\/wp-json\/wp\/v2\/users\/1"}],"replies":[{"embeddable":true,"href":"https:\/\/menoffootball.com\/tr\/wp-json\/wp\/v2\/comments?post=48"}],"version-history":[{"count":0,"href":"https:\/\/menoffootball.com\/tr\/wp-json\/wp\/v2\/pages\/48\/revisions"}],"wp:attachment":[{"href":"https:\/\/menoffootball.com\/tr\/wp-json\/wp\/v2\/media?parent=48"}],"curies":[{"name":"wp","href":"https:\/\/api.w.org\/{rel}","templated":true}]}}