{"id":482,"date":"2023-08-24T09:16:04","date_gmt":"2023-08-24T07:16:04","guid":{"rendered":"https:\/\/menoffootball.com\/?page_id=482"},"modified":"2023-08-24T21:37:53","modified_gmt":"2023-08-24T19:37:53","slug":"usa","status":"publish","type":"page","link":"https:\/\/menoffootball.com\/tr\/live\/usa\/","title":{"rendered":"ABD"},"content":{"rendered":"<div class=\"aex-wrapper\">\n<div class=\"aex-box-entry\">\n<p class=\"aex-p-intro\">Amerikan futbolunda g\u00fcncel sonu\u00e7lar, mevcut sezonun puanlar\u0131 ve golleri bir bak\u0131\u015fta. Canl\u0131.<\/p>\n<p class=\"aex-p-claim\">MLS | Major League Soccer<br \/>\n\t\tABD<br \/>\n\t\tAmerika<\/p>\n<div class=\"blank20\"><\/div>\n<div class=\"aex-imprint-table\">\n<div class=\"aex-imprint-table\">\n<div class=\"aex-imprint-table-left\">01. | <\/div>\n<div class=\"aex-imprint-table-right\"><a class=\"aex-imprint-link-title\" href=\"#current-results\" target=\"_self\" title=\"Sonu\u00e7lar\">Sonu\u00e7lar<\/a><\/div>\n<\/p><\/div>\n<div class=\"aex-imprint-table\">\n<div class=\"aex-imprint-table-left\">02. | <\/div>\n<div class=\"aex-imprint-table-right\"><a class=\"aex-imprint-link-title\" href=\"#current-points\" target=\"_self\" title=\"Puanlar\">Puanlar<\/a><\/div>\n<\/p><\/div>\n<div class=\"aex-imprint-table\">\n<div class=\"aex-imprint-table-left\">03. | <\/div>\n<div class=\"aex-imprint-table-right\"><a class=\"aex-imprint-link-title\" href=\"#current-matches\" target=\"_self\" title=\"Ma\u00e7 takvimi\">Ma\u00e7 takvimi<\/a><\/div>\n<\/p><\/div>\n<\/p><\/div>\n<\/p><\/div>\n<div class=\"blank100\"><\/div>\n<div  id=\"current-results\" class=\"aex-box-entry\">\n<h4 data-aos=\"flip-right\" data-aos-duration=\"1500\">G\u00fcncel sonu\u00e7lar<\/h4>\n<p>\t\t\u0130\u00e7inde bulundu\u011fumuz sezonun g\u00fcncel sonu\u00e7lar\u0131, ma\u00e7lar\u0131 ve golleri. G\u00fcncel skor.<\/p>\n<div class=\"blank20\"><\/div>\n<p>\t\t[soccer-info id=&#8221;512&#8243; type=&#8221;results&#8221;]\n<div class=\"blank20\"><\/div>\n<p class=\"aex-p-disclaimer\">T\u00fcm veriler garantisizdir | Berlin 06:19\n<\/p><\/div>\n<div class=\"blank100\"><\/div>\n<div id=\"current-points\" class=\"aex-box-entry\">\n<h4 data-aos=\"flip-right\" data-aos-duration=\"1500\">G\u00fcncel puanlar<\/h4>\n<p>\t\tG\u00fcncel puanlar, ma\u00e7lar ve di\u011fer sonu\u00e7lar bir bak\u0131\u015fta. Galibiyetler ve ma\u011flubiyetler. <\/p>\n<div class=\"blank20\"><\/div>\n<p>\t\t[soccer-info id=&#8221;512&#8243; type=&#8221;table&#8221;]\n<div class=\"blank20\"><\/div>\n<p class=\"aex-p-disclaimer\">T\u00fcm veriler garantisizdir | Berlin 06:19\n<p class=\"aex-p-disclaimer-legend\"><font style=\"color:black;\">#<\/font>&nbsp;&nbsp;&nbsp;S\u0131ralama<br \/>\n\t\t<font style=\"color:black;\">Mannschaft<\/font>&nbsp;&nbsp;&nbsp;Tak\u0131m<br \/>\n\t\t<font style=\"color:black;\">Spiele<\/font>&nbsp;&nbsp;&nbsp;Tamamlanan oyunlar<br \/>\n\t\t<font style=\"color:black;\">S<\/font>&nbsp;&nbsp;&nbsp;Galibiyetler<br \/>\n\t\t<font style=\"color:black;\">U<\/font>&nbsp;&nbsp;&nbsp;Beraberlikler<br \/>\n\t\t<font style=\"color:black;\">N<\/font>&nbsp;&nbsp;&nbsp;Ma\u011flubiyetler<br \/>\n\t\t<font style=\"color:black;\">T<\/font>&nbsp;&nbsp;&nbsp;Goller<br \/>\n\t\t<font style=\"color:black;\">GT<\/font>&nbsp;&nbsp;&nbsp;Kar\u015f\u0131 goller<br \/>\n\t\t<font style=\"color:black;\">TD<\/font>&nbsp;&nbsp;&nbsp;Gol fark\u0131<br \/>\n\t\t<font style=\"color:black;\">P<\/font>&nbsp;&nbsp;&nbsp;Puanlar<\/p>\n<\/p><\/div>\n<div class=\"blank100\"><\/div>\n<div id=\"current-matches\" class=\"aex-box-entry\">\n<h4 data-aos=\"flip-right\" data-aos-duration=\"1500\">G\u00fcncel ma\u00e7 takvimi<\/h4>\n<p>\t\t\u00d6n\u00fcm\u00fczdeki g\u00fcnler i\u00e7in g\u00fcncel ma\u00e7 takvimi. Ma\u00e7 g\u00fcnleri, tarihleri ve ma\u00e7lar.<\/p>\n<div class=\"blank20\"><\/div>\n<p>\t\t[soccer-info id=&#8221;512&#8243; type=&#8221;fixtures&#8221;]\t\t<\/p>\n<div class=\"blank20\"><\/div>\n<p class=\"aex-p-disclaimer\">T\u00fcm veriler garantisizdir | Berlin 06:19\n<\/p><\/div>\n<div class=\"blank100\"><\/div>\n<div class=\"aex-box-entry\">\n\t\t<a href=\"https:\/\/menoffootball.com\/tr\/live\/usa\/\" target=\"_self\" title=\"ABD'de futbol sonu\u00e7lar\u0131\"><\/p>\n<p class=\"aex-p-worldwide-copyright\">Men of Football<\/p>\n<p><\/a><\/p>\n<p class=\"aex-p-worldwide\">G\u00fcncel sonu\u00e7lar ve uluslararas\u0131 ligler<\/p>\n<div class=\"aex-box-flags-live\" data-aos=\"zoom-in\" data-aos-duration=\"1100\">\n\t\t\t<a href=\"https:\/\/menoffootball.com\/tr\/live\/argentina\/\" target=\"_self\" title=\"Arjantin\"><img decoding=\"async\" class=\"aex-flags-live\" data-aos=\"flip-left\" data-aos-duration=\"1100\" src=\"https:\/\/menoffootball.com\/com\/images\/flags\/img-ag.png\" alt=\"Arjantin\"><\/a><a href=\"https:\/\/menoffootball.com\/tr\/live\/australia\/\" target=\"_self\" title=\"Avustralya\"><img decoding=\"async\" class=\"aex-flags-live\" data-aos=\"flip-left\" data-aos-duration=\"1200\" src=\"https:\/\/menoffootball.com\/com\/images\/flags\/img-au.png\" alt=\"Avustralya\"><\/a><a href=\"https:\/\/menoffootball.com\/tr\/live\/austria\/\" target=\"_self\" title=\"Avusturya\"><img decoding=\"async\" class=\"aex-flags-live\" data-aos=\"flip-left\" data-aos-duration=\"1300\" src=\"https:\/\/menoffootball.com\/com\/images\/flags\/img-at.png\" alt=\"Avusturya\"><\/a><a href=\"https:\/\/menoffootball.com\/tr\/live\/belgium\/\" target=\"_self\" title=\"Bel\u00e7ika\"><img decoding=\"async\" class=\"aex-flags-live\" data-aos=\"flip-left\" data-aos-duration=\"1400\" src=\"https:\/\/menoffootball.com\/com\/images\/flags\/img-be.png\" alt=\"Bel\u00e7ika\"><\/a><a href=\"https:\/\/menoffootball.com\/tr\/live\/bosnia-herzegovina\/\" target=\"_self\" title=\"Bosna-Hersek\"><img decoding=\"async\" class=\"aex-flags-live\" data-aos=\"flip-right\" data-aos-duration=\"1500\" src=\"https:\/\/menoffootball.com\/com\/images\/flags\/img-ba.png\" alt=\"Bosna-Hersek\"><\/a><a href=\"https:\/\/menoffootball.com\/tr\/live\/brazil\/\" target=\"_self\" title=\"Brezilya\"><img decoding=\"async\" class=\"aex-flags-live\" data-aos=\"flip-right\" data-aos-duration=\"1600\" src=\"https:\/\/menoffootball.com\/com\/images\/flags\/img-br.png\" alt=\"Brezilya\"><\/a><a href=\"https:\/\/menoffootball.com\/tr\/live\/china\/\" target=\"_self\" title=\"\u00c7in\"><img decoding=\"async\" class=\"aex-flags-live\" data-aos=\"flip-right\" data-aos-duration=\"1700\" src=\"https:\/\/menoffootball.com\/com\/images\/flags\/img-zh.png\" alt=\"\u00c7in\"><\/a><a href=\"https:\/\/menoffootball.com\/tr\/live\/czech-republic\/\" target=\"_self\" title=\"\u00c7ek Cumhuriyeti\"><img decoding=\"async\" class=\"aex-flags-live\" data-aos=\"flip-right\" data-aos-duration=\"1800\" src=\"https:\/\/menoffootball.com\/com\/images\/flags\/img-cz.png\" alt=\"\u00c7ek Cumhuriyeti\"><\/a>\n\t\t<\/div>\n<div class=\"aex-box-flags-live\" data-aos=\"zoom-in\" data-aos-duration=\"1400\">\n\t\t\t<a href=\"https:\/\/menoffootball.com\/tr\/live\/denmark\/\" target=\"_self\" title=\"Danimarka\"><img decoding=\"async\" class=\"aex-flags-live\" data-aos=\"flip-left\" data-aos-duration=\"1400\" src=\"https:\/\/menoffootball.com\/com\/images\/flags\/img-dk.png\" alt=\"Danimarka\"><\/a><a href=\"https:\/\/menoffootball.com\/tr\/live\/germany\/\" target=\"_self\" title=\"Almanya\"><img decoding=\"async\" class=\"aex-flags-live\" data-aos=\"flip-left\" data-aos-duration=\"1500\" src=\"https:\/\/menoffootball.com\/com\/images\/flags\/img-de.png\" alt=\"Almanya\"><\/a><a href=\"https:\/\/menoffootball.com\/tr\/live\/europe\/\" target=\"_self\" title=\"Avrupa\"><img decoding=\"async\" class=\"aex-flags-live\" data-aos=\"flip-left\" data-aos-duration=\"1600\" src=\"https:\/\/menoffootball.com\/com\/images\/flags\/img-eu.png\" alt=\"Avrupa\"><\/a><a href=\"https:\/\/menoffootball.com\/tr\/live\/finland\/\" target=\"_self\" title=\"Finlandiya\"><img decoding=\"async\" class=\"aex-flags-live\" data-aos=\"flip-left\" data-aos-duration=\"1700\" src=\"https:\/\/menoffootball.com\/com\/images\/flags\/img-fi.png\" alt=\"Finlandiya\"><\/a><a href=\"https:\/\/menoffootball.com\/tr\/live\/france\/\" target=\"_self\" title=\"Fransa\"><img decoding=\"async\" class=\"aex-flags-live\" data-aos=\"flip-right\" data-aos-duration=\"1800\" src=\"https:\/\/menoffootball.com\/com\/images\/flags\/img-fr.png\" alt=\"Fransa\"><\/a><a href=\"https:\/\/menoffootball.com\/tr\/live\/greece\/\" target=\"_self\" title=\"Yunanistan\"><img decoding=\"async\" class=\"aex-flags-live\" data-aos=\"flip-right\" data-aos-duration=\"1900\" src=\"https:\/\/menoffootball.com\/com\/images\/flags\/img-gr.png\" alt=\"Yunanistan\"><\/a><a href=\"https:\/\/menoffootball.com\/tr\/live\/hungary\/\" target=\"_self\" title=\"Macaristan\"><img decoding=\"async\" class=\"aex-flags-live\" data-aos=\"flip-right\" data-aos-duration=\"2000\" src=\"https:\/\/menoffootball.com\/com\/images\/flags\/img-hu.png\" alt=\"Macaristan\"><\/a><a href=\"https:\/\/menoffootball.com\/tr\/live\/india\/\" target=\"_self\" title=\"Hindistan\"><img decoding=\"async\" class=\"aex-flags-live\" data-aos=\"flip-right\" data-aos-duration=\"2100\" src=\"https:\/\/menoffootball.com\/com\/images\/flags\/img-in.png\" alt=\"Hindistan\"><\/a>\n\t\t<\/div>\n<div class=\"aex-box-flags-live\" data-aos=\"zoom-in\" data-aos-duration=\"1700\">\n\t\t\t<a href=\"https:\/\/menoffootball.com\/tr\/live\/ireland\/\" target=\"_self\" title=\"\u0130rlanda\"><img decoding=\"async\" class=\"aex-flags-live\" data-aos=\"flip-left\" data-aos-duration=\"1700\" src=\"https:\/\/menoffootball.com\/com\/images\/flags\/img-ie.png\" alt=\"\u0130rlanda\"><\/a><a href=\"https:\/\/menoffootball.com\/tr\/live\/israel\/\" target=\"_self\" title=\"\u0130srail\"><img decoding=\"async\" class=\"aex-flags-live\" data-aos=\"flip-left\" data-aos-duration=\"1800\" src=\"https:\/\/menoffootball.com\/com\/images\/flags\/img-is.png\" alt=\"\u0130srail\"><\/a><a href=\"https:\/\/menoffootball.com\/tr\/live\/italy\/\" target=\"_self\" title=\"\u0130talya\"><img decoding=\"async\" class=\"aex-flags-live\" data-aos=\"flip-left\" data-aos-duration=\"1900\" src=\"https:\/\/menoffootball.com\/com\/images\/flags\/img-it.png\" alt=\"\u0130talya\"><\/a><a href=\"https:\/\/menoffootball.com\/tr\/live\/japan\/\" target=\"_self\" title=\"Japonya\"><img decoding=\"async\" class=\"aex-flags-live\" data-aos=\"flip-left\" data-aos-duration=\"2000\" src=\"https:\/\/menoffootball.com\/com\/images\/flags\/img-jp.png\" alt=\"Japonya\"><\/a><a href=\"https:\/\/menoffootball.com\/tr\/live\/canada\/\" target=\"_self\" title=\"Kanada\"><img decoding=\"async\" class=\"aex-flags-live\" data-aos=\"flip-right\" data-aos-duration=\"2100\" src=\"https:\/\/menoffootball.com\/com\/images\/flags\/img-ca.png\" alt=\"Kanada\"><\/a><a href=\"https:\/\/menoffootball.com\/tr\/live\/lebanon\/\" target=\"_self\" title=\"L\u00fcbnan\"><img decoding=\"async\" class=\"aex-flags-live\" data-aos=\"flip-right\" data-aos-duration=\"2200\" src=\"https:\/\/menoffootball.com\/com\/images\/flags\/img-lb.png\" alt=\"L\u00fcbnan\"><\/a><a href=\"https:\/\/menoffootball.com\/tr\/live\/italy\/\" target=\"_self\" title=\"Meksika\"><img decoding=\"async\" class=\"aex-flags-live\" data-aos=\"flip-right\" data-aos-duration=\"2300\" src=\"https:\/\/menoffootball.com\/com\/images\/flags\/img-mx.png\" alt=\"Meksika\"><\/a><a href=\"https:\/\/menoffootball.com\/tr\/live\/netherlands\/\" target=\"_self\" title=\"Hollanda\"><img decoding=\"async\" class=\"aex-flags-live\" data-aos=\"flip-right\" data-aos-duration=\"2400\" src=\"https:\/\/menoffootball.com\/com\/images\/flags\/img-nl.png\" alt=\"Hollanda\"><\/a>\n\t\t<\/div>\n<div class=\"aex-box-flags-live\" data-aos=\"zoom-in\" data-aos-duration=\"2000\">\n\t\t\t<a href=\"https:\/\/menoffootball.com\/tr\/live\/new-zealand\/\" target=\"_self\" title=\"Yeni Zelanda\"><img decoding=\"async\" class=\"aex-flags-live\" data-aos=\"flip-left\" data-aos-duration=\"2000\" src=\"https:\/\/menoffootball.com\/com\/images\/flags\/img-nz.png\" alt=\"Yeni Zelanda\"><\/a><a href=\"https:\/\/menoffootball.com\/tr\/live\/norway\/\" target=\"_self\" title=\"Norve\u00e7\"><img decoding=\"async\" class=\"aex-flags-live\" data-aos=\"flip-left\" data-aos-duration=\"2100\" src=\"https:\/\/menoffootball.com\/com\/images\/flags\/img-no.png\" alt=\"Norve\u00e7\"><\/a><a href=\"https:\/\/menoffootball.com\/tr\/live\/portugal\/\" target=\"_self\" title=\"Portekiz\"><img decoding=\"async\" class=\"aex-flags-live\" data-aos=\"flip-left\" data-aos-duration=\"2200\" src=\"https:\/\/menoffootball.com\/com\/images\/flags\/img-pt.png\" alt=\"Portekiz\"><\/a><a href=\"https:\/\/menoffootball.com\/tr\/live\/russia\/\" target=\"_self\" title=\"Rusya\"><img decoding=\"async\" class=\"aex-flags-live\" data-aos=\"flip-left\" data-aos-duration=\"2300\" src=\"https:\/\/menoffootball.com\/com\/images\/flags\/img-ru.png\" alt=\"Rusya\"><\/a><a href=\"https:\/\/menoffootball.com\/tr\/live\/saudi-arabia\/\" target=\"_self\" title=\"Suudi Arabistan\"><img decoding=\"async\" class=\"aex-flags-live\" data-aos=\"flip-right\" data-aos-duration=\"2400\" src=\"https:\/\/menoffootball.com\/com\/images\/flags\/img-sa.png\" alt=\"Suudi Arabistan\"><\/a><a href=\"https:\/\/menoffootball.com\/tr\/live\/serbia\/\" target=\"_self\" title=\"S\u0131rbistan\"><img decoding=\"async\" class=\"aex-flags-live\" data-aos=\"flip-right\" data-aos-duration=\"2500\" src=\"https:\/\/menoffootball.com\/com\/images\/flags\/img-sr.png\" alt=\"S\u0131rbistan\"><\/a><a href=\"https:\/\/menoffootball.com\/tr\/live\/slovakia\/\" target=\"_self\" title=\"Slovakya\"><img decoding=\"async\" class=\"aex-flags-live\" data-aos=\"flip-right\" data-aos-duration=\"2600\" src=\"https:\/\/menoffootball.com\/com\/images\/flags\/img-sk.png\" alt=\"Slovakya\"><\/a><a href=\"https:\/\/menoffootball.com\/tr\/live\/slovenia\/\" target=\"_self\" title=\"Slovenya\"><img decoding=\"async\" class=\"aex-flags-live\" data-aos=\"flip-right\" data-aos-duration=\"2700\" src=\"https:\/\/menoffootball.com\/com\/images\/flags\/img-si.png\" alt=\"Slovenya\"><\/a>\n\t\t<\/div>\n<div class=\"aex-box-flags-live\" data-aos=\"zoom-in\" data-aos-duration=\"2300\">\n\t\t\t<a href=\"https:\/\/menoffootball.com\/tr\/live\/south-africa\/\" target=\"_self\" title=\"G\u00fcney Afrika\"><img decoding=\"async\" class=\"aex-flags-live\" data-aos=\"flip-left\" data-aos-duration=\"2300\" src=\"https:\/\/menoffootball.com\/com\/images\/flags\/img-za.png\" alt=\"G\u00fcney Afrika\"><\/a><a href=\"https:\/\/menoffootball.com\/tr\/live\/south-korea\/\" target=\"_self\" title=\"G\u00fcney Kore\"><img decoding=\"async\" class=\"aex-flags-live\" data-aos=\"flip-left\" data-aos-duration=\"2400\" src=\"https:\/\/menoffootball.com\/com\/images\/flags\/img-ko.png\" alt=\"G\u00fcney Kore\"><\/a><a href=\"https:\/\/menoffootball.com\/tr\/live\/spain\/\" target=\"_self\" title=\"\u0130spanya\"><img decoding=\"async\" class=\"aex-flags-live\" data-aos=\"flip-left\" data-aos-duration=\"2500\" src=\"https:\/\/menoffootball.com\/com\/images\/flags\/img-es.png\" alt=\"\u0130spanya\"><\/a><a href=\"https:\/\/menoffootball.com\/tr\/live\/sweden\/\" target=\"_self\" title=\"\u0130sve\u00e7\"><img decoding=\"async\" class=\"aex-flags-live\" data-aos=\"flip-left\" data-aos-duration=\"2600\" src=\"https:\/\/menoffootball.com\/com\/images\/flags\/img-se.png\" alt=\"\u0130sve\u00e7\"><\/a><a href=\"https:\/\/menoffootball.com\/tr\/live\/switzerland\/\" target=\"_self\" title=\"\u0130svi\u00e7re\"><img decoding=\"async\" class=\"aex-flags-live\" data-aos=\"flip-right\" data-aos-duration=\"2700\" src=\"https:\/\/menoffootball.com\/com\/images\/flags\/img-ch.png\" alt=\"\u0130svi\u00e7re\"><\/a><a href=\"https:\/\/menoffootball.com\/tr\/live\/turkiye\/\" target=\"_self\" title=\"T\u00fcrkiye\"><img decoding=\"async\" class=\"aex-flags-live\" data-aos=\"flip-right\" data-aos-duration=\"2800\" src=\"https:\/\/menoffootball.com\/com\/images\/flags\/img-tr.png\" alt=\"T\u00fcrkiye\"><\/a><a href=\"https:\/\/menoffootball.com\/tr\/live\/uk\/\" target=\"_self\" title=\"Birle\u015fik Krall\u0131k\"><img decoding=\"async\" class=\"aex-flags-live\" data-aos=\"flip-right\" data-aos-duration=\"2900\" src=\"https:\/\/menoffootball.com\/com\/images\/flags\/img-uk.png\" alt=\"Birle\u015fik Krall\u0131k\"><\/a><a href=\"https:\/\/menoffootball.com\/tr\/live\/usa\/\" target=\"_self\" title=\"Amerika Birle\u015fik Devletleri\"><img decoding=\"async\" class=\"aex-flags-live\" data-aos=\"flip-right\" data-aos-duration=\"3000\" src=\"https:\/\/menoffootball.com\/com\/images\/flags\/img-us.png\" alt=\"Amerika Birle\u015fik Devletleri\"><\/a>\n\t\t<\/div>\n<\/p><\/div>\n<\/div>\n","protected":false},"excerpt":{"rendered":"<p>Amerikan futbolunda g\u00fcncel sonu\u00e7lar, mevcut sezonun puanlar\u0131 ve golleri bir bak\u0131\u015fta. Canl\u0131. MLS | Major League Soccer ABD Amerika 01. | Sonu\u00e7lar 02. | Puanlar 03. | Ma\u00e7 takvimi G\u00fcncel sonu\u00e7lar \u0130\u00e7inde bulundu\u011fumuz sezonun g\u00fcncel sonu\u00e7lar\u0131, ma\u00e7lar\u0131 ve golleri. G\u00fcncel skor. [soccer-info id=&#8221;512&#8243; type=&#8221;results&#8221;] T\u00fcm veriler garantisizdir | Berlin G\u00fcncel puanlar G\u00fcncel puanlar, ma\u00e7lar ve [&hellip;]<\/p>\n","protected":false},"author":1,"featured_media":190,"parent":358,"menu_order":0,"comment_status":"closed","ping_status":"closed","template":"","meta":{"footnotes":""},"class_list":["post-482","page","type-page","status-publish","has-post-thumbnail","hentry"],"translation":{"provider":"WPGlobus","version":"3.0.2","language":"tr","enabled_languages":["de","tr","en","es","br","fr","it","ar","ru","zh","ko","hi","ja"],"languages":{"de":{"title":true,"content":true,"excerpt":false},"tr":{"title":true,"content":true,"excerpt":false},"en":{"title":true,"content":true,"excerpt":false},"es":{"title":true,"content":true,"excerpt":false},"br":{"title":true,"content":true,"excerpt":false},"fr":{"title":true,"content":true,"excerpt":false},"it":{"title":true,"content":true,"excerpt":false},"ar":{"title":true,"content":true,"excerpt":false},"ru":{"title":true,"content":true,"excerpt":false},"zh":{"title":true,"content":true,"excerpt":false},"ko":{"title":true,"content":true,"excerpt":false},"hi":{"title":true,"content":true,"excerpt":false},"ja":{"title":true,"content":true,"excerpt":false}}},"_links":{"self":[{"href":"https:\/\/menoffootball.com\/tr\/wp-json\/wp\/v2\/pages\/482","targetHints":{"allow":["GET"]}}],"collection":[{"href":"https:\/\/menoffootball.com\/tr\/wp-json\/wp\/v2\/pages"}],"about":[{"href":"https:\/\/menoffootball.com\/tr\/wp-json\/wp\/v2\/types\/page"}],"author":[{"embeddable":true,"href":"https:\/\/menoffootball.com\/tr\/wp-json\/wp\/v2\/users\/1"}],"replies":[{"embeddable":true,"href":"https:\/\/menoffootball.com\/tr\/wp-json\/wp\/v2\/comments?post=482"}],"version-history":[{"count":0,"href":"https:\/\/menoffootball.com\/tr\/wp-json\/wp\/v2\/pages\/482\/revisions"}],"up":[{"embeddable":true,"href":"https:\/\/menoffootball.com\/tr\/wp-json\/wp\/v2\/pages\/358"}],"wp:featuredmedia":[{"embeddable":true,"href":"https:\/\/menoffootball.com\/tr\/wp-json\/wp\/v2\/media\/190"}],"wp:attachment":[{"href":"https:\/\/menoffootball.com\/tr\/wp-json\/wp\/v2\/media?parent=482"}],"curies":[{"name":"wp","href":"https:\/\/api.w.org\/{rel}","templated":true}]}}